{"id":5361,"date":"2012-04-17T15:58:12","date_gmt":"2012-04-17T15:58:12","guid":{"rendered":"https:\/\/medicoweb.com\/main\/sophos-456-dddr-sophos-450-ddd\/"},"modified":"2020-02-20T09:44:40","modified_gmt":"2020-02-20T08:44:40","slug":"sophos-456-dddr-sophos-450-ddd","status":"publish","type":"page","link":"https:\/\/medicoweb.com\/main\/en\/sophos-456-dddr-sophos-450-ddd\/","title":{"rendered":"Soph\u00f2s 456 (DDDR) \u2013 Soph\u00f2s 450 (DDD)"},"content":{"rendered":"<h6 style=\"text-align: right;\"><img loading=\"lazy\" decoding=\"async\" class=\"alignleft\" style=\"border: 0px currentColor;\" src=\"..\/..\/..\/images\/pm456_450.jpg\" alt=\"sophos\" width=\"230\" height=\"180\" border=\"0\" \/>Soph\u00f2s 456 (DDDR) <a><br \/>\n<\/a><a href=\"https:\/\/medicoweb.com\/main\/en\/legenda\/\"><img loading=\"lazy\" decoding=\"async\" class=\"alignnone\" title=\"IMPEDENZA TRANS VALVOLARE \/ TRANS VALVULAR IMPEDANCE\" src=\"https:\/\/medicoweb.com\/main\/wp-content\/uploads\/tvi_icona.png\" alt=\"\" width=\"45\" height=\"28\" \/><img loading=\"lazy\" decoding=\"async\" class=\"alignnone\" title=\"STIMOLAZIONE DDD \/ DDD STIMULATION\" src=\"https:\/\/medicoweb.com\/main\/wp-content\/uploads\/ddd_icona.png\" alt=\"\" width=\"45\" height=\"28\" \/><img loading=\"lazy\" decoding=\"async\" class=\"alignnone\" title=\"TECNOLOGIA A MICROPROCESSORE \/ PROCESSOR TECHNOLOGY\" src=\"https:\/\/medicoweb.com\/main\/wp-content\/uploads\/processore_icona.png\" alt=\"\" width=\"45\" height=\"28\" \/><img loading=\"lazy\" decoding=\"async\" class=\"alignnone\" title=\"SENSORE ACCELEROMETRICO \/ ACCELEROMETRIC SENSOR\" src=\"https:\/\/medicoweb.com\/main\/wp-content\/uploads\/sensore_accelerometrico_icona.png\" alt=\"\" width=\"45\" height=\"28\" \/><\/a><\/h6>\n<h6 style=\"text-align: right;\">Soph\u00f2s 450 (DDD) <a><br \/>\n<\/a><a href=\"https:\/\/medicoweb.com\/main\/en\/legenda\/\"><img loading=\"lazy\" decoding=\"async\" class=\"alignnone\" title=\"IMPEDENZA TRANS VALVOLARE \/ TRANS VALVULAR IMPEDANCE\" src=\"https:\/\/medicoweb.com\/main\/wp-content\/uploads\/tvi_icona.png\" alt=\"\" width=\"45\" height=\"28\" \/><img loading=\"lazy\" decoding=\"async\" class=\"alignnone\" title=\"STIMOLAZIONE DDD \/ DDD STIMULATION\" src=\"https:\/\/medicoweb.com\/main\/wp-content\/uploads\/ddd_icona.png\" alt=\"\" width=\"45\" height=\"28\" \/><img loading=\"lazy\" decoding=\"async\" class=\"alignnone\" title=\"TECNOLOGIA A MICROPROCESSORE \/ PROCESSOR TECHNOLOGY\" src=\"https:\/\/medicoweb.com\/main\/wp-content\/uploads\/processore_icona.png\" alt=\"\" width=\"45\" height=\"28\" \/><\/a><\/h6>\n<p style=\"text-align: justify;\">Soph\u00f2s 456 (DDDR) and Soph\u00f2s 450 (DDD) evaluate the cardiac mechanic activity on a beat-by-beat basis by measuring cyclic fluctuations of Trans-Valvular Impedance.<\/p>\n<p style=\"text-align: justify;\">Furthermore, DR model (Soph\u00f2s 456) has an accelerometric sensor for rate modulation according to patient\u2019s chronotropic needs.<\/p>\n<p style=\"text-align: justify;\">Such characteristics, with a wide range of programmable parameters and functions, allow an effective optimization of therapy for each patient.<\/p>\n<p style=\"text-align: justify;\">In addition to all functions available in other models of Soph\u00f2s family, Sophos 456 and 450 include new special functions and useful additional features, in particular :<\/p>\n<ul>\n<li style=\"text-align: justify;\">Auto-Setting TVI <strong>for an immediate activation of TVI-correlated functions.<\/strong><\/li>\n<li style=\"text-align: justify;\">High Quality TVI waveform detection, memorization and measurement, for a long-term comparison of ventricular mechanical performance.<\/li>\n<li style=\"text-align: justify;\">Ejection check after ventricular pacing algorithm with energy trend of ventricular impulse variation.<\/li>\n<li style=\"text-align: justify;\">Ejection check after ventricular sensing, protection in case of oversensing.<\/li>\n<li style=\"text-align: justify;\"><strong>Ventricular pacing reduction with hemodynamic control thanks to TVI signal to further spontaneous atrial-ventricular conduction.<\/strong><\/li>\n<li style=\"text-align: justify;\">Automatic implant and lead polarity recognition.<\/li>\n<li style=\"text-align: justify;\">Automatic lead polarity switch<\/li>\n<li style=\"text-align: justify;\">AF Prevention: Spontaneous atrial activity suppression.<\/li>\n<li style=\"text-align: justify;\">Automatic pacing threshold analysis by TVI signal with markers and TVI visualization.<\/li>\n<\/ul>\n<p>&nbsp;<\/p>\n<p>&nbsp;<\/p>\n<h3 style=\"text-align: justify;\">Trans-Valvular Impedance TVI<\/h3>\n<p style=\"text-align: justify;\">TVI signal (Trans-Valvular Impedance) is measured between right atrium and right ventricle.<\/p>\n<p style=\"text-align: justify;\">The possibility to choose the electrodic configuration to measure signal and the auto-calibration current system in order for such detection, allow to obtain an optimal signal in every implant, also in those cases of elective pacemaker substitution.<\/p>\n<p style=\"text-align: justify;\">The sensor detects, cycle by cycle, the effective mechanical heart contraction, allowing to realize the functions of permanent ventricular ejection check with automatic adjustment of pacing energy in case of loss of capture (ejection check after ventricular pacing) and protection in case of oversensing with an automatic safety pacing in case of external interferences (ejection check after ventricular sensing).<\/p>\n<p style=\"text-align: justify;\">Furthermore, it\u2019s possible to obtain an hemodynamic monitoring of the patient, thanks to the long term storage capacity: in case of decay of hemodynamic performance an appropriate warning will be visible to the user on the programmer\u2019s screen.<\/p>\n<p>&nbsp;<\/p>\n<p>&nbsp;<\/p>\n<h3 style=\"text-align: justify;\">Diagnostic<\/h3>\n<p style=\"text-align: justify;\">Long-term monitoring of ventricular mechanics: TVI sensing provides the opportunity to monitor the mechanical performance of the hearth in acute conditions as well as in the long-term.<br \/>\nA wide diagnostic section, managed easily by programmer, allows to obtain all necessary information for an optimal pacemaker operation according to patient\u2019s requirements.<\/p>\n<p>&nbsp;<\/p>\n<p>&nbsp;<\/p>\n<hr \/>\n<p align=\"left\"><img loading=\"lazy\" decoding=\"async\" class=\" wp-image-4629 alignleft\" src=\"https:\/\/medicoweb.com\/main\/wp-content\/uploads\/icona_supporto.png\" alt=\"\" width=\"45\" height=\"45\" \/><span style=\"color: #0575d2;\"><span style=\"font-size: 10pt;\"><em>For more information or to get technical support on our products please <\/em><\/span><a title=\"Contatti\" href=\"https:\/\/medicoweb.com\/main\/en\/contacts\"><span style=\"font-size: 10pt;\"><strong>CONTACT US<\/strong> &gt;&gt;<\/span><\/a><\/span><\/p>\n<p>&nbsp;<\/p>\n<hr \/>\n<p>&nbsp;<\/p>\n<p style=\"text-align: center;\"><span style=\"text-align: center; font-size: 16px;\"> <a title=\"Products\" href=\"https:\/\/medicoweb.com\/main\/en\/products\"><strong>Products<\/strong><\/a> | <a title=\"Technology\" href=\"https:\/\/medicoweb.com\/main\/en\/technology\"><strong>Technology<\/strong><\/a> | <a title=\"Support\" href=\"https:\/\/medicoweb.com\/main\/en\/support\"><strong>Support<\/strong><\/a> | <a title=\"Contacts\" href=\"https:\/\/medicoweb.com\/main\/en\/contacts\"><strong>Contacts<\/strong><\/a><\/span><\/p>\n","protected":false},"excerpt":{"rendered":"<p>Soph\u00f2s 456 (DDDR) Soph\u00f2s 450 (DDD) Soph\u00f2s 456 (DDDR) and Soph\u00f2s 450 (DDD) evaluate the cardiac mechanic activity on a beat-by-beat basis by measuring cyclic fluctuations of Trans-Valvular Impedance. Furthermore, DR model (Soph\u00f2s 456) has an accelerometric sensor for rate&hellip; <\/p>\n","protected":false},"author":1,"featured_media":0,"parent":0,"menu_order":0,"comment_status":"closed","ping_status":"closed","template":"","meta":{"footnotes":""},"class_list":["post-5361","page","type-page","status-publish","hentry"],"yoast_head":"<!-- This site is optimized with the Yoast SEO plugin v24.0 - https:\/\/yoast.com\/wordpress\/plugins\/seo\/ -->\n<title>Soph\u00f2s 456 (DDDR) \u2013 Soph\u00f2s 450 (DDD) - MEDICO S.R.L.<\/title>\n<meta name=\"robots\" content=\"index, follow, max-snippet:-1, max-image-preview:large, max-video-preview:-1\" \/>\n<link rel=\"canonical\" href=\"https:\/\/medicoweb.com\/main\/en\/sophos-456-dddr-sophos-450-ddd\/\" \/>\n<meta property=\"og:locale\" content=\"en_US\" \/>\n<meta property=\"og:type\" content=\"article\" \/>\n<meta property=\"og:title\" content=\"Soph\u00f2s 456 (DDDR) \u2013 Soph\u00f2s 450 (DDD) - MEDICO S.R.L.\" \/>\n<meta property=\"og:description\" content=\"Soph\u00f2s 456 (DDDR) Soph\u00f2s 450 (DDD) Soph\u00f2s 456 (DDDR) and Soph\u00f2s 450 (DDD) evaluate the cardiac mechanic activity on a beat-by-beat basis by measuring cyclic fluctuations of Trans-Valvular Impedance. Furthermore, DR model (Soph\u00f2s 456) has an accelerometric sensor for rate&hellip;\" \/>\n<meta property=\"og:url\" content=\"https:\/\/medicoweb.com\/main\/en\/sophos-456-dddr-sophos-450-ddd\/\" \/>\n<meta property=\"og:site_name\" content=\"MEDICO S.R.L.\" \/>\n<meta property=\"article:publisher\" content=\"https:\/\/www.facebook.com\/MedicoSpa\/\" \/>\n<meta property=\"article:modified_time\" content=\"2020-02-20T08:44:40+00:00\" \/>\n<meta property=\"og:image\" content=\"https:\/\/medicoweb.com\/main\/wp-content\/uploads\/tvi_icona.png\" \/>\n<meta name=\"twitter:card\" content=\"summary_large_image\" \/>\n<meta name=\"twitter:label1\" content=\"Est. reading time\" \/>\n\t<meta name=\"twitter:data1\" content=\"2 minutes\" \/>\n<script type=\"application\/ld+json\" class=\"yoast-schema-graph\">{\"@context\":\"https:\/\/schema.org\",\"@graph\":[{\"@type\":\"WebPage\",\"@id\":\"https:\/\/medicoweb.com\/main\/en\/sophos-456-dddr-sophos-450-ddd\/\",\"url\":\"https:\/\/medicoweb.com\/main\/en\/sophos-456-dddr-sophos-450-ddd\/\",\"name\":\"Soph\u00f2s 456 (DDDR) \u2013 Soph\u00f2s 450 (DDD) - MEDICO S.R.L.\",\"isPartOf\":{\"@id\":\"https:\/\/medicoweb.com\/main\/en\/#website\"},\"primaryImageOfPage\":{\"@id\":\"https:\/\/medicoweb.com\/main\/en\/sophos-456-dddr-sophos-450-ddd\/#primaryimage\"},\"image\":{\"@id\":\"https:\/\/medicoweb.com\/main\/en\/sophos-456-dddr-sophos-450-ddd\/#primaryimage\"},\"thumbnailUrl\":\"https:\/\/medicoweb.com\/main\/wp-content\/uploads\/tvi_icona.png\",\"datePublished\":\"2012-04-17T15:58:12+00:00\",\"dateModified\":\"2020-02-20T08:44:40+00:00\",\"breadcrumb\":{\"@id\":\"https:\/\/medicoweb.com\/main\/en\/sophos-456-dddr-sophos-450-ddd\/#breadcrumb\"},\"inLanguage\":\"en-US\",\"potentialAction\":[{\"@type\":\"ReadAction\",\"target\":[\"https:\/\/medicoweb.com\/main\/en\/sophos-456-dddr-sophos-450-ddd\/\"]}]},{\"@type\":\"ImageObject\",\"inLanguage\":\"en-US\",\"@id\":\"https:\/\/medicoweb.com\/main\/en\/sophos-456-dddr-sophos-450-ddd\/#primaryimage\",\"url\":\"https:\/\/medicoweb.com\/main\/wp-content\/uploads\/tvi_icona.png\",\"contentUrl\":\"https:\/\/medicoweb.com\/main\/wp-content\/uploads\/tvi_icona.png\"},{\"@type\":\"BreadcrumbList\",\"@id\":\"https:\/\/medicoweb.com\/main\/en\/sophos-456-dddr-sophos-450-ddd\/#breadcrumb\",\"itemListElement\":[{\"@type\":\"ListItem\",\"position\":1,\"name\":\"Home\",\"item\":\"https:\/\/medicoweb.com\/main\/en\/\"},{\"@type\":\"ListItem\",\"position\":2,\"name\":\"Soph\u00f2s 456 (DDDR) \u2013 Soph\u00f2s 450 (DDD)\"}]},{\"@type\":\"WebSite\",\"@id\":\"https:\/\/medicoweb.com\/main\/en\/#website\",\"url\":\"https:\/\/medicoweb.com\/main\/en\/\",\"name\":\"MEDICO S.p.A.\",\"description\":\"Italian Design For Life\",\"publisher\":{\"@id\":\"https:\/\/medicoweb.com\/main\/en\/#organization\"},\"potentialAction\":[{\"@type\":\"SearchAction\",\"target\":{\"@type\":\"EntryPoint\",\"urlTemplate\":\"https:\/\/medicoweb.com\/main\/en\/?s={search_term_string}\"},\"query-input\":{\"@type\":\"PropertyValueSpecification\",\"valueRequired\":true,\"valueName\":\"search_term_string\"}}],\"inLanguage\":\"en-US\"},{\"@type\":\"Organization\",\"@id\":\"https:\/\/medicoweb.com\/main\/en\/#organization\",\"name\":\"MEDICO S.p.A.\",\"url\":\"https:\/\/medicoweb.com\/main\/en\/\",\"logo\":{\"@type\":\"ImageObject\",\"inLanguage\":\"en-US\",\"@id\":\"https:\/\/medicoweb.com\/main\/en\/#\/schema\/logo\/image\/\",\"url\":\"https:\/\/medicoweb.com\/main\/wp-content\/uploads\/logo_medico2016-1.png\",\"contentUrl\":\"https:\/\/medicoweb.com\/main\/wp-content\/uploads\/logo_medico2016-1.png\",\"width\":350,\"height\":84,\"caption\":\"MEDICO S.p.A.\"},\"image\":{\"@id\":\"https:\/\/medicoweb.com\/main\/en\/#\/schema\/logo\/image\/\"},\"sameAs\":[\"https:\/\/www.facebook.com\/MedicoSpa\/\",\"https:\/\/it.linkedin.com\/company\/medico-s.p.a.\",\"https:\/\/www.youtube.com\/channel\/UCobmQUF5q8SwwMSZ00fA65g\"]}]}<\/script>\n<!-- \/ Yoast SEO plugin. -->","yoast_head_json":{"title":"Soph\u00f2s 456 (DDDR) \u2013 Soph\u00f2s 450 (DDD) - MEDICO S.R.L.","robots":{"index":"index","follow":"follow","max-snippet":"max-snippet:-1","max-image-preview":"max-image-preview:large","max-video-preview":"max-video-preview:-1"},"canonical":"https:\/\/medicoweb.com\/main\/en\/sophos-456-dddr-sophos-450-ddd\/","og_locale":"en_US","og_type":"article","og_title":"Soph\u00f2s 456 (DDDR) \u2013 Soph\u00f2s 450 (DDD) - MEDICO S.R.L.","og_description":"Soph\u00f2s 456 (DDDR) Soph\u00f2s 450 (DDD) Soph\u00f2s 456 (DDDR) and Soph\u00f2s 450 (DDD) evaluate the cardiac mechanic activity on a beat-by-beat basis by measuring cyclic fluctuations of Trans-Valvular Impedance. Furthermore, DR model (Soph\u00f2s 456) has an accelerometric sensor for rate&hellip;","og_url":"https:\/\/medicoweb.com\/main\/en\/sophos-456-dddr-sophos-450-ddd\/","og_site_name":"MEDICO S.R.L.","article_publisher":"https:\/\/www.facebook.com\/MedicoSpa\/","article_modified_time":"2020-02-20T08:44:40+00:00","og_image":[{"url":"https:\/\/medicoweb.com\/main\/wp-content\/uploads\/tvi_icona.png","type":"","width":"","height":""}],"twitter_card":"summary_large_image","twitter_misc":{"Est. reading time":"2 minutes"},"schema":{"@context":"https:\/\/schema.org","@graph":[{"@type":"WebPage","@id":"https:\/\/medicoweb.com\/main\/en\/sophos-456-dddr-sophos-450-ddd\/","url":"https:\/\/medicoweb.com\/main\/en\/sophos-456-dddr-sophos-450-ddd\/","name":"Soph\u00f2s 456 (DDDR) \u2013 Soph\u00f2s 450 (DDD) - MEDICO S.R.L.","isPartOf":{"@id":"https:\/\/medicoweb.com\/main\/en\/#website"},"primaryImageOfPage":{"@id":"https:\/\/medicoweb.com\/main\/en\/sophos-456-dddr-sophos-450-ddd\/#primaryimage"},"image":{"@id":"https:\/\/medicoweb.com\/main\/en\/sophos-456-dddr-sophos-450-ddd\/#primaryimage"},"thumbnailUrl":"https:\/\/medicoweb.com\/main\/wp-content\/uploads\/tvi_icona.png","datePublished":"2012-04-17T15:58:12+00:00","dateModified":"2020-02-20T08:44:40+00:00","breadcrumb":{"@id":"https:\/\/medicoweb.com\/main\/en\/sophos-456-dddr-sophos-450-ddd\/#breadcrumb"},"inLanguage":"en-US","potentialAction":[{"@type":"ReadAction","target":["https:\/\/medicoweb.com\/main\/en\/sophos-456-dddr-sophos-450-ddd\/"]}]},{"@type":"ImageObject","inLanguage":"en-US","@id":"https:\/\/medicoweb.com\/main\/en\/sophos-456-dddr-sophos-450-ddd\/#primaryimage","url":"https:\/\/medicoweb.com\/main\/wp-content\/uploads\/tvi_icona.png","contentUrl":"https:\/\/medicoweb.com\/main\/wp-content\/uploads\/tvi_icona.png"},{"@type":"BreadcrumbList","@id":"https:\/\/medicoweb.com\/main\/en\/sophos-456-dddr-sophos-450-ddd\/#breadcrumb","itemListElement":[{"@type":"ListItem","position":1,"name":"Home","item":"https:\/\/medicoweb.com\/main\/en\/"},{"@type":"ListItem","position":2,"name":"Soph\u00f2s 456 (DDDR) \u2013 Soph\u00f2s 450 (DDD)"}]},{"@type":"WebSite","@id":"https:\/\/medicoweb.com\/main\/en\/#website","url":"https:\/\/medicoweb.com\/main\/en\/","name":"MEDICO S.p.A.","description":"Italian Design For Life","publisher":{"@id":"https:\/\/medicoweb.com\/main\/en\/#organization"},"potentialAction":[{"@type":"SearchAction","target":{"@type":"EntryPoint","urlTemplate":"https:\/\/medicoweb.com\/main\/en\/?s={search_term_string}"},"query-input":{"@type":"PropertyValueSpecification","valueRequired":true,"valueName":"search_term_string"}}],"inLanguage":"en-US"},{"@type":"Organization","@id":"https:\/\/medicoweb.com\/main\/en\/#organization","name":"MEDICO S.p.A.","url":"https:\/\/medicoweb.com\/main\/en\/","logo":{"@type":"ImageObject","inLanguage":"en-US","@id":"https:\/\/medicoweb.com\/main\/en\/#\/schema\/logo\/image\/","url":"https:\/\/medicoweb.com\/main\/wp-content\/uploads\/logo_medico2016-1.png","contentUrl":"https:\/\/medicoweb.com\/main\/wp-content\/uploads\/logo_medico2016-1.png","width":350,"height":84,"caption":"MEDICO S.p.A."},"image":{"@id":"https:\/\/medicoweb.com\/main\/en\/#\/schema\/logo\/image\/"},"sameAs":["https:\/\/www.facebook.com\/MedicoSpa\/","https:\/\/it.linkedin.com\/company\/medico-s.p.a.","https:\/\/www.youtube.com\/channel\/UCobmQUF5q8SwwMSZ00fA65g"]}]}},"_links":{"self":[{"href":"https:\/\/medicoweb.com\/main\/en\/wp-json\/wp\/v2\/pages\/5361","targetHints":{"allow":["GET"]}}],"collection":[{"href":"https:\/\/medicoweb.com\/main\/en\/wp-json\/wp\/v2\/pages"}],"about":[{"href":"https:\/\/medicoweb.com\/main\/en\/wp-json\/wp\/v2\/types\/page"}],"author":[{"embeddable":true,"href":"https:\/\/medicoweb.com\/main\/en\/wp-json\/wp\/v2\/users\/1"}],"replies":[{"embeddable":true,"href":"https:\/\/medicoweb.com\/main\/en\/wp-json\/wp\/v2\/comments?post=5361"}],"version-history":[{"count":1,"href":"https:\/\/medicoweb.com\/main\/en\/wp-json\/wp\/v2\/pages\/5361\/revisions"}],"predecessor-version":[{"id":6599,"href":"https:\/\/medicoweb.com\/main\/en\/wp-json\/wp\/v2\/pages\/5361\/revisions\/6599"}],"wp:attachment":[{"href":"https:\/\/medicoweb.com\/main\/en\/wp-json\/wp\/v2\/media?parent=5361"}],"curies":[{"name":"wp","href":"https:\/\/api.w.org\/{rel}","templated":true}]}}