{"id":1007,"date":"2012-04-19T14:02:09","date_gmt":"2012-04-19T14:02:09","guid":{"rendered":"https:\/\/medicoweb.com\/main\/?page_id=1007"},"modified":"2020-02-19T17:41:55","modified_gmt":"2020-02-19T16:41:55","slug":"sophos-351-dddr-sophos-355-ddd","status":"publish","type":"page","link":"https:\/\/medicoweb.com\/main\/sophos-351-dddr-sophos-355-ddd\/","title":{"rendered":"Sophos 351 (DDDR) &#8211; Sophos 355 (DDDR)"},"content":{"rendered":"<h6 style=\"text-align: right;\"><img loading=\"lazy\" decoding=\"async\" class=\"alignleft\" style=\"border: 0px currentColor;\" src=\"..\/..\/images\/pm355_351.jpg\" alt=\"\" width=\"230\" height=\"180\" border=\"0\" \/>Sophos 351 (DDDR)<br \/>\nSophos 355 (DDDR)<a><br \/>\n<\/a><a href=\"https:\/\/medicoweb.com\/main\/legenda\/\"><img loading=\"lazy\" decoding=\"async\" title=\"TVI\" src=\"https:\/\/medicoweb.com\/main\/wp-content\/uploads\/tvi_icona.png\" alt=\"\" width=\"45\" height=\"28\" \/><img loading=\"lazy\" decoding=\"async\" title=\"DDD\" src=\"https:\/\/medicoweb.com\/main\/wp-content\/uploads\/ddd_icona.png\" alt=\"\" width=\"45\" height=\"28\" \/><img loading=\"lazy\" decoding=\"async\" title=\"microprocessore\" src=\"https:\/\/medicoweb.com\/main\/wp-content\/uploads\/processore_icona.png\" alt=\"\" width=\"45\" height=\"28\" \/><img loading=\"lazy\" decoding=\"async\" title=\"sensore accelerometrico\" src=\"https:\/\/medicoweb.com\/main\/wp-content\/uploads\/sensore_accelerometrico_icona.png\" alt=\"\" width=\"45\" height=\"28\" \/><\/a><\/h6>\n<p>Con i pacemaker Sophos 351 e 355 l\u2019attivit\u00e0 meccanica del cuore pu\u00f2 essere valutata ad ogni battito tramite il rilevamento delle fluttuazioni cicliche del segnale di <strong>Impedenza Trans-Valvolare (TVI)<\/strong>.<\/p>\n<p>Sono inoltre dotati di un sensore accelerometrico per l\u2019adeguamento della frequenza di stimolazione in funzione delle necessit\u00e0 cronotrope del paziente.<\/p>\n<p>Tali caratteristiche, unitamente all\u2019ampia gamma di funzioni e parametri programmabili, rendono possibile un\u2019efficace ottimizzazione della terapia per ogni singolo paziente.<\/p>\n<p>Tra le principali funzioni speciali di questi modelli sono presenti:<\/p>\n<p>&nbsp;<\/p>\n<ul>\n<li>Algoritmo di <strong>conferma di eiezione dopo pacing ventricolare.<\/strong><\/li>\n<li>Algoritmo di <strong>conferma di eiezione dopo sensing ventricolare<\/strong>, per la protezione da eventi di oversensing.<\/li>\n<li>Ritardo AV adattativo con funzione di isteresi.<\/li>\n<li>Isteresi in frequenza con funzione ricerca.<\/li>\n<li>Sensore accelerometrico con ottimizzazione individuale e adeguamento post-esercizio.<\/li>\n<li>Controllo di cali improvvisi della frequenza cardiaca.<\/li>\n<li>Adeguamento al riposo e ritmo circadiano.<\/li>\n<li>Pronta risposta alle PAC.<\/li>\n<li>Conversione di modo reversibile in DDI.<\/li>\n<li>Pacing atriale prudente.<\/li>\n<li>Anti PMT.<\/li>\n<li><strong>Valutazione emodinamica a lungo termine basata su TVI.<\/strong><\/li>\n<li><strong>Protocolli di stimolazione con bursts ed extrastimoli.<\/strong><\/li>\n<li>Vita prevista con pacing 100% subito disponibile all\u2019interrogazione del pacemaker.<\/li>\n<\/ul>\n<p>&nbsp;<\/p>\n<h3>Inoltre, con il Sophos 355:<\/h3>\n<p>&nbsp;<\/p>\n<ul>\n<li><strong>Riconoscimento automatico d\u2019impianto e della polarit\u00e0 dei cateteri.<\/strong><\/li>\n<li><strong>Commutazione automatica della polarit\u00e0 dei cateteri.<\/strong><\/li>\n<li>Trend di variazione dell\u2019energia dell\u2019impulso ventricolare.<\/li>\n<li>Vita stimata del pacemaker basata su dati diagnostici.<\/li>\n<li>Misure di impedenza cateteri fuori follow-up.<\/li>\n<\/ul>\n<p>&nbsp;<\/p>\n<h3>Impedenza Trans-Valvolare TVI<\/h3>\n<p>Il segnale TVI (Trans-Valvular Impedance) \u00e8 misurato tra atrio e ventricolo destro.<\/p>\n<p>La possibilit\u00e0 di scegliere la configurazione elettrodica da utilizzare per la misura del segnale e il sistema di autocalibrazione della corrente necessaria per tale rilevamento, permettono di ottenere un ottimale segnale ad ogni impianto, anche nei casi di sostituzione elettiva dello stimolatore.<\/p>\n<p>Il sensore rileva, ciclo dopo ciclo, l\u2019effettiva contrazione meccanica del cuore, permettendo di realizzare le funzioni di conferma permanente dell\u2019eiezione ventricolare con adeguamento automatico dell\u2019energia di stimolazione in caso di perdita di cattura (conferma di eiezione dopo pacing ventricolare) e di protezione da oversensing, con automatica stimolazione di sicurezza in caso di inibizione da interferenze esterne (conferma di eiezione dopo sensing ventricolare).<\/p>\n<p>Inoltre, \u00e8 possibile effettuare un monitoraggio emodinamico del paziente grazie alla capacit\u00e0 di memorizzazione dei dati a lungo termine: in caso di degrado della performance emodinamica un avviso appropriato sar\u00e0 visibile all\u2019utente sullo schermo del programmatore.<\/p>\n<p>&nbsp;<\/p>\n<h3>Diagnostica<\/h3>\n<p style=\"text-align: left;\">Monitoraggio a lungo termine della meccanica ventricolare: il sensing di TVI consente di monitorare le prestazioni meccaniche del miocardio sia in acuto che nel lungo termine.<\/p>\n<p style=\"text-align: left;\">Un\u2019ampia sezione diagnostica, facilmente accessibile dal programmatore, consente di ottenere tutte le informazioni necessarie per un ottimale funzionamento dello stimolatore in funzione delle esigenze del paziente.<\/p>\n<p>&nbsp;<\/p>\n<p>&nbsp;<\/p>\n<hr \/>\n<p align=\"left\"><img loading=\"lazy\" decoding=\"async\" class=\" wp-image-4629 alignleft\" src=\"https:\/\/medicoweb.com\/main\/wp-content\/uploads\/icona_supporto.png\" alt=\"\" width=\"45\" height=\"45\" \/><span style=\"color: #0575d2;\"><span style=\"font-size: 10pt;\"><em>Per maggiori informazioni o per supporto tecnico, vi preghiamo di <\/em><\/span><a title=\"Contatti\" href=\"https:\/\/medicoweb.com\/main\/?page_id=16\"><span style=\"font-size: 10pt;\"><strong>CONTATTARCI<\/strong> &gt;&gt;<\/span><\/a><\/span><\/p>\n<p>&nbsp;<\/p>\n<hr \/>\n<p>&nbsp;<\/p>\n<p align=\"center\"><a href=\"#top\"><img loading=\"lazy\" decoding=\"async\" src=\"https:\/\/medicoweb.com\/main\/wp-content\/uploads\/torna_su.png\" alt=\"\" width=\"28\" height=\"28\" \/> Inizio<\/a><\/p>\n<p>&nbsp;<\/p>\n<p>&nbsp;<\/p>\n<p style=\"text-align: center;\"><span style=\"text-align: center; font-size: 16px;\"><a href=\"https:\/\/medicoweb.com\/main\/prodotti\/\"> <strong>Prodotti<\/strong><\/a> | <a title=\"Tecnologia\" href=\"https:\/\/medicoweb.com\/main\/tecnologia\/\"><strong>Tecnologia<\/strong><\/a> | <a title=\"Supporto\" href=\"https:\/\/medicoweb.com\/main\/supporto\/\"><strong>Supporto<\/strong><\/a> | <a title=\"Contatti\" href=\"https:\/\/medicoweb.com\/main\/contatti\/\"><strong>Contatti<\/strong><\/a><\/span><\/p>\n","protected":false},"excerpt":{"rendered":"<p>Sophos 351 (DDDR) Sophos 355 (DDDR) Con i pacemaker Sophos 351 e 355 l\u2019attivit\u00e0 meccanica del cuore pu\u00f2 essere valutata ad ogni battito tramite il rilevamento delle fluttuazioni cicliche del segnale di Impedenza Trans-Valvolare (TVI). Sono inoltre dotati di un&hellip; <\/p>\n","protected":false},"author":1,"featured_media":0,"parent":0,"menu_order":0,"comment_status":"closed","ping_status":"closed","template":"","meta":{"footnotes":""},"class_list":["post-1007","page","type-page","status-publish","hentry"],"yoast_head":"<!-- This site is optimized with the Yoast SEO plugin v24.0 - https:\/\/yoast.com\/wordpress\/plugins\/seo\/ -->\n<title>Sophos 351 (DDDR) - Sophos 355 (DDDR) - MEDICO S.R.L.<\/title>\n<meta name=\"robots\" content=\"index, follow, max-snippet:-1, max-image-preview:large, max-video-preview:-1\" \/>\n<link rel=\"canonical\" href=\"https:\/\/medicoweb.com\/main\/sophos-351-dddr-sophos-355-ddd\/\" \/>\n<meta property=\"og:locale\" content=\"it_IT\" \/>\n<meta property=\"og:type\" content=\"article\" \/>\n<meta property=\"og:title\" content=\"Sophos 351 (DDDR) - Sophos 355 (DDDR) - MEDICO S.R.L.\" \/>\n<meta property=\"og:description\" content=\"Sophos 351 (DDDR) Sophos 355 (DDDR) Con i pacemaker Sophos 351 e 355 l\u2019attivit\u00e0 meccanica del cuore pu\u00f2 essere valutata ad ogni battito tramite il rilevamento delle fluttuazioni cicliche del segnale di Impedenza Trans-Valvolare (TVI). Sono inoltre dotati di un&hellip;\" \/>\n<meta property=\"og:url\" content=\"https:\/\/medicoweb.com\/main\/sophos-351-dddr-sophos-355-ddd\/\" \/>\n<meta property=\"og:site_name\" content=\"MEDICO S.R.L.\" \/>\n<meta property=\"article:publisher\" content=\"https:\/\/www.facebook.com\/MedicoSpa\/\" \/>\n<meta property=\"article:modified_time\" content=\"2020-02-19T16:41:55+00:00\" \/>\n<meta property=\"og:image\" content=\"https:\/\/medicoweb.com\/main\/wp-content\/uploads\/tvi_icona.png\" \/>\n<meta name=\"twitter:card\" content=\"summary_large_image\" \/>\n<meta name=\"twitter:label1\" content=\"Tempo di lettura stimato\" \/>\n\t<meta name=\"twitter:data1\" content=\"2 minuti\" \/>\n<script type=\"application\/ld+json\" class=\"yoast-schema-graph\">{\"@context\":\"https:\/\/schema.org\",\"@graph\":[{\"@type\":\"WebPage\",\"@id\":\"https:\/\/medicoweb.com\/main\/sophos-351-dddr-sophos-355-ddd\/\",\"url\":\"https:\/\/medicoweb.com\/main\/sophos-351-dddr-sophos-355-ddd\/\",\"name\":\"Sophos 351 (DDDR) - Sophos 355 (DDDR) - MEDICO S.R.L.\",\"isPartOf\":{\"@id\":\"https:\/\/medicoweb.com\/main\/#website\"},\"primaryImageOfPage\":{\"@id\":\"https:\/\/medicoweb.com\/main\/sophos-351-dddr-sophos-355-ddd\/#primaryimage\"},\"image\":{\"@id\":\"https:\/\/medicoweb.com\/main\/sophos-351-dddr-sophos-355-ddd\/#primaryimage\"},\"thumbnailUrl\":\"https:\/\/medicoweb.com\/main\/wp-content\/uploads\/tvi_icona.png\",\"datePublished\":\"2012-04-19T14:02:09+00:00\",\"dateModified\":\"2020-02-19T16:41:55+00:00\",\"breadcrumb\":{\"@id\":\"https:\/\/medicoweb.com\/main\/sophos-351-dddr-sophos-355-ddd\/#breadcrumb\"},\"inLanguage\":\"it-IT\",\"potentialAction\":[{\"@type\":\"ReadAction\",\"target\":[\"https:\/\/medicoweb.com\/main\/sophos-351-dddr-sophos-355-ddd\/\"]}]},{\"@type\":\"ImageObject\",\"inLanguage\":\"it-IT\",\"@id\":\"https:\/\/medicoweb.com\/main\/sophos-351-dddr-sophos-355-ddd\/#primaryimage\",\"url\":\"https:\/\/medicoweb.com\/main\/wp-content\/uploads\/tvi_icona.png\",\"contentUrl\":\"https:\/\/medicoweb.com\/main\/wp-content\/uploads\/tvi_icona.png\",\"width\":45,\"height\":28},{\"@type\":\"BreadcrumbList\",\"@id\":\"https:\/\/medicoweb.com\/main\/sophos-351-dddr-sophos-355-ddd\/#breadcrumb\",\"itemListElement\":[{\"@type\":\"ListItem\",\"position\":1,\"name\":\"Home\",\"item\":\"https:\/\/medicoweb.com\/main\/\"},{\"@type\":\"ListItem\",\"position\":2,\"name\":\"Sophos 351 (DDDR) &#8211; Sophos 355 (DDDR)\"}]},{\"@type\":\"WebSite\",\"@id\":\"https:\/\/medicoweb.com\/main\/#website\",\"url\":\"https:\/\/medicoweb.com\/main\/\",\"name\":\"MEDICO S.p.A.\",\"description\":\"Italian Design For Life\",\"publisher\":{\"@id\":\"https:\/\/medicoweb.com\/main\/#organization\"},\"potentialAction\":[{\"@type\":\"SearchAction\",\"target\":{\"@type\":\"EntryPoint\",\"urlTemplate\":\"https:\/\/medicoweb.com\/main\/?s={search_term_string}\"},\"query-input\":{\"@type\":\"PropertyValueSpecification\",\"valueRequired\":true,\"valueName\":\"search_term_string\"}}],\"inLanguage\":\"it-IT\"},{\"@type\":\"Organization\",\"@id\":\"https:\/\/medicoweb.com\/main\/#organization\",\"name\":\"MEDICO S.p.A.\",\"url\":\"https:\/\/medicoweb.com\/main\/\",\"logo\":{\"@type\":\"ImageObject\",\"inLanguage\":\"it-IT\",\"@id\":\"https:\/\/medicoweb.com\/main\/#\/schema\/logo\/image\/\",\"url\":\"https:\/\/medicoweb.com\/main\/wp-content\/uploads\/logo_medico2016-1.png\",\"contentUrl\":\"https:\/\/medicoweb.com\/main\/wp-content\/uploads\/logo_medico2016-1.png\",\"width\":350,\"height\":84,\"caption\":\"MEDICO S.p.A.\"},\"image\":{\"@id\":\"https:\/\/medicoweb.com\/main\/#\/schema\/logo\/image\/\"},\"sameAs\":[\"https:\/\/www.facebook.com\/MedicoSpa\/\",\"https:\/\/it.linkedin.com\/company\/medico-s.p.a.\",\"https:\/\/www.youtube.com\/channel\/UCobmQUF5q8SwwMSZ00fA65g\"]}]}<\/script>\n<!-- \/ Yoast SEO plugin. -->","yoast_head_json":{"title":"Sophos 351 (DDDR) - Sophos 355 (DDDR) - MEDICO S.R.L.","robots":{"index":"index","follow":"follow","max-snippet":"max-snippet:-1","max-image-preview":"max-image-preview:large","max-video-preview":"max-video-preview:-1"},"canonical":"https:\/\/medicoweb.com\/main\/sophos-351-dddr-sophos-355-ddd\/","og_locale":"it_IT","og_type":"article","og_title":"Sophos 351 (DDDR) - Sophos 355 (DDDR) - MEDICO S.R.L.","og_description":"Sophos 351 (DDDR) Sophos 355 (DDDR) Con i pacemaker Sophos 351 e 355 l\u2019attivit\u00e0 meccanica del cuore pu\u00f2 essere valutata ad ogni battito tramite il rilevamento delle fluttuazioni cicliche del segnale di Impedenza Trans-Valvolare (TVI). Sono inoltre dotati di un&hellip;","og_url":"https:\/\/medicoweb.com\/main\/sophos-351-dddr-sophos-355-ddd\/","og_site_name":"MEDICO S.R.L.","article_publisher":"https:\/\/www.facebook.com\/MedicoSpa\/","article_modified_time":"2020-02-19T16:41:55+00:00","og_image":[{"url":"https:\/\/medicoweb.com\/main\/wp-content\/uploads\/tvi_icona.png","type":"","width":"","height":""}],"twitter_card":"summary_large_image","twitter_misc":{"Tempo di lettura stimato":"2 minuti"},"schema":{"@context":"https:\/\/schema.org","@graph":[{"@type":"WebPage","@id":"https:\/\/medicoweb.com\/main\/sophos-351-dddr-sophos-355-ddd\/","url":"https:\/\/medicoweb.com\/main\/sophos-351-dddr-sophos-355-ddd\/","name":"Sophos 351 (DDDR) - Sophos 355 (DDDR) - MEDICO S.R.L.","isPartOf":{"@id":"https:\/\/medicoweb.com\/main\/#website"},"primaryImageOfPage":{"@id":"https:\/\/medicoweb.com\/main\/sophos-351-dddr-sophos-355-ddd\/#primaryimage"},"image":{"@id":"https:\/\/medicoweb.com\/main\/sophos-351-dddr-sophos-355-ddd\/#primaryimage"},"thumbnailUrl":"https:\/\/medicoweb.com\/main\/wp-content\/uploads\/tvi_icona.png","datePublished":"2012-04-19T14:02:09+00:00","dateModified":"2020-02-19T16:41:55+00:00","breadcrumb":{"@id":"https:\/\/medicoweb.com\/main\/sophos-351-dddr-sophos-355-ddd\/#breadcrumb"},"inLanguage":"it-IT","potentialAction":[{"@type":"ReadAction","target":["https:\/\/medicoweb.com\/main\/sophos-351-dddr-sophos-355-ddd\/"]}]},{"@type":"ImageObject","inLanguage":"it-IT","@id":"https:\/\/medicoweb.com\/main\/sophos-351-dddr-sophos-355-ddd\/#primaryimage","url":"https:\/\/medicoweb.com\/main\/wp-content\/uploads\/tvi_icona.png","contentUrl":"https:\/\/medicoweb.com\/main\/wp-content\/uploads\/tvi_icona.png","width":45,"height":28},{"@type":"BreadcrumbList","@id":"https:\/\/medicoweb.com\/main\/sophos-351-dddr-sophos-355-ddd\/#breadcrumb","itemListElement":[{"@type":"ListItem","position":1,"name":"Home","item":"https:\/\/medicoweb.com\/main\/"},{"@type":"ListItem","position":2,"name":"Sophos 351 (DDDR) &#8211; Sophos 355 (DDDR)"}]},{"@type":"WebSite","@id":"https:\/\/medicoweb.com\/main\/#website","url":"https:\/\/medicoweb.com\/main\/","name":"MEDICO S.p.A.","description":"Italian Design For Life","publisher":{"@id":"https:\/\/medicoweb.com\/main\/#organization"},"potentialAction":[{"@type":"SearchAction","target":{"@type":"EntryPoint","urlTemplate":"https:\/\/medicoweb.com\/main\/?s={search_term_string}"},"query-input":{"@type":"PropertyValueSpecification","valueRequired":true,"valueName":"search_term_string"}}],"inLanguage":"it-IT"},{"@type":"Organization","@id":"https:\/\/medicoweb.com\/main\/#organization","name":"MEDICO S.p.A.","url":"https:\/\/medicoweb.com\/main\/","logo":{"@type":"ImageObject","inLanguage":"it-IT","@id":"https:\/\/medicoweb.com\/main\/#\/schema\/logo\/image\/","url":"https:\/\/medicoweb.com\/main\/wp-content\/uploads\/logo_medico2016-1.png","contentUrl":"https:\/\/medicoweb.com\/main\/wp-content\/uploads\/logo_medico2016-1.png","width":350,"height":84,"caption":"MEDICO S.p.A."},"image":{"@id":"https:\/\/medicoweb.com\/main\/#\/schema\/logo\/image\/"},"sameAs":["https:\/\/www.facebook.com\/MedicoSpa\/","https:\/\/it.linkedin.com\/company\/medico-s.p.a.","https:\/\/www.youtube.com\/channel\/UCobmQUF5q8SwwMSZ00fA65g"]}]}},"_links":{"self":[{"href":"https:\/\/medicoweb.com\/main\/wp-json\/wp\/v2\/pages\/1007","targetHints":{"allow":["GET"]}}],"collection":[{"href":"https:\/\/medicoweb.com\/main\/wp-json\/wp\/v2\/pages"}],"about":[{"href":"https:\/\/medicoweb.com\/main\/wp-json\/wp\/v2\/types\/page"}],"author":[{"embeddable":true,"href":"https:\/\/medicoweb.com\/main\/wp-json\/wp\/v2\/users\/1"}],"replies":[{"embeddable":true,"href":"https:\/\/medicoweb.com\/main\/wp-json\/wp\/v2\/comments?post=1007"}],"version-history":[{"count":1,"href":"https:\/\/medicoweb.com\/main\/wp-json\/wp\/v2\/pages\/1007\/revisions"}],"predecessor-version":[{"id":6561,"href":"https:\/\/medicoweb.com\/main\/wp-json\/wp\/v2\/pages\/1007\/revisions\/6561"}],"wp:attachment":[{"href":"https:\/\/medicoweb.com\/main\/wp-json\/wp\/v2\/media?parent=1007"}],"curies":[{"name":"wp","href":"https:\/\/api.w.org\/{rel}","templated":true}]}}