{"id":104,"date":"2011-12-21T13:12:15","date_gmt":"2011-12-21T13:12:15","guid":{"rendered":"https:\/\/medicoweb.com\/main\/?page_id=104"},"modified":"2024-10-11T15:11:29","modified_gmt":"2024-10-11T13:11:29","slug":"termini","status":"publish","type":"page","link":"https:\/\/medicoweb.com\/main\/termini\/","title":{"rendered":"Termini"},"content":{"rendered":"<h3>Termini d&#8217;Uso<\/h3>\n<hr \/>\n<p>Tutte le informazioni, software, documenti ed indicazioni disponibili sul sito web della\u00a0 MEDICO S.r.l. sono\u00a0 soggette alle seguenti\u00a0 disposizioni; vi invitiamo a leggere\u00a0 attentamente i Termini di Uso. Con l\u2019uso di questo sito date espressamente il vostro consenso ai\u00a0 Termini e\u00a0 Condizioni di Uso nella loro interezza.<\/p>\n<p>&nbsp;<\/p>\n<h3>Nessuna Offerta \/ Nessuna garanzia\/Nessun consiglio medico<\/h3>\n<hr \/>\n<p>Le informazioni contenute in questo sito web si riferiscono a prodotti e servizi offerti da MEDICO S.r.l.\u00a0 e non costituiscono una offerta in alcun senso. I materiali su questo sito web sono solamente informazioni istruttive e generali. Ogni contenuto nella pagina web \u00e8 offerto secondo scienza e coscienza; ciononostante, MEDICO S.r.l. non fornisce alcuna garanzia\u00a0 che il contenuto delle\u00a0 informazioni rese disponibili su queste pagine web\u00a0 \u00e8 completo, d&#8217;attualit\u00e0, accurato o vada bene per un particolare scopo. MEDICO S.r.l. si \u00a0riserva il diritto di\u00a0 cambiare, correggere o cancellare, per\u00a0 intero o in parte, il contenuto su queste pagine web,\u00a0 oppure cessare per un periodo di tempo o indefinitamente, il servizio in ogni momento\u00a0 senza preavviso.<\/p>\n<p>&nbsp;<\/p>\n<h3>Questo sito non offre nessuna consulenza medica<\/h3>\n<hr \/>\n<p>Le informazioni sul Sito Web hanno solo uno scopo informativo. E\u2019 sempre raccomandato consultare un medico specialista .<\/p>\n<p>&nbsp;<\/p>\n<h3>Limitazione della Responsabilit\u00e0<\/h3>\n<hr \/>\n<p>MEDICO S.r.l. non sar\u00e0 responsabile per qualunque danno diretto o indiretto, derivante dell&#8217;uso di software, informazioni o materiale contenuti\u00a0 nelle pagine del sito web, cos\u00ec come per qualunque danno derivante dall\u2019accesso\u00a0 a link ipertestuali (siti Web esterni, pagine collegate, o altri siti\u00a0 elencati). Gli utenti sono responsabili di prendere le necessarie precauzioni per assicurarvi che qualunque contenuto scaricato\u00a0 da questo sito web \u00e8 libero da virus e da qualunque altro codice potenzialmente distruttivo.<\/p>\n<p>&nbsp;<\/p>\n<h3>Collegamenti agli altri siti web (link)<\/h3>\n<hr \/>\n<p>Questo sito web pu\u00f2 contenere collegamenti ad altri siti web non controllati da MEDICO S.r.l. . Queste pagine web esterne sono create, controllate,\u00a0 gestite\u00a0 e pubblicate\u00a0 da terze\u00a0 organizzazioni, persone fisiche o giuridiche. L&#8217;inclusione di\u00a0 qualunque\u00a0 collegamento non implica affiliazione o sottoscrizione da parte di\u00a0 MEDICO\u00a0 S.r.l. .<\/p>\n<p>MEDICO\u00a0 S.r.l. non si assume nessuna\u00a0 responsabilit\u00e0 per i contenuti dei siti collegati attraverso hyperlinks al suo sito web, n\u00e9 sostiene, approva o conferma le informazioni esposte su siti terzi.<\/p>\n<p>&nbsp;<\/p>\n<h3>Diritti d&#8217;Autore<\/h3>\n<hr \/>\n<p>Il materiale sul sito web di MEDICO S.r.l. \u00e8 prottetto dalla legge sui diritti di autore. \u00c8 proibito cambiare i contenuti di questa pagina web. \u00c8 proibito riprodurre e\/o usare il sito web ed il suo contenuto per scopi pubblici o commerciali senza previo consenso scritto di MEDICO S.r.l..\u00a0\u00a0Viene chiaramente affermato che in caso di informazioni, contenuti o software scarichi dal Sito web\u00a0 e\/o loro adattamenti, i diritti\u00a0 di propriet\u00e0 rimarranno comunque di MEDICO S.r.l..\u00a0 Gli utenti possono\u00a0 scaricare, inviare via e-mail o stampare copie delle informazioni da questo Sito web\u00a0 per uso personale, a condizione che ogni copia contenga un&#8217;indicazione dei diritti\u00a0 di propriet\u00e0.<\/p>\n<p>Il nome MEDICO S.r.l, il suo logo o parte di esso sono marchi registrati di MEDICO S.r.l. .<\/p>\n<p>MEDICO S.r.l.\u00a0 non possiede tutti i marchi riportati\u00a0 nelle sue pagine web.<\/p>\n<p>&nbsp;<\/p>\n<h3>Varie<\/h3>\n<hr \/>\n<p>La presente\u00a0 pagina\u00a0 \u00e8 aggiornata regolarmente, l&#8217;ultima revisione \u00e8\u00a0 datata 1 Aprile 2023. MEDICO S.r.l. si\u00a0 riserva il diritto di cambiare o perfezionare questa pagina web, cambiando o cancellando informazioni. Si prega di consultare i Termini d\u2019Uso\u00a0 ogni qualvolta si accede a qualsiasi pagina web di Medico.<\/p>\n","protected":false},"excerpt":{"rendered":"<p>Termini d&#8217;Uso Tutte le informazioni, software, documenti ed indicazioni disponibili sul sito web della\u00a0 MEDICO S.r.l. sono\u00a0 soggette alle seguenti\u00a0 disposizioni; vi invitiamo a leggere\u00a0 attentamente i Termini di Uso. Con l\u2019uso di questo sito date espressamente il vostro consenso&hellip; <\/p>\n","protected":false},"author":1,"featured_media":0,"parent":0,"menu_order":0,"comment_status":"closed","ping_status":"closed","template":"","meta":{"footnotes":""},"class_list":["post-104","page","type-page","status-publish","hentry"],"yoast_head":"<!-- This site is optimized with the Yoast SEO plugin v24.0 - https:\/\/yoast.com\/wordpress\/plugins\/seo\/ -->\n<title>Termini - MEDICO S.R.L.<\/title>\n<meta name=\"robots\" content=\"noindex, follow\" \/>\n<meta property=\"og:locale\" content=\"it_IT\" \/>\n<meta property=\"og:type\" content=\"article\" \/>\n<meta property=\"og:title\" content=\"Termini - MEDICO S.R.L.\" \/>\n<meta property=\"og:description\" content=\"Termini d&#8217;Uso Tutte le informazioni, software, documenti ed indicazioni disponibili sul sito web della\u00a0 MEDICO S.r.l. sono\u00a0 soggette alle seguenti\u00a0 disposizioni; vi invitiamo a leggere\u00a0 attentamente i Termini di Uso. Con l\u2019uso di questo sito date espressamente il vostro consenso&hellip;\" \/>\n<meta property=\"og:url\" content=\"https:\/\/medicoweb.com\/main\/termini\/\" \/>\n<meta property=\"og:site_name\" content=\"MEDICO S.R.L.\" \/>\n<meta property=\"article:publisher\" content=\"https:\/\/www.facebook.com\/MedicoSpa\/\" \/>\n<meta property=\"article:modified_time\" content=\"2024-10-11T13:11:29+00:00\" \/>\n<meta name=\"twitter:card\" content=\"summary_large_image\" \/>\n<meta name=\"twitter:label1\" content=\"Tempo di lettura stimato\" \/>\n\t<meta name=\"twitter:data1\" content=\"3 minuti\" \/>\n<script type=\"application\/ld+json\" class=\"yoast-schema-graph\">{\"@context\":\"https:\/\/schema.org\",\"@graph\":[{\"@type\":\"WebPage\",\"@id\":\"https:\/\/medicoweb.com\/main\/termini\/\",\"url\":\"https:\/\/medicoweb.com\/main\/termini\/\",\"name\":\"Termini - MEDICO S.R.L.\",\"isPartOf\":{\"@id\":\"https:\/\/medicoweb.com\/main\/#website\"},\"datePublished\":\"2011-12-21T13:12:15+00:00\",\"dateModified\":\"2024-10-11T13:11:29+00:00\",\"breadcrumb\":{\"@id\":\"https:\/\/medicoweb.com\/main\/termini\/#breadcrumb\"},\"inLanguage\":\"it-IT\",\"potentialAction\":[{\"@type\":\"ReadAction\",\"target\":[\"https:\/\/medicoweb.com\/main\/termini\/\"]}]},{\"@type\":\"BreadcrumbList\",\"@id\":\"https:\/\/medicoweb.com\/main\/termini\/#breadcrumb\",\"itemListElement\":[{\"@type\":\"ListItem\",\"position\":1,\"name\":\"Home\",\"item\":\"https:\/\/medicoweb.com\/main\/\"},{\"@type\":\"ListItem\",\"position\":2,\"name\":\"Termini\"}]},{\"@type\":\"WebSite\",\"@id\":\"https:\/\/medicoweb.com\/main\/#website\",\"url\":\"https:\/\/medicoweb.com\/main\/\",\"name\":\"MEDICO S.p.A.\",\"description\":\"Italian Design For Life\",\"publisher\":{\"@id\":\"https:\/\/medicoweb.com\/main\/#organization\"},\"potentialAction\":[{\"@type\":\"SearchAction\",\"target\":{\"@type\":\"EntryPoint\",\"urlTemplate\":\"https:\/\/medicoweb.com\/main\/?s={search_term_string}\"},\"query-input\":{\"@type\":\"PropertyValueSpecification\",\"valueRequired\":true,\"valueName\":\"search_term_string\"}}],\"inLanguage\":\"it-IT\"},{\"@type\":\"Organization\",\"@id\":\"https:\/\/medicoweb.com\/main\/#organization\",\"name\":\"MEDICO S.p.A.\",\"url\":\"https:\/\/medicoweb.com\/main\/\",\"logo\":{\"@type\":\"ImageObject\",\"inLanguage\":\"it-IT\",\"@id\":\"https:\/\/medicoweb.com\/main\/#\/schema\/logo\/image\/\",\"url\":\"https:\/\/medicoweb.com\/main\/wp-content\/uploads\/logo_medico2016-1.png\",\"contentUrl\":\"https:\/\/medicoweb.com\/main\/wp-content\/uploads\/logo_medico2016-1.png\",\"width\":350,\"height\":84,\"caption\":\"MEDICO S.p.A.\"},\"image\":{\"@id\":\"https:\/\/medicoweb.com\/main\/#\/schema\/logo\/image\/\"},\"sameAs\":[\"https:\/\/www.facebook.com\/MedicoSpa\/\",\"https:\/\/it.linkedin.com\/company\/medico-s.p.a.\",\"https:\/\/www.youtube.com\/channel\/UCobmQUF5q8SwwMSZ00fA65g\"]}]}<\/script>\n<!-- \/ Yoast SEO plugin. -->","yoast_head_json":{"title":"Termini - MEDICO S.R.L.","robots":{"index":"noindex","follow":"follow"},"og_locale":"it_IT","og_type":"article","og_title":"Termini - MEDICO S.R.L.","og_description":"Termini d&#8217;Uso Tutte le informazioni, software, documenti ed indicazioni disponibili sul sito web della\u00a0 MEDICO S.r.l. sono\u00a0 soggette alle seguenti\u00a0 disposizioni; vi invitiamo a leggere\u00a0 attentamente i Termini di Uso. Con l\u2019uso di questo sito date espressamente il vostro consenso&hellip;","og_url":"https:\/\/medicoweb.com\/main\/termini\/","og_site_name":"MEDICO S.R.L.","article_publisher":"https:\/\/www.facebook.com\/MedicoSpa\/","article_modified_time":"2024-10-11T13:11:29+00:00","twitter_card":"summary_large_image","twitter_misc":{"Tempo di lettura stimato":"3 minuti"},"schema":{"@context":"https:\/\/schema.org","@graph":[{"@type":"WebPage","@id":"https:\/\/medicoweb.com\/main\/termini\/","url":"https:\/\/medicoweb.com\/main\/termini\/","name":"Termini - MEDICO S.R.L.","isPartOf":{"@id":"https:\/\/medicoweb.com\/main\/#website"},"datePublished":"2011-12-21T13:12:15+00:00","dateModified":"2024-10-11T13:11:29+00:00","breadcrumb":{"@id":"https:\/\/medicoweb.com\/main\/termini\/#breadcrumb"},"inLanguage":"it-IT","potentialAction":[{"@type":"ReadAction","target":["https:\/\/medicoweb.com\/main\/termini\/"]}]},{"@type":"BreadcrumbList","@id":"https:\/\/medicoweb.com\/main\/termini\/#breadcrumb","itemListElement":[{"@type":"ListItem","position":1,"name":"Home","item":"https:\/\/medicoweb.com\/main\/"},{"@type":"ListItem","position":2,"name":"Termini"}]},{"@type":"WebSite","@id":"https:\/\/medicoweb.com\/main\/#website","url":"https:\/\/medicoweb.com\/main\/","name":"MEDICO S.p.A.","description":"Italian Design For Life","publisher":{"@id":"https:\/\/medicoweb.com\/main\/#organization"},"potentialAction":[{"@type":"SearchAction","target":{"@type":"EntryPoint","urlTemplate":"https:\/\/medicoweb.com\/main\/?s={search_term_string}"},"query-input":{"@type":"PropertyValueSpecification","valueRequired":true,"valueName":"search_term_string"}}],"inLanguage":"it-IT"},{"@type":"Organization","@id":"https:\/\/medicoweb.com\/main\/#organization","name":"MEDICO S.p.A.","url":"https:\/\/medicoweb.com\/main\/","logo":{"@type":"ImageObject","inLanguage":"it-IT","@id":"https:\/\/medicoweb.com\/main\/#\/schema\/logo\/image\/","url":"https:\/\/medicoweb.com\/main\/wp-content\/uploads\/logo_medico2016-1.png","contentUrl":"https:\/\/medicoweb.com\/main\/wp-content\/uploads\/logo_medico2016-1.png","width":350,"height":84,"caption":"MEDICO S.p.A."},"image":{"@id":"https:\/\/medicoweb.com\/main\/#\/schema\/logo\/image\/"},"sameAs":["https:\/\/www.facebook.com\/MedicoSpa\/","https:\/\/it.linkedin.com\/company\/medico-s.p.a.","https:\/\/www.youtube.com\/channel\/UCobmQUF5q8SwwMSZ00fA65g"]}]}},"_links":{"self":[{"href":"https:\/\/medicoweb.com\/main\/wp-json\/wp\/v2\/pages\/104","targetHints":{"allow":["GET"]}}],"collection":[{"href":"https:\/\/medicoweb.com\/main\/wp-json\/wp\/v2\/pages"}],"about":[{"href":"https:\/\/medicoweb.com\/main\/wp-json\/wp\/v2\/types\/page"}],"author":[{"embeddable":true,"href":"https:\/\/medicoweb.com\/main\/wp-json\/wp\/v2\/users\/1"}],"replies":[{"embeddable":true,"href":"https:\/\/medicoweb.com\/main\/wp-json\/wp\/v2\/comments?post=104"}],"version-history":[{"count":4,"href":"https:\/\/medicoweb.com\/main\/wp-json\/wp\/v2\/pages\/104\/revisions"}],"predecessor-version":[{"id":7392,"href":"https:\/\/medicoweb.com\/main\/wp-json\/wp\/v2\/pages\/104\/revisions\/7392"}],"wp:attachment":[{"href":"https:\/\/medicoweb.com\/main\/wp-json\/wp\/v2\/media?parent=104"}],"curies":[{"name":"wp","href":"https:\/\/api.w.org\/{rel}","templated":true}]}}