{"id":3648,"date":"2018-06-11T17:41:13","date_gmt":"2018-06-11T15:41:13","guid":{"rendered":"https:\/\/medicoweb.com\/main\/?page_id=3648"},"modified":"2024-10-09T15:09:32","modified_gmt":"2024-10-09T13:09:32","slug":"informativa-privacy","status":"publish","type":"page","link":"https:\/\/medicoweb.com\/main\/informativa-privacy\/","title":{"rendered":"Informativa sulla privacy"},"content":{"rendered":"<p style=\"text-align: justify;\">Il trattamento dei dati personali che la riguardano viene svolto nel rispetto di quanto stabilito dal Reg. Ce 679\/2016. I dati personali da Voi forniti possono formare oggetto di trattamento nel rispetto della normativa sopra richiamata. I suoi dati non saranno comunicati o diffusi a terzi e per essi lei potr\u00e0 richiedere, in qualsiasi momento, la modifica, la cancellazione o opporsi al loro utilizzo, scrivendo alla nostra e-mail info@medicoweb.com<\/p>\n<p>&nbsp;<\/p>\n<p style=\"text-align: justify;\"><!-- .entry-title --><\/p>\n<h4 style=\"text-align: justify;\"><\/h4>\n<h4 style=\"text-align: justify;\">FINALITA\u2019 DEL PRESENTE DOCUMENTO<\/h4>\n<div class=\"entry-content clearfix\">\n<p style=\"text-align: justify;\">Vengono di seguito comunicate le modalit\u00e0 di trattamento dei dati personali degli utenti del sito <strong>www.medicoweb.com<\/strong>, eventualmente raccolti durante la consultazione dello stesso.<br \/>\nL\u2019informativa viene resa a coloro che interagiscono con i servizi web accessibili per via telematica a partire dall\u2019indirizzo: <strong>www.medicoweb.com<\/strong>. Le indicazioni fornite di seguito riguardano in modo particolare la raccolta dei dati personali su Internet prefiggendosi di identificare le misure minime che dovranno essere attuate nei confronti delle persone interessate per garantire la lealt\u00e0 e liceit\u00e0 di tali pratiche.<\/p>\n<p>&nbsp;<\/p>\n<h5 style=\"text-align: justify;\">IL TITOLARE DEL TRATTAMENTO<\/h5>\n<p style=\"text-align: justify;\">A seguito della consultazione del sito\u00a0<strong>www.medicoweb.com<\/strong>, in seguito denominato il SITO, possono essere trattati dati relativi a persone identificate o identificabili. Il \u201cTitolare\u201d del loro trattamento \u00e8 <strong>MEDICO S.r.l. \u2013 Via Pitagora, 15 35030 Rubano \u2013 Padova (PD) \u2013 Italy<\/strong>, di seguito identificato come il TITOLARE DEL TRATTAMENTO.<\/p>\n<p>&nbsp;<\/p>\n<h5 style=\"text-align: justify;\">AMBITO<\/h5>\n<p style=\"text-align: justify;\">L\u2019informativa \u00e8 resa solo per il SITO in oggetto e non anche per altri siti Web esterni eventualmente consultabili tramite i link presenti sulle pagine del SITO, che collegano a domini diversi, dei quali il TITOLARE DEL TRATTAMENTO non \u00e8 responsabile.<\/p>\n<p>&nbsp;<\/p>\n<h5 style=\"text-align: justify;\">LUOGO DI TRATTAMENTO DEI DATI<\/h5>\n<p style=\"text-align: justify;\">I trattamenti connessi ai servizi Web sul SITO (fisicamente residenti su server collegati alla rete) sono effettuati presso la sede del TITOLARE DEL TRATTAMENTO e sono curati solo da dipendenti, collaboratori o incaricati al trattamento, oppure da eventuali incaricati di occasionali operazioni di manutenzione. Nessun dato derivante dalla navigazione sul SITO viene comunicato o diffuso a terzi il cui operato non \u00e8 inerente alla gestione, al funzionamento od al controllo delle operazioni del SITO stesso. I dati personali forniti dagli utenti che inoltrano richieste di invio di materiale informativo sono utilizzati al solo fine di eseguire il servizio o la prestazione richiesta e sono comunicati a terzi nel caso in cui ci\u00f2 sia a tal fine necessario salvo quanto previsto al capitolo \u201cconferimento dati facoltativo\u201d.<\/p>\n<p>&nbsp;<\/p>\n<h5 style=\"text-align: justify;\">TIPI DI DATI TRATTATI<\/h5>\n<p style=\"text-align: justify;\"><u>Dati di Navigazione<\/u><br \/>\nI sistemi informatici e le procedure software preposte al funzionamento del SITO acquisiscono, nel corso del loro normale esercizio, alcuni dati personali la cui trasmissione \u00e8 implicita nell\u2019uso dei protocolli di comunicazione di Internet. Si tratta di informazioni che non sono raccolte per essere associate ad interessati identificati, ma che per loro stessa natura potrebbero, attraverso elaborazioni ed associazioni con dati detenuti da terzi, permettere di identificare gli utenti. In questa categoria di dati rientrano, a mero titolo esemplificativo, gli indirizzi IP o i nomi a dominio dei computer utilizzati dagli utenti che si connettono al sito, gli indirizzi in notazione URI (Uniform Resource Identifier) delle risorse richieste, l\u2019orario della richiesta, il metodo utilizzato nel sottoporre la richiesta al server, la dimensione del file ottenuto in risposta, il codice numerico indicante lo stato della risposta data dal server (buon fine, errore, ecc.) ed altri parametri relativi al sistema operativo e all\u2019ambiente informatico dell\u2019utente. Questi dati sono utilizzati al solo fine di ricavare informazioni statistiche anonime sull\u2019uso del SITO e per controllarne il corretto funzionamento. I dati potrebbero essere resi disponibili dal TITOLARE DEL TRATTAMENTO\u00a0per l\u2019accertamento di responsabilit\u00e0 in caso di ipotetici reati informatici o altre richieste autorizzate dall\u2019autorit\u00e0 giudiziaria.<br \/>\n<u>Dati conferiti volontariamente dagli utenti del sito<\/u><br \/>\nL\u2019invio facoltativo, esplicito e volontario di messaggi di posta elettronica agli indirizzi indicati sul SITO o tramite la compilazione di moduli di richiesta o altre procedure guidate presenti sul SITO stesso, comporta la successiva acquisizione dell\u2019indirizzo del mittente, necessario per rispondere alle richieste, nonch\u00e9 degli eventuali altri dati personali inseriti.<br \/>\nSpecifiche informative di sintesi verranno riportate o visualizzate nelle pagine del sito predisposte per particolari servizi a richiesta.<\/p>\n<p>&nbsp;<\/p>\n<h5 style=\"text-align: justify;\">FACOLTATIVITA\u2019 DEL CONFERIMENTO DEI DATI<\/h5>\n<p style=\"text-align: justify;\">A parte quanto specificato per i dati di navigazione, l\u2019utente \u00e8 libero di fornire i dati personali riportati nei moduli di richiesta o comunque indicati in contatti per sollecitare l\u2019invio di materiale informativo o di altre comunicazioni. Il loro mancato conferimento pu\u00f2 comportare l\u2019impossibilit\u00e0 di ottenere quanto richiesto. Per completezza va ricordato che, in alcuni casi (non oggetto dell\u2019ordinaria gestione di questo sito), l\u2019Autorit\u00e0 pu\u00f2 richiedere notizie e informazioni, ai fini del controllo sul trattamento dei dati personali. In questi casi la risposta \u00e8 obbligatoria a pena di sanzione amministrativa.<\/p>\n<p>&nbsp;<\/p>\n<h5 style=\"text-align: justify;\">MODALITA\u2019 DEL TRATTAMENTO<\/h5>\n<p style=\"text-align: justify;\">I dati personali sono trattati con e senza strumenti elettronici o comunque automatizzati, informatici o telematici per il tempo strettamente necessario a conseguire gli scopi per cui sono stati raccolti. Specifiche misure di sicurezza sono osservate per prevenire la perdita dei dati, usi illeciti o non corretti ed accessi non autorizzati in ottemperanza agli obblighi di adeguamento a misure minime di sicurezza.<br \/>\nPer fornire un servizio completo il SITO pu\u00f2 contenere link ad altri siti web, non gestiti dal presente TITOLARE DEL TRATTAMENTO il quale non pu\u00f2 essere ritenuto responsabile di errori, contenuti, cookie, pubblicazioni di contenuto morale illecito, pubblicit\u00e0, banner o file non conformi alle disposizioni normative vigenti e del rispetto della normativa Privacy da parte dei siti suddetti.<\/p>\n<p>&nbsp;<\/p>\n<h5 style=\"text-align: justify;\">DIRITTI DEGLI INTERESSATI<\/h5>\n<p style=\"text-align: justify;\">I soggetti cui si riferiscono i dati personali hanno il diritto in qualunque momento di ottenere la conferma dell\u2019esistenza o meno dei medesimi dati e di conoscerne il contenuto e l\u2019origine, verificarne l\u2019esattezza o chiederne l\u2019integrazione o l\u2019aggiornamento, oppure la rettificazione. Si ha inoltre il diritto di chiedere la cancellazione, la trasformazione in forma anonima o il blocco dei dati trattati in violazione di legge, nonch\u00e9 di opporsi, per motivi legittimi, al loro trattamento.<br \/>\nIn ogni caso l\u2019Utente rester\u00e0 libero in ogni momento di revocare i consensi dallo stesso prestati, inviando senza formalit\u00e0 una comunicazione in tal senso al TITOLARE DEL TRATTAMENTO ai recapiti riportati all\u2019inizio del presente documento.<\/p>\n<p>&nbsp;<\/p>\n<h5 style=\"text-align: justify;\">MODIFICHE ALLA PRESENTE PRIVACY POLICY<\/h5>\n<p style=\"text-align: justify;\">Il TITOLARE DEL TRATTAMENTO si riserva il diritto di aggiornare la presente Privacy Policy in ogni momento per adeguarla al diritto sopravveniente e di migliorarla tenendo conto anche dei suggerimenti trasmessi da clienti, collaboratori ed utenti.<\/p>\n<\/div>\n<p>&nbsp;<\/p>\n","protected":false},"excerpt":{"rendered":"<p>Il trattamento dei dati personali che la riguardano viene svolto nel rispetto di quanto stabilito dal Reg. Ce 679\/2016. I dati personali da Voi forniti possono formare oggetto di trattamento nel rispetto della normativa sopra richiamata. I suoi dati non&hellip; <\/p>\n","protected":false},"author":1,"featured_media":0,"parent":0,"menu_order":0,"comment_status":"closed","ping_status":"closed","template":"","meta":{"footnotes":""},"class_list":["post-3648","page","type-page","status-publish","hentry"],"yoast_head":"<!-- This site is optimized with the Yoast SEO plugin v24.0 - https:\/\/yoast.com\/wordpress\/plugins\/seo\/ -->\n<title>Informativa sulla privacy - MEDICO S.R.L.<\/title>\n<meta name=\"robots\" content=\"noindex, nofollow\" \/>\n<meta property=\"og:locale\" content=\"it_IT\" \/>\n<meta property=\"og:type\" content=\"article\" \/>\n<meta property=\"og:title\" content=\"Informativa sulla privacy - MEDICO S.R.L.\" \/>\n<meta property=\"og:description\" content=\"Il trattamento dei dati personali che la riguardano viene svolto nel rispetto di quanto stabilito dal Reg. Ce 679\/2016. I dati personali da Voi forniti possono formare oggetto di trattamento nel rispetto della normativa sopra richiamata. I suoi dati non&hellip;\" \/>\n<meta property=\"og:url\" content=\"https:\/\/medicoweb.com\/main\/informativa-privacy\/\" \/>\n<meta property=\"og:site_name\" content=\"MEDICO S.R.L.\" \/>\n<meta property=\"article:publisher\" content=\"https:\/\/www.facebook.com\/MedicoSpa\/\" \/>\n<meta property=\"article:modified_time\" content=\"2024-10-09T13:09:32+00:00\" \/>\n<meta name=\"twitter:card\" content=\"summary_large_image\" \/>\n<meta name=\"twitter:label1\" content=\"Tempo di lettura stimato\" \/>\n\t<meta name=\"twitter:data1\" content=\"6 minuti\" \/>\n<script type=\"application\/ld+json\" class=\"yoast-schema-graph\">{\"@context\":\"https:\/\/schema.org\",\"@graph\":[{\"@type\":\"WebPage\",\"@id\":\"https:\/\/medicoweb.com\/main\/informativa-privacy\/\",\"url\":\"https:\/\/medicoweb.com\/main\/informativa-privacy\/\",\"name\":\"Informativa sulla privacy - MEDICO S.R.L.\",\"isPartOf\":{\"@id\":\"https:\/\/medicoweb.com\/main\/#website\"},\"datePublished\":\"2018-06-11T15:41:13+00:00\",\"dateModified\":\"2024-10-09T13:09:32+00:00\",\"breadcrumb\":{\"@id\":\"https:\/\/medicoweb.com\/main\/informativa-privacy\/#breadcrumb\"},\"inLanguage\":\"it-IT\",\"potentialAction\":[{\"@type\":\"ReadAction\",\"target\":[\"https:\/\/medicoweb.com\/main\/informativa-privacy\/\"]}]},{\"@type\":\"BreadcrumbList\",\"@id\":\"https:\/\/medicoweb.com\/main\/informativa-privacy\/#breadcrumb\",\"itemListElement\":[{\"@type\":\"ListItem\",\"position\":1,\"name\":\"Home\",\"item\":\"https:\/\/medicoweb.com\/main\/\"},{\"@type\":\"ListItem\",\"position\":2,\"name\":\"Informativa sulla privacy\"}]},{\"@type\":\"WebSite\",\"@id\":\"https:\/\/medicoweb.com\/main\/#website\",\"url\":\"https:\/\/medicoweb.com\/main\/\",\"name\":\"MEDICO S.p.A.\",\"description\":\"Italian Design For Life\",\"publisher\":{\"@id\":\"https:\/\/medicoweb.com\/main\/#organization\"},\"potentialAction\":[{\"@type\":\"SearchAction\",\"target\":{\"@type\":\"EntryPoint\",\"urlTemplate\":\"https:\/\/medicoweb.com\/main\/?s={search_term_string}\"},\"query-input\":{\"@type\":\"PropertyValueSpecification\",\"valueRequired\":true,\"valueName\":\"search_term_string\"}}],\"inLanguage\":\"it-IT\"},{\"@type\":\"Organization\",\"@id\":\"https:\/\/medicoweb.com\/main\/#organization\",\"name\":\"MEDICO S.p.A.\",\"url\":\"https:\/\/medicoweb.com\/main\/\",\"logo\":{\"@type\":\"ImageObject\",\"inLanguage\":\"it-IT\",\"@id\":\"https:\/\/medicoweb.com\/main\/#\/schema\/logo\/image\/\",\"url\":\"https:\/\/medicoweb.com\/main\/wp-content\/uploads\/logo_medico2016-1.png\",\"contentUrl\":\"https:\/\/medicoweb.com\/main\/wp-content\/uploads\/logo_medico2016-1.png\",\"width\":350,\"height\":84,\"caption\":\"MEDICO S.p.A.\"},\"image\":{\"@id\":\"https:\/\/medicoweb.com\/main\/#\/schema\/logo\/image\/\"},\"sameAs\":[\"https:\/\/www.facebook.com\/MedicoSpa\/\",\"https:\/\/it.linkedin.com\/company\/medico-s.p.a.\",\"https:\/\/www.youtube.com\/channel\/UCobmQUF5q8SwwMSZ00fA65g\"]}]}<\/script>\n<!-- \/ Yoast SEO plugin. -->","yoast_head_json":{"title":"Informativa sulla privacy - MEDICO S.R.L.","robots":{"index":"noindex","follow":"nofollow"},"og_locale":"it_IT","og_type":"article","og_title":"Informativa sulla privacy - MEDICO S.R.L.","og_description":"Il trattamento dei dati personali che la riguardano viene svolto nel rispetto di quanto stabilito dal Reg. Ce 679\/2016. I dati personali da Voi forniti possono formare oggetto di trattamento nel rispetto della normativa sopra richiamata. I suoi dati non&hellip;","og_url":"https:\/\/medicoweb.com\/main\/informativa-privacy\/","og_site_name":"MEDICO S.R.L.","article_publisher":"https:\/\/www.facebook.com\/MedicoSpa\/","article_modified_time":"2024-10-09T13:09:32+00:00","twitter_card":"summary_large_image","twitter_misc":{"Tempo di lettura stimato":"6 minuti"},"schema":{"@context":"https:\/\/schema.org","@graph":[{"@type":"WebPage","@id":"https:\/\/medicoweb.com\/main\/informativa-privacy\/","url":"https:\/\/medicoweb.com\/main\/informativa-privacy\/","name":"Informativa sulla privacy - MEDICO S.R.L.","isPartOf":{"@id":"https:\/\/medicoweb.com\/main\/#website"},"datePublished":"2018-06-11T15:41:13+00:00","dateModified":"2024-10-09T13:09:32+00:00","breadcrumb":{"@id":"https:\/\/medicoweb.com\/main\/informativa-privacy\/#breadcrumb"},"inLanguage":"it-IT","potentialAction":[{"@type":"ReadAction","target":["https:\/\/medicoweb.com\/main\/informativa-privacy\/"]}]},{"@type":"BreadcrumbList","@id":"https:\/\/medicoweb.com\/main\/informativa-privacy\/#breadcrumb","itemListElement":[{"@type":"ListItem","position":1,"name":"Home","item":"https:\/\/medicoweb.com\/main\/"},{"@type":"ListItem","position":2,"name":"Informativa sulla privacy"}]},{"@type":"WebSite","@id":"https:\/\/medicoweb.com\/main\/#website","url":"https:\/\/medicoweb.com\/main\/","name":"MEDICO S.p.A.","description":"Italian Design For Life","publisher":{"@id":"https:\/\/medicoweb.com\/main\/#organization"},"potentialAction":[{"@type":"SearchAction","target":{"@type":"EntryPoint","urlTemplate":"https:\/\/medicoweb.com\/main\/?s={search_term_string}"},"query-input":{"@type":"PropertyValueSpecification","valueRequired":true,"valueName":"search_term_string"}}],"inLanguage":"it-IT"},{"@type":"Organization","@id":"https:\/\/medicoweb.com\/main\/#organization","name":"MEDICO S.p.A.","url":"https:\/\/medicoweb.com\/main\/","logo":{"@type":"ImageObject","inLanguage":"it-IT","@id":"https:\/\/medicoweb.com\/main\/#\/schema\/logo\/image\/","url":"https:\/\/medicoweb.com\/main\/wp-content\/uploads\/logo_medico2016-1.png","contentUrl":"https:\/\/medicoweb.com\/main\/wp-content\/uploads\/logo_medico2016-1.png","width":350,"height":84,"caption":"MEDICO S.p.A."},"image":{"@id":"https:\/\/medicoweb.com\/main\/#\/schema\/logo\/image\/"},"sameAs":["https:\/\/www.facebook.com\/MedicoSpa\/","https:\/\/it.linkedin.com\/company\/medico-s.p.a.","https:\/\/www.youtube.com\/channel\/UCobmQUF5q8SwwMSZ00fA65g"]}]}},"_links":{"self":[{"href":"https:\/\/medicoweb.com\/main\/wp-json\/wp\/v2\/pages\/3648","targetHints":{"allow":["GET"]}}],"collection":[{"href":"https:\/\/medicoweb.com\/main\/wp-json\/wp\/v2\/pages"}],"about":[{"href":"https:\/\/medicoweb.com\/main\/wp-json\/wp\/v2\/types\/page"}],"author":[{"embeddable":true,"href":"https:\/\/medicoweb.com\/main\/wp-json\/wp\/v2\/users\/1"}],"replies":[{"embeddable":true,"href":"https:\/\/medicoweb.com\/main\/wp-json\/wp\/v2\/comments?post=3648"}],"version-history":[{"count":3,"href":"https:\/\/medicoweb.com\/main\/wp-json\/wp\/v2\/pages\/3648\/revisions"}],"predecessor-version":[{"id":7384,"href":"https:\/\/medicoweb.com\/main\/wp-json\/wp\/v2\/pages\/3648\/revisions\/7384"}],"wp:attachment":[{"href":"https:\/\/medicoweb.com\/main\/wp-json\/wp\/v2\/media?parent=3648"}],"curies":[{"name":"wp","href":"https:\/\/api.w.org\/{rel}","templated":true}]}}