{"id":4529,"date":"2019-12-02T16:36:09","date_gmt":"2019-12-02T15:36:09","guid":{"rendered":"https:\/\/medicoweb.com\/main\/?page_id=4529"},"modified":"2020-02-19T12:32:45","modified_gmt":"2020-02-19T11:32:45","slug":"iris-dr-dddr-iris-d-ddd-iris-vdr-vddr","status":"publish","type":"page","link":"https:\/\/medicoweb.com\/main\/iris-dr-dddr-iris-d-ddd-iris-vdr-vddr\/","title":{"rendered":"Iris DR (DDDR) \u2013 Iris D (DDD) \u2013 Iris VDR (VDDR)"},"content":{"rendered":"<p><img loading=\"lazy\" decoding=\"async\" class=\"wp-image-4457 size-full alignleft\" src=\"https:\/\/medicoweb.com\/main\/wp-content\/uploads\/pm_iris_dr_d_vdr.jpg\" alt=\"\" width=\"230\" height=\"180\" \/><\/p>\n<h6 style=\"text-align: right;\">Iris DR (DDDR) <a><br \/>\n<\/a><a href=\"https:\/\/medicoweb.com\/main\/legenda\/\"><img loading=\"lazy\" decoding=\"async\" class=\"alignnone\" title=\"ELETTROGRAMMA INTRACAVITARIO INTEGRATO \/ INTEGRATED INTRACARDIAC ELECTROGRAM\" src=\"https:\/\/medicoweb.com\/main\/wp-content\/uploads\/iecg_icona.png\" alt=\"\" width=\"45\" height=\"28\" \/><img loading=\"lazy\" decoding=\"async\" class=\"alignnone\" title=\"IMPEDENZA TRANS VALVOLARE \/ TRANS VALVULAR IMPEDANCE\" src=\"https:\/\/medicoweb.com\/main\/wp-content\/uploads\/tvi_icona.png\" alt=\"\" width=\"45\" height=\"28\" \/><img loading=\"lazy\" decoding=\"async\" class=\"alignnone\" title=\"STIMOLAZIONE DDD \/ DDD STIMULATION\" src=\"https:\/\/medicoweb.com\/main\/wp-content\/uploads\/ddd_icona.png\" alt=\"\" width=\"45\" height=\"28\" \/><img loading=\"lazy\" decoding=\"async\" class=\"alignnone\" title=\"TECNOLOGIA A MICROPROCESSORE \/ PROCESSOR TECHNOLOGY\" src=\"https:\/\/medicoweb.com\/main\/wp-content\/uploads\/processore_icona.png\" alt=\"\" width=\"45\" height=\"28\" \/><img loading=\"lazy\" decoding=\"async\" class=\"alignnone\" title=\"SENSORE ACCELEROMETRICO \/ ACCELEROMETRIC SENSOR\" src=\"https:\/\/medicoweb.com\/main\/wp-content\/uploads\/sensore_accelerometrico_icona.png\" alt=\"\" width=\"45\" height=\"28\" \/><img loading=\"lazy\" decoding=\"async\" class=\"alignnone size-full wp-image-4449\" title=\"CONTROLLO REMOTO \/ REMOTE CONTROL\" src=\"https:\/\/medicoweb.com\/main\/wp-content\/uploads\/ermes_deo_icona.png\" alt=\"\" width=\"45\" height=\"28\" \/><\/a><\/h6>\n<h6 style=\"text-align: right;\">Iris D (DDD) <a><br \/>\n<\/a><a href=\"https:\/\/medicoweb.com\/main\/legenda\/\"><img loading=\"lazy\" decoding=\"async\" class=\"alignnone\" title=\"ELETTROGRAMMA INTRACAVITARIO INTEGRATO \/ INTEGRATED INTRACARDIAC ELECTROGRAM\" src=\"https:\/\/medicoweb.com\/main\/wp-content\/uploads\/iecg_icona.png\" alt=\"\" width=\"45\" height=\"28\" \/><img loading=\"lazy\" decoding=\"async\" class=\"alignnone\" title=\"IMPEDENZA TRANS VALVOLARE \/ TRANS VALVULAR IMPEDANCE\" src=\"https:\/\/medicoweb.com\/main\/wp-content\/uploads\/tvi_icona.png\" alt=\"\" width=\"45\" height=\"28\" \/><img loading=\"lazy\" decoding=\"async\" class=\"alignnone\" title=\"STIMOLAZIONE DDD \/ DDD STIMULATION\" src=\"https:\/\/medicoweb.com\/main\/wp-content\/uploads\/ddd_icona.png\" alt=\"\" width=\"45\" height=\"28\" \/><img loading=\"lazy\" decoding=\"async\" class=\"alignnone\" title=\"TECNOLOGIA A MICROPROCESSORE \/ PROCESSOR TECHNOLOGY\" src=\"https:\/\/medicoweb.com\/main\/wp-content\/uploads\/processore_icona.png\" alt=\"\" width=\"45\" height=\"28\" \/><img loading=\"lazy\" decoding=\"async\" class=\"alignnone size-full wp-image-4449\" title=\"CONTROLLO REMOTO \/ REMOTE CONTROL\" src=\"https:\/\/medicoweb.com\/main\/wp-content\/uploads\/ermes_deo_icona.png\" alt=\"\" width=\"45\" height=\"28\" \/><\/a><\/h6>\n<h6 style=\"text-align: right;\">Iris VDR (VDDR) <a><br \/>\n<\/a><a href=\"https:\/\/medicoweb.com\/main\/legenda\/\"><img loading=\"lazy\" decoding=\"async\" class=\"alignnone\" title=\"ELETTROGRAMMA INTRACAVITARIO INTEGRATO \/ INTEGRATED INTRACARDIAC ELECTROGRAM\" src=\"https:\/\/medicoweb.com\/main\/wp-content\/uploads\/iecg_icona.png\" alt=\"\" width=\"45\" height=\"28\" \/><img loading=\"lazy\" decoding=\"async\" class=\"alignnone\" title=\"IMPEDENZA TRANS VALVOLARE \/ TRANS VALVULAR IMPEDANCE\" src=\"https:\/\/medicoweb.com\/main\/wp-content\/uploads\/tvi_icona.png\" alt=\"\" width=\"45\" height=\"28\" \/><img loading=\"lazy\" decoding=\"async\" class=\"alignnone wp-image-1379 size-full\" title=\"STIMOLAZIONE VDD \/ VDD STIMULATION\" src=\"https:\/\/medicoweb.com\/main\/wp-content\/uploads\/vdd_icona.png\" alt=\"\" width=\"45\" height=\"28\" \/><img loading=\"lazy\" decoding=\"async\" class=\"alignnone\" title=\"TECNOLOGIA A MICROPROCESSORE \/ PROCESSOR TECHNOLOGY\" src=\"https:\/\/medicoweb.com\/main\/wp-content\/uploads\/processore_icona.png\" alt=\"\" width=\"45\" height=\"28\" \/><img loading=\"lazy\" decoding=\"async\" class=\"alignnone\" title=\"SENSORE ACCELEROMETRICO \/ ACCELEROMETRIC SENSOR\" src=\"https:\/\/medicoweb.com\/main\/wp-content\/uploads\/sensore_accelerometrico_icona.png\" alt=\"\" width=\"45\" height=\"28\" \/><img loading=\"lazy\" decoding=\"async\" class=\"alignnone size-full wp-image-4449\" title=\"CONTROLLO REMOTO \/ REMOTE CONTROL\" src=\"https:\/\/medicoweb.com\/main\/wp-content\/uploads\/ermes_deo_icona.png\" alt=\"\" width=\"45\" height=\"28\" \/><\/a><\/h6>\n<h3><\/h3>\n<h4 style=\"text-align: right;\"><span style=\"color: #6a7075;\">Pacing bicamerale avanzato con il supporto del controllo remoto<\/span><\/h4>\n<p>&nbsp;<\/p>\n<hr \/>\n<h6>Maggiori informazioni su:<\/h6>\n<p><span style=\"color: #6a7075;\"><strong><a href=\"https:\/\/medicoweb.com\/main\/monitoraggio-remoto\/\"><img loading=\"lazy\" decoding=\"async\" class=\"alignnone size-full wp-image-4449\" src=\"https:\/\/medicoweb.com\/main\/wp-content\/uploads\/ermes_deo_icona.png\" width=\"45\" height=\"28\" \/>Monitoraggio remoto<\/a>\u00a0 | <a href=\"https:\/\/medicoweb.com\/main\/pacing-vdd-monocatetere\/\"><img loading=\"lazy\" decoding=\"async\" class=\"alignnone wp-image-4935 size-full\" src=\"https:\/\/medicoweb.com\/main\/wp-content\/uploads\/pacing_vdd_icona.png\" alt=\"\" width=\"45\" height=\"28\" \/>Pacing VDD monocatetere<\/a><\/strong><br \/>\n<\/span><\/p>\n<hr \/>\n<h3>Valutazione diagnostica delle tachicardie basata su un elettrogramma innovativo ( iECG )<\/h3>\n<p>L\u2019iECG completa la serie di tracciati utilizzati nella famiglia IRIS: l\u2019EGM atriale e ventricolare filtrati (da cui dipende la funzione di sensing) e i corrispondenti EGM a larga banda, che consentono una valutazione della morfologia e della durata del segnale. L\u2019iECG perfeziona ulteriormente questo aspetto, fornendo un tracciato paragonabile ad una derivazione ECG di superficie migliorata nella visualizzazione dell\u2019attivit\u00e0 atriale.<br \/>\nViene registrato automaticamente in caso di tachicardia (opzionalmente insieme alla TVI) per<br \/>\ndiscriminare tachicardie ventricolari e sopraventricolari, tollerate o non tollerate a livello emodinamico.<\/p>\n<p><img loading=\"lazy\" decoding=\"async\" class=\"alignleft size-full wp-image-3289\" src=\"https:\/\/medicoweb.com\/main\/wp-content\/uploads\/iecg_svt_ita.jpg\" alt=\"iecg_svt_ita\" width=\"644\" height=\"193\" srcset=\"https:\/\/medicoweb.com\/main\/wp-content\/uploads\/iecg_svt_ita.jpg 644w, https:\/\/medicoweb.com\/main\/wp-content\/uploads\/iecg_svt_ita-300x90.jpg 300w\" sizes=\"auto, (max-width: 644px) 100vw, 644px\" \/><\/p>\n<p>La morfologia del complesso ventricolare dell\u2019iECG rimane stabile nelle TSV . Le fluttuazioni di TVI sono di ampiezza ridotta, ma regolarmente presenti in ogni ciclo.<\/p>\n<p><img loading=\"lazy\" decoding=\"async\" class=\"alignleft size-full wp-image-3291\" src=\"https:\/\/medicoweb.com\/main\/wp-content\/uploads\/iecg_vt_ita.jpg\" alt=\"iecg_vt_ita\" width=\"644\" height=\"193\" srcset=\"https:\/\/medicoweb.com\/main\/wp-content\/uploads\/iecg_vt_ita.jpg 644w, https:\/\/medicoweb.com\/main\/wp-content\/uploads\/iecg_vt_ita-300x90.jpg 300w\" sizes=\"auto, (max-width: 644px) 100vw, 644px\" \/><\/p>\n<p>Nelle TV, la morfologia del complesso ventricolare dell\u2019iECG cambia radicalmente. L\u2019esempio mostra una TV non tollerata che termina spontaneamente. Le fluttuazioni di TVI si annullano in assenza di gittata, per ricomparire appena il ritmo viene ristabilito.<\/p>\n<hr \/>\n<h3>Riduzione del pacing ventricolare (VPR) nel pieno rispetto dei vincoli emodinamici<\/h3>\n<p>Gli stimolatori della famiglia IRIS sono progettati per limitare il pi\u00f9 possibile il pacing ventricolare, purch\u00e9 ci\u00f2 non comprometta l\u2019efficienza emodinamica.<br \/>\nE\u2019 possibile evitare la stimolazione anche nei BAV di 2\u00b0 grado che mantengono il rapporto di conduzione entro il valore limite programmato.<\/p>\n<p><img loading=\"lazy\" decoding=\"async\" class=\"alignleft size-full wp-image-3269\" src=\"https:\/\/medicoweb.com\/main\/wp-content\/uploads\/pr_consentito_ita.jpg\" alt=\"pr_consentito_ita\" width=\"644\" height=\"474\" srcset=\"https:\/\/medicoweb.com\/main\/wp-content\/uploads\/pr_consentito_ita.jpg 644w, https:\/\/medicoweb.com\/main\/wp-content\/uploads\/pr_consentito_ita-300x221.jpg 300w\" sizes=\"auto, (max-width: 644px) 100vw, 644px\" \/><\/p>\n<p>Il limite superiore del PR tollerato si accorcia dinamicamente in base alla frequenza cardiaca per prevenire la sistole atriale a valvole chiuse.<\/p>\n<hr \/>\n<h3>Sorveglianza emodinamica e monitoraggio della meccanica ventricolare tramite acquisizione dell\u2019impedenza transvalvolare (TVI)<\/h3>\n<p>Nella famiglia IRIS, gli elettrodi di applicazione della corrente e di rilevamento della corrispondente tensione sono programmabili indipendentemente.<br \/>\nCi\u00f2 consente di studiare la motilit\u00e0 del ventricolo in aree diverse permettendo una caratterizzazione diagnostica dell\u2019attivit\u00e0 meccanica sempre pi\u00f9 completa.<br \/>\nIn assenza di una programmazione specifica, 3 mesi dopo l\u2019impianto, il sistema si calibra automaticamente in modo da fornire il miglior segnale possibile.<br \/>\nIn caso di tachicardia, il tracciato di TVI pu\u00f2 essere confrontato con il segnale basale, per fornire indicazioni sull\u2019impatto emodinamico dell\u2019aritmia.<br \/>\nUna variazione del segnale TVI nel lungo periodo \u00e8 invece un dato utile per selezionare i pazienti che richiedono un controllo accurato della funzione emodinamica.<\/p>\n<hr \/>\n<h3>Autoregolazione della sensibilit\u00e0 atriale e ventricolare<\/h3>\n<p>La sensibilit\u00e0 atriale e ventricolare si adegua automaticamente all\u2019ampiezza del segnale intrinseco.<br \/>\nL\u2019algoritmo \u00e8 stato studiato per poter garantire un margine di sicurezza di almeno 3X.<br \/>\nLa sensibilit\u00e0 atriale \u00e8 programmabile fino a 0.08 mV, rendendo cos\u00ec il dispositivo compatibile con il pacing VDD monocatetere.<\/p>\n<hr \/>\n<h3>Gestione rapida ed intuitiva dei follow-up<\/h3>\n<ul>\n<li>Comunicazione telemetrica veloce e sicura, sia nei processi di riprogrammazione che di recupero dei dati diagnostici e dei tracciati acquisiti.<\/li>\n<li>Le funzioni abilitate restano operative anche durante i follow-up, agevolando cos\u00ec la verifica del funzionamento appropriato del sistema.<\/li>\n<li>Misure di batteria e cateteri aggiornate quotidianamente.<\/li>\n<li>Trend dell\u2019energia di stimolazione e dei segnali di sensing.<\/li>\n<\/ul>\n<p>&nbsp;<\/p>\n<hr \/>\n<h3>Controllo remoto tramite il dispositivo di comunicazione Ermes<\/h3>\n<p>Il sistema di controllo mobile Medico tiene in contatto il paziente ed il suo Cardiologo:<\/p>\n<ul>\n<li>Realizzando controlli di follow-up sintetici o completi ovunque ed in qualsiasi momento.<\/li>\n<li>Rilevando eventuali allarmi di natura tecnica o clinica.<\/li>\n<li>Creando un appropriato rapporto sul controllo effettuato, corredato dei tracciati iECG e TVI registrati in tachicardia.<\/li>\n<li>Inviando il rapporto all\u2019indirizzo prestabilito.<\/li>\n<\/ul>\n<p><img loading=\"lazy\" decoding=\"async\" class=\"alignnone size-full wp-image-4444\" src=\"https:\/\/medicoweb.com\/main\/wp-content\/uploads\/controllo_remoto_ermes.jpg\" alt=\"\" width=\"1000\" height=\"449\" \/><\/p>\n<p>&nbsp;<\/p>\n<p>&nbsp;<\/p>\n<hr \/>\n<p align=\"left\"><img loading=\"lazy\" decoding=\"async\" class=\" wp-image-4629 alignleft\" src=\"https:\/\/medicoweb.com\/main\/wp-content\/uploads\/icona_supporto.png\" alt=\"\" width=\"45\" height=\"45\" \/><span style=\"color: #0575d2;\"><span style=\"font-size: 10pt;\"><em> Per maggiori informazioni o per supporto tecnico, vi preghiamo di <\/em><\/span><a title=\"Contatti\" href=\"https:\/\/medicoweb.com\/main\/?page_id=16\"><span style=\"font-size: 10pt;\"><strong>CONTATTARCI<\/strong> &gt;&gt;<\/span><\/a><\/span><\/p>\n<p>&nbsp;<\/p>\n<hr \/>\n<p>&nbsp;<\/p>\n<p align=\"center\"><a href=\"#top\"><img loading=\"lazy\" decoding=\"async\" src=\"https:\/\/medicoweb.com\/main\/wp-content\/uploads\/torna_su.png\" alt=\"\" width=\"28\" height=\"28\" \/> Inizio<\/a><\/p>\n<p>&nbsp;<\/p>\n<p>&nbsp;<\/p>\n<p style=\"text-align: center;\"><span style=\"text-align: center; font-size: 16px;\"><a href=\"https:\/\/medicoweb.com\/main\/prodotti\/\"> <strong>Prodotti<\/strong><\/a> | <a title=\"Tecnologia\" href=\"https:\/\/medicoweb.com\/main\/tecnologia\/\"><strong>Tecnologia<\/strong><\/a> | <a title=\"Supporto\" href=\"https:\/\/medicoweb.com\/main\/supporto\/\"><strong>Supporto<\/strong><\/a> | <a title=\"Contatti\" href=\"https:\/\/medicoweb.com\/main\/contatti\/\"><strong>Contatti<\/strong><\/a><\/span><\/p>\n","protected":false},"excerpt":{"rendered":"<p>Iris DR (DDDR) Iris D (DDD) Iris VDR (VDDR) Pacing bicamerale avanzato con il supporto del controllo remoto &nbsp; Maggiori informazioni su: Monitoraggio remoto\u00a0 | Pacing VDD monocatetere Valutazione diagnostica delle tachicardie basata su un elettrogramma innovativo ( iECG )&hellip; <\/p>\n","protected":false},"author":1,"featured_media":0,"parent":0,"menu_order":0,"comment_status":"closed","ping_status":"closed","template":"","meta":{"footnotes":""},"class_list":["post-4529","page","type-page","status-publish","hentry"],"yoast_head":"<!-- This site is optimized with the Yoast SEO plugin v24.0 - https:\/\/yoast.com\/wordpress\/plugins\/seo\/ -->\n<title>Iris DR (DDDR) \u2013 Iris D (DDD) \u2013 Iris VDR (VDDR) - MEDICO S.R.L.<\/title>\n<meta name=\"robots\" content=\"index, follow, max-snippet:-1, max-image-preview:large, max-video-preview:-1\" \/>\n<link rel=\"canonical\" href=\"https:\/\/medicoweb.com\/main\/iris-dr-dddr-iris-d-ddd-iris-vdr-vddr\/\" \/>\n<meta property=\"og:locale\" content=\"it_IT\" \/>\n<meta property=\"og:type\" content=\"article\" \/>\n<meta property=\"og:title\" content=\"Iris DR (DDDR) \u2013 Iris D (DDD) \u2013 Iris VDR (VDDR) - MEDICO S.R.L.\" \/>\n<meta property=\"og:description\" content=\"Iris DR (DDDR) Iris D (DDD) Iris VDR (VDDR) Pacing bicamerale avanzato con il supporto del controllo remoto &nbsp; Maggiori informazioni su: Monitoraggio remoto\u00a0 | Pacing VDD monocatetere Valutazione diagnostica delle tachicardie basata su un elettrogramma innovativo ( iECG )&hellip;\" \/>\n<meta property=\"og:url\" content=\"https:\/\/medicoweb.com\/main\/iris-dr-dddr-iris-d-ddd-iris-vdr-vddr\/\" \/>\n<meta property=\"og:site_name\" content=\"MEDICO S.R.L.\" \/>\n<meta property=\"article:publisher\" content=\"https:\/\/www.facebook.com\/MedicoSpa\/\" \/>\n<meta property=\"article:modified_time\" content=\"2020-02-19T11:32:45+00:00\" \/>\n<meta property=\"og:image\" content=\"https:\/\/medicoweb.com\/main\/wp-content\/uploads\/pm_iris_dr_d_vdr.jpg\" \/>\n<meta name=\"twitter:card\" content=\"summary_large_image\" \/>\n<meta name=\"twitter:label1\" content=\"Tempo di lettura stimato\" \/>\n\t<meta name=\"twitter:data1\" content=\"3 minuti\" \/>\n<script type=\"application\/ld+json\" class=\"yoast-schema-graph\">{\"@context\":\"https:\/\/schema.org\",\"@graph\":[{\"@type\":\"WebPage\",\"@id\":\"https:\/\/medicoweb.com\/main\/iris-dr-dddr-iris-d-ddd-iris-vdr-vddr\/\",\"url\":\"https:\/\/medicoweb.com\/main\/iris-dr-dddr-iris-d-ddd-iris-vdr-vddr\/\",\"name\":\"Iris DR (DDDR) \u2013 Iris D (DDD) \u2013 Iris VDR (VDDR) - MEDICO S.R.L.\",\"isPartOf\":{\"@id\":\"https:\/\/medicoweb.com\/main\/#website\"},\"primaryImageOfPage\":{\"@id\":\"https:\/\/medicoweb.com\/main\/iris-dr-dddr-iris-d-ddd-iris-vdr-vddr\/#primaryimage\"},\"image\":{\"@id\":\"https:\/\/medicoweb.com\/main\/iris-dr-dddr-iris-d-ddd-iris-vdr-vddr\/#primaryimage\"},\"thumbnailUrl\":\"https:\/\/medicoweb.com\/main\/wp-content\/uploads\/pm_iris_dr_d_vdr.jpg\",\"datePublished\":\"2019-12-02T15:36:09+00:00\",\"dateModified\":\"2020-02-19T11:32:45+00:00\",\"breadcrumb\":{\"@id\":\"https:\/\/medicoweb.com\/main\/iris-dr-dddr-iris-d-ddd-iris-vdr-vddr\/#breadcrumb\"},\"inLanguage\":\"it-IT\",\"potentialAction\":[{\"@type\":\"ReadAction\",\"target\":[\"https:\/\/medicoweb.com\/main\/iris-dr-dddr-iris-d-ddd-iris-vdr-vddr\/\"]}]},{\"@type\":\"ImageObject\",\"inLanguage\":\"it-IT\",\"@id\":\"https:\/\/medicoweb.com\/main\/iris-dr-dddr-iris-d-ddd-iris-vdr-vddr\/#primaryimage\",\"url\":\"https:\/\/medicoweb.com\/main\/wp-content\/uploads\/pm_iris_dr_d_vdr.jpg\",\"contentUrl\":\"https:\/\/medicoweb.com\/main\/wp-content\/uploads\/pm_iris_dr_d_vdr.jpg\",\"width\":230,\"height\":180},{\"@type\":\"BreadcrumbList\",\"@id\":\"https:\/\/medicoweb.com\/main\/iris-dr-dddr-iris-d-ddd-iris-vdr-vddr\/#breadcrumb\",\"itemListElement\":[{\"@type\":\"ListItem\",\"position\":1,\"name\":\"Home\",\"item\":\"https:\/\/medicoweb.com\/main\/\"},{\"@type\":\"ListItem\",\"position\":2,\"name\":\"Iris DR (DDDR) \u2013 Iris D (DDD) \u2013 Iris VDR (VDDR)\"}]},{\"@type\":\"WebSite\",\"@id\":\"https:\/\/medicoweb.com\/main\/#website\",\"url\":\"https:\/\/medicoweb.com\/main\/\",\"name\":\"MEDICO S.p.A.\",\"description\":\"Italian Design For Life\",\"publisher\":{\"@id\":\"https:\/\/medicoweb.com\/main\/#organization\"},\"potentialAction\":[{\"@type\":\"SearchAction\",\"target\":{\"@type\":\"EntryPoint\",\"urlTemplate\":\"https:\/\/medicoweb.com\/main\/?s={search_term_string}\"},\"query-input\":{\"@type\":\"PropertyValueSpecification\",\"valueRequired\":true,\"valueName\":\"search_term_string\"}}],\"inLanguage\":\"it-IT\"},{\"@type\":\"Organization\",\"@id\":\"https:\/\/medicoweb.com\/main\/#organization\",\"name\":\"MEDICO S.p.A.\",\"url\":\"https:\/\/medicoweb.com\/main\/\",\"logo\":{\"@type\":\"ImageObject\",\"inLanguage\":\"it-IT\",\"@id\":\"https:\/\/medicoweb.com\/main\/#\/schema\/logo\/image\/\",\"url\":\"https:\/\/medicoweb.com\/main\/wp-content\/uploads\/logo_medico2016-1.png\",\"contentUrl\":\"https:\/\/medicoweb.com\/main\/wp-content\/uploads\/logo_medico2016-1.png\",\"width\":350,\"height\":84,\"caption\":\"MEDICO S.p.A.\"},\"image\":{\"@id\":\"https:\/\/medicoweb.com\/main\/#\/schema\/logo\/image\/\"},\"sameAs\":[\"https:\/\/www.facebook.com\/MedicoSpa\/\",\"https:\/\/it.linkedin.com\/company\/medico-s.p.a.\",\"https:\/\/www.youtube.com\/channel\/UCobmQUF5q8SwwMSZ00fA65g\"]}]}<\/script>\n<!-- \/ Yoast SEO plugin. -->","yoast_head_json":{"title":"Iris DR (DDDR) \u2013 Iris D (DDD) \u2013 Iris VDR (VDDR) - MEDICO S.R.L.","robots":{"index":"index","follow":"follow","max-snippet":"max-snippet:-1","max-image-preview":"max-image-preview:large","max-video-preview":"max-video-preview:-1"},"canonical":"https:\/\/medicoweb.com\/main\/iris-dr-dddr-iris-d-ddd-iris-vdr-vddr\/","og_locale":"it_IT","og_type":"article","og_title":"Iris DR (DDDR) \u2013 Iris D (DDD) \u2013 Iris VDR (VDDR) - MEDICO S.R.L.","og_description":"Iris DR (DDDR) Iris D (DDD) Iris VDR (VDDR) Pacing bicamerale avanzato con il supporto del controllo remoto &nbsp; Maggiori informazioni su: Monitoraggio remoto\u00a0 | Pacing VDD monocatetere Valutazione diagnostica delle tachicardie basata su un elettrogramma innovativo ( iECG )&hellip;","og_url":"https:\/\/medicoweb.com\/main\/iris-dr-dddr-iris-d-ddd-iris-vdr-vddr\/","og_site_name":"MEDICO S.R.L.","article_publisher":"https:\/\/www.facebook.com\/MedicoSpa\/","article_modified_time":"2020-02-19T11:32:45+00:00","og_image":[{"url":"https:\/\/medicoweb.com\/main\/wp-content\/uploads\/pm_iris_dr_d_vdr.jpg","type":"","width":"","height":""}],"twitter_card":"summary_large_image","twitter_misc":{"Tempo di lettura stimato":"3 minuti"},"schema":{"@context":"https:\/\/schema.org","@graph":[{"@type":"WebPage","@id":"https:\/\/medicoweb.com\/main\/iris-dr-dddr-iris-d-ddd-iris-vdr-vddr\/","url":"https:\/\/medicoweb.com\/main\/iris-dr-dddr-iris-d-ddd-iris-vdr-vddr\/","name":"Iris DR (DDDR) \u2013 Iris D (DDD) \u2013 Iris VDR (VDDR) - MEDICO S.R.L.","isPartOf":{"@id":"https:\/\/medicoweb.com\/main\/#website"},"primaryImageOfPage":{"@id":"https:\/\/medicoweb.com\/main\/iris-dr-dddr-iris-d-ddd-iris-vdr-vddr\/#primaryimage"},"image":{"@id":"https:\/\/medicoweb.com\/main\/iris-dr-dddr-iris-d-ddd-iris-vdr-vddr\/#primaryimage"},"thumbnailUrl":"https:\/\/medicoweb.com\/main\/wp-content\/uploads\/pm_iris_dr_d_vdr.jpg","datePublished":"2019-12-02T15:36:09+00:00","dateModified":"2020-02-19T11:32:45+00:00","breadcrumb":{"@id":"https:\/\/medicoweb.com\/main\/iris-dr-dddr-iris-d-ddd-iris-vdr-vddr\/#breadcrumb"},"inLanguage":"it-IT","potentialAction":[{"@type":"ReadAction","target":["https:\/\/medicoweb.com\/main\/iris-dr-dddr-iris-d-ddd-iris-vdr-vddr\/"]}]},{"@type":"ImageObject","inLanguage":"it-IT","@id":"https:\/\/medicoweb.com\/main\/iris-dr-dddr-iris-d-ddd-iris-vdr-vddr\/#primaryimage","url":"https:\/\/medicoweb.com\/main\/wp-content\/uploads\/pm_iris_dr_d_vdr.jpg","contentUrl":"https:\/\/medicoweb.com\/main\/wp-content\/uploads\/pm_iris_dr_d_vdr.jpg","width":230,"height":180},{"@type":"BreadcrumbList","@id":"https:\/\/medicoweb.com\/main\/iris-dr-dddr-iris-d-ddd-iris-vdr-vddr\/#breadcrumb","itemListElement":[{"@type":"ListItem","position":1,"name":"Home","item":"https:\/\/medicoweb.com\/main\/"},{"@type":"ListItem","position":2,"name":"Iris DR (DDDR) \u2013 Iris D (DDD) \u2013 Iris VDR (VDDR)"}]},{"@type":"WebSite","@id":"https:\/\/medicoweb.com\/main\/#website","url":"https:\/\/medicoweb.com\/main\/","name":"MEDICO S.p.A.","description":"Italian Design For Life","publisher":{"@id":"https:\/\/medicoweb.com\/main\/#organization"},"potentialAction":[{"@type":"SearchAction","target":{"@type":"EntryPoint","urlTemplate":"https:\/\/medicoweb.com\/main\/?s={search_term_string}"},"query-input":{"@type":"PropertyValueSpecification","valueRequired":true,"valueName":"search_term_string"}}],"inLanguage":"it-IT"},{"@type":"Organization","@id":"https:\/\/medicoweb.com\/main\/#organization","name":"MEDICO S.p.A.","url":"https:\/\/medicoweb.com\/main\/","logo":{"@type":"ImageObject","inLanguage":"it-IT","@id":"https:\/\/medicoweb.com\/main\/#\/schema\/logo\/image\/","url":"https:\/\/medicoweb.com\/main\/wp-content\/uploads\/logo_medico2016-1.png","contentUrl":"https:\/\/medicoweb.com\/main\/wp-content\/uploads\/logo_medico2016-1.png","width":350,"height":84,"caption":"MEDICO S.p.A."},"image":{"@id":"https:\/\/medicoweb.com\/main\/#\/schema\/logo\/image\/"},"sameAs":["https:\/\/www.facebook.com\/MedicoSpa\/","https:\/\/it.linkedin.com\/company\/medico-s.p.a.","https:\/\/www.youtube.com\/channel\/UCobmQUF5q8SwwMSZ00fA65g"]}]}},"_links":{"self":[{"href":"https:\/\/medicoweb.com\/main\/wp-json\/wp\/v2\/pages\/4529","targetHints":{"allow":["GET"]}}],"collection":[{"href":"https:\/\/medicoweb.com\/main\/wp-json\/wp\/v2\/pages"}],"about":[{"href":"https:\/\/medicoweb.com\/main\/wp-json\/wp\/v2\/types\/page"}],"author":[{"embeddable":true,"href":"https:\/\/medicoweb.com\/main\/wp-json\/wp\/v2\/users\/1"}],"replies":[{"embeddable":true,"href":"https:\/\/medicoweb.com\/main\/wp-json\/wp\/v2\/comments?post=4529"}],"version-history":[{"count":1,"href":"https:\/\/medicoweb.com\/main\/wp-json\/wp\/v2\/pages\/4529\/revisions"}],"predecessor-version":[{"id":6523,"href":"https:\/\/medicoweb.com\/main\/wp-json\/wp\/v2\/pages\/4529\/revisions\/6523"}],"wp:attachment":[{"href":"https:\/\/medicoweb.com\/main\/wp-json\/wp\/v2\/media?parent=4529"}],"curies":[{"name":"wp","href":"https:\/\/api.w.org\/{rel}","templated":true}]}}