{"id":50,"date":"2011-12-21T12:00:44","date_gmt":"2011-12-21T12:00:44","guid":{"rendered":"https:\/\/medicoweb.com\/main\/?page_id=50"},"modified":"2023-06-06T17:55:31","modified_gmt":"2023-06-06T15:55:31","slug":"lavora-con-noi","status":"publish","type":"page","link":"https:\/\/medicoweb.com\/main\/lavora-con-noi\/","title":{"rendered":"Lavora con noi"},"content":{"rendered":"<h3><img loading=\"lazy\" decoding=\"async\" class=\"alignnone size-full wp-image-5688\" src=\"https:\/\/medicoweb.com\/main\/wp-content\/uploads\/freccia_gialla.png\" alt=\"\" width=\"27\" height=\"28\" \/>Una scelta di successo<\/h3>\n<hr \/>\n<p><img loading=\"lazy\" decoding=\"async\" src=\"https:\/\/medicoweb.com\/main\/wp-content\/uploads\/una_scelta_di_successo.jpg\" alt=\"\" width=\"644\" height=\"193\" \/><\/p>\n<p style=\"text-align: justify;\">Lavorare con MEDICO S.p.A. \u00e8 qualcosa di pi\u00f9 di un&#8217;eccellente opportunit\u00e0 professionale.<br \/>\n\u00c8 l&#8217;occasione di intraprendere una carriera che premia la capacit\u00e0 individuale, lo spirito d&#8217;iniziativa e la versatilit\u00e0, inserite in un contesto di stimolante lavoro d&#8217;equipe.<br \/>\nUn&#8217;azienda che molto pretende ma che molto d\u00e0.<br \/>\nIndividuando e incentivando le prerogative professionali di tutti i suoi dipendenti.<br \/>\nPerch\u00e9 il successo del Gruppo non pu\u00f2 prescindere dal successo di ogni singolo elemento.<br \/>\nPerch\u00e9 MEDICO \u00e8 un&#8217;azienda giovane e dinamica, che considera le risorse umane un patrimonio da valorizzare attraverso la formazione, la specializzazione e il costante aggiornamento.<br \/>\nPer questo vogliamo attrarre persone competenti ed in sintonia con i nostri valori aziendali.<br \/>\nNe cureremo l&#8217;acquisizione, la crescita professionale e l&#8217;esercizio di competenze crescenti, puntando ad essere l&#8217;azienda ideale per persone capaci e motiviate.<br \/>\nSe condividete tutto questo, se cercate un&#8217;opportunit\u00e0 di lavoro o se desiderate semplicemente farvi conoscere, qui potrete informarvi sulle posizioni disponibili, rispondere a posizioni aperte di vostro interesse o semplicemente inviare il vostro curriculum vitae a <strong><a href=\"mailto:job@medicoweb.com\">job@medicoweb.com.<\/a><\/strong><\/p>\n<h3><img loading=\"lazy\" decoding=\"async\" class=\"alignnone size-full wp-image-5688\" src=\"https:\/\/medicoweb.com\/main\/wp-content\/uploads\/freccia_gialla.png\" alt=\"\" width=\"27\" height=\"28\" \/>Posizioni aperte<\/h3>\n<hr \/>\n<p><img loading=\"lazy\" decoding=\"async\" title=\"ufficio\" src=\"https:\/\/medicoweb.com\/main\/wp-content\/uploads\/ufficio.jpg\" alt=\"\" width=\"644\" height=\"193\" \/><\/p>\n<p><em>I profili che stiamo cercando&#8230;<\/em><\/p>\n<h4>RESPONSABILE REGULATORY AFFAIRS DISPOSITIVI MEDICALI<\/h4>\n<p style=\"text-align: justify;\">Medico S.r.l., azienda che produce e commercializza dispositivi medici ad elevata tecnologia, ricerca una figura per la posizione di RESPONSABILE REGULATORY AFFAIRS.<\/p>\n<p>Il ruolo prevede la gestione di tutte le attivit\u00e0 connesse agli aspetti regolatori e certificativi di nuovi dispositivi impiantabili e al mantenimento\/aggiornamento del certificato CE dei dispositivi sul mercato.<\/p>\n<p>In particolare tale figura, che risponder\u00e0 direttamente al CEO:<br \/>\n&#8211; Sar\u00e0 responsabile della gestione delle attivit\u00e0 necessarie per la registrazione dei dispositivi medici nei mercati UE e al di fuori della UE<br \/>\n&#8211; Sar\u00e0 responsabile delle relazioni tra l\u2019Azienda e le Autorit\u00e0 Competenti Europee e gli Organismi Notificati;<br \/>\n&#8211; Coordiner\u00e0 le attivit\u00e0 relative al sistema di qualit\u00e0 aziendale svolte dall&#8217;Ufficio Assicurazione Qualit\u00e0 e Certificazione di Prodotto e Controllo Qualit\u00e0;<br \/>\n&#8211; Sar\u00e0 responsabile e coordiner\u00e0 le attivit\u00e0 previste in caso di segnalazioni sui dispositivi (vigilanza);<br \/>\n&#8211; Si aggiorner\u00e0 sugli standard tecnici relativi ai prodotti, sulle norme e sulle direttive nazionali ed internazionali;<br \/>\n&#8211; Svolger\u00e0 le attivit\u00e0 previste dalle procedure relative alla sorveglianza post vendita, al rilascio di materiali\/prodotti e agli audit sul Sistema Qualit\u00e0;<br \/>\n&#8211; Preparer\u00e0 la documentazione integrativa per dichiarazioni di conformit\u00e0\/compatibilit\u00e0 dei dispositivi come da richieste esterne, (gare d&#8217;appalto, centri ospedalieri, dogane, ecc&#8230;.).<\/p>\n<p>Requisiti richiesti:<br \/>\n&#8211; Laurea ad Indirizzo Scientifico<br \/>\n&#8211; Conoscenza della lingua Inglese molto buona in ambito tecnico B2<br \/>\n&#8211; Consolidata esperienza professionale di almeno 5 anni nel campo della regolamentazione o di sistemi di gestione della qualit\u00e0 relativi ai dispositivi medici<br \/>\n&#8211; Ottima conoscenza delle ISO 13485, ISO 14971, delle Direttive 93\/42\/CEE e 90\/385\/CEE e la conoscenza del Regolamento UE 2017\/745 (MDR)<br \/>\n&#8211; Buona conoscenza nell&#8217;uso di programmi di Office Automation<br \/>\n&#8211; Capacit\u00e0 nel gestire rapporti interpersonali<br \/>\n&#8211; Orientamento al risultato, capacit\u00e0 di pianificazione e risoluzione dei problemi<br \/>\n&#8211; Spirito di iniziativa, affidabilit\u00e0 e flessibilit\u00e0<br \/>\n&#8211; Disponibile a brevi viaggi all\u2019estero<br \/>\n&#8211; Domicilio nelle provincie di PD, RO, VI, VE o in aree limitrofe all\u2019Azienda<\/p>\n<p>Inserimento: Immediato<br \/>\nContratto di lavoro subordinato a tempo indeterminato, full-time, con adeguato periodo di prova<br \/>\nRetribuzione definita sulla base delle capacit\u00e0 e delle esperienze effettivamente maturate.<br \/>\nSeda Aziendale: Rubano (PD)<\/p>\n<p>Inviateci i vostri curriculum a <a href=\"mailto:job@medicoweb.com\">job@medicoweb.com<\/a> includendo l\u2019autorizzazione al trattamento dei dati personali. I dati personali che ci verranno inviati saranno da noi gestiti in conformit\u00e0 a quanto disposto dalla normativa sulla privacy.<\/p>\n<hr \/>\n<h4>AGENTE COMMERCIALE MONO-PLURIMANDATARIO INTRODOTTO NEL SETTORE CARDIOLOGICO<\/h4>\n<p style=\"text-align: justify;\">Medico S.p.A. ricerca agenti commerciali mono\/plurimandatari introdotti nel settore cardiologico, in particolare elettrofisiologico ed interventistico, per le regioni Lombardia, Emilia-Romagna e Toscana.<\/p>\n<p>Inviateci i vostri curriculum a <a href=\"mailto:job@medicoweb.com\">job@medicoweb.com<\/a> includendo l\u2019autorizzazione al trattamento dei dati personali. I dati personali che ci verranno inviati saranno da noi gestiti in conformit\u00e0 a quanto disposto dalla normativa sulla privacy.<\/p>\n<hr \/>\n<h4>TECNICO-COMMERCIALE SETTORE BIOMEDICALE \u2013 NORD ITALIA<\/h4>\n<p style=\"text-align: justify;\">Medico S.p.A. ricerca una figura tecnico-commerciale per l\u2019area del nord Italia.<br \/>\nIl ruolo prevede il supporto tecnico dei clienti e la gestione delle attivit\u00e0 atte al raggiungimento degli obiettivi di vendita sull&#8217;area di competenza.<\/p>\n<p>In particolare:<br \/>\n&#8211; Gestire e sviluppare le relazioni con i clienti, sia attivi che potenziali, con regolare frequentazione.<br \/>\n&#8211; Organizzare e presiedere, sia in autonomia che in collaborazione con altre figure aziendali, le attivit\u00e0 di training, presentazione ed assistenza tecnica sui prodotti.<br \/>\n&#8211; Fornire supporto durante il controllo ospedaliero dei dispositivi ed eventualmente all\u2019impianto.<br \/>\n&#8211; Raccolta dei dati post-vendita sui prodotti per certificazioni o eventuali studi clinici.<br \/>\n&#8211; Stesura di documentazione tecnica sui prodotti aziendali.<br \/>\n&#8211; Gestione dei rapporti con le amministrazioni ospedaliere e supporto nella partecipazione a gare d&#8217;appalto.<br \/>\n&#8211; Monitoraggio della concorrenza e delle esigenze del mercato.<br \/>\n&#8211; Attivit\u00e0 di supporto commerciale per favorire l\u2019utilizzo dei prodotti.<\/p>\n<p>Requisiti richiesti:<br \/>\n&#8211; Preferibile laurea in discipline scientifiche (ingegneria biomedica, tecniche di fisiopatologia cardiocircolatoria e perfusione cardiovascolare) o cultura equivalente;<br \/>\n&#8211; Gradita esperienza nel settore ospedaliero maturata in ruolo analogo, in particolare in cardiologia (elettrofisiologia, emodinamica);<br \/>\n&#8211; Ottime capacit\u00e0 comunicative e relazionali per sviluppare una positiva collaborazione con i clienti e fidelizzazione.<br \/>\n&#8211; Orientamento al risultato, capacit\u00e0 di pianificazione e risoluzione dei problemi.<br \/>\n&#8211; Spirito di iniziativa, affidabilit\u00e0 e flessibilit\u00e0.<br \/>\n&#8211; Forte orientamento sinergico e collaborativo con i lo staff interno.<br \/>\n&#8211; Elevata disponibilit\u00e0 a viaggiare.<br \/>\n&#8211; Domicilio in Lombardia.<\/p>\n<p>Cosa offriamo:<br \/>\n&#8211; RAL commisurata all&#8217;esperienza + incentivi.<br \/>\n&#8211; Strumenti di lavoro aziendali (auto, telefono).<br \/>\n&#8211; Formazione, supporto e aggiornamento sui prodotti.<br \/>\n&#8211; Costante collaborazione e confronto con i colleghi sul territorio e della sede aziendale.<\/p>\n<p>Inviateci i vostri curriculum a <a href=\"mailto:job@medicoweb.com\">job@medicoweb.com<\/a> includendo l\u2019autorizzazione al trattamento dei dati personali. I dati personali che ci verranno inviati saranno da noi gestiti in conformit\u00e0 a quanto disposto dalla normativa sulla privacy.<\/p>\n<hr \/>\n<h4>SALES SPECIALIST TRIVENETO<\/h4>\n<p style=\"text-align: justify;\">Medico S.p.A. ricerca una figura commerciale per l&#8217;area del Triveneto.<br \/>\nIl ruolo prevede la gestione delle attivit\u00e0 atte al raggiungimento degli obiettivi di vendita sull&#8217;area di competenza.<br \/>\nIn particolare:<br \/>\n&#8211; Gestire e sviluppare le relazioni con i clienti, sia attivi che potenziali.<br \/>\n&#8211; Implementare le attivit\u00e0 necessarie alla soddisfazione del cliente, incluse attivit\u00e0 di training, presentazioni e assistenza tecnica sui prodotti.<br \/>\n&#8211; Essere di supporto nella partecipazione a gare d&#8217;appalto, per la preparazione e gestione durante le varie fasi.<br \/>\n&#8211; Gestire i rapporti con le amministrazioni ospedaliere.<br \/>\n&#8211; Assicurare una analisi e monitoraggio della concorrenza e del mercato costanti.<br \/>\n&#8211; Agire da interfaccia propositiva tra esigenze del mercato ed azienda.<br \/>\n&#8211; Supportare e favorire la raccolta dati post-vendita sui prodotti.<br \/>\n&#8211; Sar\u00e0 responsabile dell&#8217;area in termini di fatturato.<\/p>\n<p>Requisiti richiesti:<br \/>\n&#8211; Esperienza di vendita nel settore ospedaliero maturata in ruolo analogo, in particolare in cardiologia (elettrofisiologia, emodinamica).<br \/>\n&#8211; Preferibilmente laurea in discipline scientifiche o cultura equivalente.<br \/>\n&#8211; Si valutano anche profili con esperienza tecnica nel settore (ad esempio specialista di prodotto), con propensione e caratteristiche adatte per un ruolo commerciale.<br \/>\n&#8211; Ottime capacit\u00e0 comunicative e relazionali per sviluppare una positiva collaborazione con i clienti e fidelizzazione.<br \/>\n&#8211; Orientamento al risultato, capacit\u00e0 di pianificazione e risoluzione dei problemi.<br \/>\n&#8211; Spirito di iniziativa, affidabilit\u00e0 e flessibilit\u00e0.<br \/>\n&#8211; Forte orientamento sinergico e collaborativo con lo staff interno.<br \/>\n&#8211; Disponibilit\u00e0 a viaggiare.<br \/>\n&#8211; Domicilio in Veneto.<\/p>\n<p>Cosa offriamo:<br \/>\n&#8211; RAL commisurata all&#8217;esperienza + incentivi.<br \/>\n&#8211; Strumenti di lavoro aziendali (auto, telefono).<br \/>\n&#8211; Formazione, supporto e aggiornamento sui prodotti.<\/p>\n<p>Inviateci i vostri curriculum a <a href=\"mailto:job@medicoweb.com\">job@medicoweb.com<\/a> includendo l\u2019autorizzazione al trattamento dei dati personali. I dati personali che ci verranno inviati saranno da noi gestiti in conformit\u00e0 a quanto disposto dalla normativa sulla privacy.<\/p>\n<hr \/>\n<h4>AGENTE COMMERCIALE MONO-PLURIMANDATARIO INTRODOTTO NEL SETTORE CARDIOLOGICO<\/h4>\n<p style=\"text-align: justify;\">Medico S.p.A. ricerca agenti commerciali mono\/plurimandatari introdotti nel settore cardiologico, in particolare elettrofisiologico e interventistico, per le regioni Puglia e Calabria.<br \/>\nInviateci i vostri curriculum a <a href=\"mailto:job@medicoweb.com\">job@medicoweb.com<\/a> includendo l\u2019autorizzazione al trattamento dei dati personali. I dati personali che ci verranno inviati saranno da noi gestiti in conformit\u00e0 a quanto disposto dalla normativa sulla privacy.<\/p>\n<hr \/>\n<h4>PROGETTISTA ELETTRONICO HARDWARE \/ FIRMWARE \u2013 HARDWARE E FIRMWARE ENGINEER<\/h4>\n<p style=\"text-align: justify;\">L\u2019azienda ricerca un giovane e brillante neolaureato \/ perito hardware, max 30 anni, anche appartenente alle Categorie Protette (legge 68\/99 Art. 1), il quale si occuper\u00e0 dello sviluppo hardware analogico e digitale destinato ad applicazioni di controllo, acquisizione dati e strumentazione.<br \/>\nCompletano il profilo caratteristiche quali massima seriet\u00e0, professionalit\u00e0, metodo ed autonoma capacit\u00e0 nella risoluzione dei problemi. Infine la persona dovr\u00e0 avere una buona conoscenza dell\u2019inglese che risulter\u00e0 necessaria per lo svolgimento dei compiti assegnati.<br \/>\nVerranno privilegiate candidature residenti o domiciliate nella Provincia di Padova, Vicenza o in zone limitrofe.<br \/>\nInviateci i vostri curriculum a <a href=\"mailto:job@medicoweb.com\">job@medicoweb.com<\/a> includendo l\u2019autorizzazione al trattamento dei dati personali. I dati personali che ci verranno inviati saranno da noi gestiti in conformit\u00e0 a quanto disposto dalla normativa sulla privacy.<\/p>\n<hr \/>\n<h4>INGEGNERE ELETTRONICO<\/h4>\n<p style=\"text-align: justify;\">L\u2019azienda ricerca un giovane e brillante ingegnere elettronico, max 35 anni, il quale si occuper\u00e0 della progettazione elettronica di circuiti analogici.<br \/>\nI candidati dovranno possedere una laurea in ingegneria elettronica ed avere un\u2019esperienza di progettazione in campo elettronico. Completano il profilo caratteristiche quali massima seriet\u00e0, professionalit\u00e0, metodo ed autonoma capacit\u00e0 nella risoluzione dei problemi. Infine la persona dovr\u00e0 avere una buona conoscenza dell\u2019inglese che risulter\u00e0 necessaria per lo svolgimento dei compiti assegnati.<br \/>\nVerranno privilegiate candidature residenti o domiciliate nella Provincia di Padova, Vicenza o in zone limitrofe. Inviateci i vostri curriculum a <a href=\"mailto:job@medicoweb.com\">job@medicoweb.com<\/a> includendo l&#8217;autorizzazione al trattamento dei dati personali. I dati personali che ci verranno inviati saranno da noi gestiti in conformit\u00e0 a quanto disposto dalla normativa sulla privacy.<\/p>\n<p align=\"center\"><em>MEDICO \u00e8 una realt\u00e0 dinamica e costantemente in crescita, composta da professionisti.<br \/>\nEntra a farne parte anche tu!<\/em><\/p>\n<p style=\"text-align: center;\" align=\"center\">\n<p style=\"text-align: center;\"><a href=\"https:\/\/medicoweb.com\/main\/informativa-privacy-per-candidati\/\"><strong>Informativa Privacy per i candidati<\/strong><\/a><\/p>\n","protected":false},"excerpt":{"rendered":"<p>Una scelta di successo Lavorare con MEDICO S.p.A. \u00e8 qualcosa di pi\u00f9 di un&#8217;eccellente opportunit\u00e0 professionale. \u00c8 l&#8217;occasione di intraprendere una carriera che premia la capacit\u00e0 individuale, lo spirito d&#8217;iniziativa e la versatilit\u00e0, inserite in un contesto di stimolante lavoro&hellip; <\/p>\n","protected":false},"author":1,"featured_media":0,"parent":0,"menu_order":0,"comment_status":"closed","ping_status":"closed","template":"","meta":{"footnotes":""},"class_list":["post-50","page","type-page","status-publish","hentry"],"yoast_head":"<!-- This site is optimized with the Yoast SEO plugin v24.0 - https:\/\/yoast.com\/wordpress\/plugins\/seo\/ -->\n<title>Lavora con noi - MEDICO S.R.L.<\/title>\n<meta name=\"description\" content=\"Lavorare con MEDICO S.p.A. \u00e8 qualcosa di pi\u00f9 di un\u2019eccellente opportunit\u00e0 professionale.\" \/>\n<meta name=\"robots\" content=\"index, follow, max-snippet:-1, max-image-preview:large, max-video-preview:-1\" \/>\n<link rel=\"canonical\" href=\"https:\/\/medicoweb.com\/main\/lavora-con-noi\/\" \/>\n<meta property=\"og:locale\" content=\"it_IT\" \/>\n<meta property=\"og:type\" content=\"article\" \/>\n<meta property=\"og:title\" content=\"Lavora con noi - MEDICO S.R.L.\" \/>\n<meta property=\"og:description\" content=\"Lavorare con MEDICO S.p.A. \u00e8 qualcosa di pi\u00f9 di un\u2019eccellente opportunit\u00e0 professionale.\" \/>\n<meta property=\"og:url\" content=\"https:\/\/medicoweb.com\/main\/lavora-con-noi\/\" \/>\n<meta property=\"og:site_name\" content=\"MEDICO S.R.L.\" \/>\n<meta property=\"article:publisher\" content=\"https:\/\/www.facebook.com\/MedicoSpa\/\" \/>\n<meta property=\"article:modified_time\" content=\"2023-06-06T15:55:31+00:00\" \/>\n<meta property=\"og:image\" content=\"https:\/\/medicoweb.com\/main\/wp-content\/uploads\/freccia_gialla.png\" \/>\n<meta name=\"twitter:card\" content=\"summary_large_image\" \/>\n<meta name=\"twitter:label1\" content=\"Tempo di lettura stimato\" \/>\n\t<meta name=\"twitter:data1\" content=\"8 minuti\" \/>\n<script type=\"application\/ld+json\" class=\"yoast-schema-graph\">{\"@context\":\"https:\/\/schema.org\",\"@graph\":[{\"@type\":\"WebPage\",\"@id\":\"https:\/\/medicoweb.com\/main\/lavora-con-noi\/\",\"url\":\"https:\/\/medicoweb.com\/main\/lavora-con-noi\/\",\"name\":\"Lavora con noi - MEDICO S.R.L.\",\"isPartOf\":{\"@id\":\"https:\/\/medicoweb.com\/main\/#website\"},\"primaryImageOfPage\":{\"@id\":\"https:\/\/medicoweb.com\/main\/lavora-con-noi\/#primaryimage\"},\"image\":{\"@id\":\"https:\/\/medicoweb.com\/main\/lavora-con-noi\/#primaryimage\"},\"thumbnailUrl\":\"https:\/\/medicoweb.com\/main\/wp-content\/uploads\/freccia_gialla.png\",\"datePublished\":\"2011-12-21T12:00:44+00:00\",\"dateModified\":\"2023-06-06T15:55:31+00:00\",\"description\":\"Lavorare con MEDICO S.p.A. \u00e8 qualcosa di pi\u00f9 di un\u2019eccellente opportunit\u00e0 professionale.\",\"breadcrumb\":{\"@id\":\"https:\/\/medicoweb.com\/main\/lavora-con-noi\/#breadcrumb\"},\"inLanguage\":\"it-IT\",\"potentialAction\":[{\"@type\":\"ReadAction\",\"target\":[\"https:\/\/medicoweb.com\/main\/lavora-con-noi\/\"]}]},{\"@type\":\"ImageObject\",\"inLanguage\":\"it-IT\",\"@id\":\"https:\/\/medicoweb.com\/main\/lavora-con-noi\/#primaryimage\",\"url\":\"https:\/\/medicoweb.com\/main\/wp-content\/uploads\/freccia_gialla.png\",\"contentUrl\":\"https:\/\/medicoweb.com\/main\/wp-content\/uploads\/freccia_gialla.png\",\"width\":27,\"height\":28},{\"@type\":\"BreadcrumbList\",\"@id\":\"https:\/\/medicoweb.com\/main\/lavora-con-noi\/#breadcrumb\",\"itemListElement\":[{\"@type\":\"ListItem\",\"position\":1,\"name\":\"Home\",\"item\":\"https:\/\/medicoweb.com\/main\/\"},{\"@type\":\"ListItem\",\"position\":2,\"name\":\"Lavora con noi\"}]},{\"@type\":\"WebSite\",\"@id\":\"https:\/\/medicoweb.com\/main\/#website\",\"url\":\"https:\/\/medicoweb.com\/main\/\",\"name\":\"MEDICO S.p.A.\",\"description\":\"Italian Design For Life\",\"publisher\":{\"@id\":\"https:\/\/medicoweb.com\/main\/#organization\"},\"potentialAction\":[{\"@type\":\"SearchAction\",\"target\":{\"@type\":\"EntryPoint\",\"urlTemplate\":\"https:\/\/medicoweb.com\/main\/?s={search_term_string}\"},\"query-input\":{\"@type\":\"PropertyValueSpecification\",\"valueRequired\":true,\"valueName\":\"search_term_string\"}}],\"inLanguage\":\"it-IT\"},{\"@type\":\"Organization\",\"@id\":\"https:\/\/medicoweb.com\/main\/#organization\",\"name\":\"MEDICO S.p.A.\",\"url\":\"https:\/\/medicoweb.com\/main\/\",\"logo\":{\"@type\":\"ImageObject\",\"inLanguage\":\"it-IT\",\"@id\":\"https:\/\/medicoweb.com\/main\/#\/schema\/logo\/image\/\",\"url\":\"https:\/\/medicoweb.com\/main\/wp-content\/uploads\/logo_medico2016-1.png\",\"contentUrl\":\"https:\/\/medicoweb.com\/main\/wp-content\/uploads\/logo_medico2016-1.png\",\"width\":350,\"height\":84,\"caption\":\"MEDICO S.p.A.\"},\"image\":{\"@id\":\"https:\/\/medicoweb.com\/main\/#\/schema\/logo\/image\/\"},\"sameAs\":[\"https:\/\/www.facebook.com\/MedicoSpa\/\",\"https:\/\/it.linkedin.com\/company\/medico-s.p.a.\",\"https:\/\/www.youtube.com\/channel\/UCobmQUF5q8SwwMSZ00fA65g\"]}]}<\/script>\n<!-- \/ Yoast SEO plugin. -->","yoast_head_json":{"title":"Lavora con noi - MEDICO S.R.L.","description":"Lavorare con MEDICO S.p.A. \u00e8 qualcosa di pi\u00f9 di un\u2019eccellente opportunit\u00e0 professionale.","robots":{"index":"index","follow":"follow","max-snippet":"max-snippet:-1","max-image-preview":"max-image-preview:large","max-video-preview":"max-video-preview:-1"},"canonical":"https:\/\/medicoweb.com\/main\/lavora-con-noi\/","og_locale":"it_IT","og_type":"article","og_title":"Lavora con noi - MEDICO S.R.L.","og_description":"Lavorare con MEDICO S.p.A. \u00e8 qualcosa di pi\u00f9 di un\u2019eccellente opportunit\u00e0 professionale.","og_url":"https:\/\/medicoweb.com\/main\/lavora-con-noi\/","og_site_name":"MEDICO S.R.L.","article_publisher":"https:\/\/www.facebook.com\/MedicoSpa\/","article_modified_time":"2023-06-06T15:55:31+00:00","og_image":[{"url":"https:\/\/medicoweb.com\/main\/wp-content\/uploads\/freccia_gialla.png","type":"","width":"","height":""}],"twitter_card":"summary_large_image","twitter_misc":{"Tempo di lettura stimato":"8 minuti"},"schema":{"@context":"https:\/\/schema.org","@graph":[{"@type":"WebPage","@id":"https:\/\/medicoweb.com\/main\/lavora-con-noi\/","url":"https:\/\/medicoweb.com\/main\/lavora-con-noi\/","name":"Lavora con noi - MEDICO S.R.L.","isPartOf":{"@id":"https:\/\/medicoweb.com\/main\/#website"},"primaryImageOfPage":{"@id":"https:\/\/medicoweb.com\/main\/lavora-con-noi\/#primaryimage"},"image":{"@id":"https:\/\/medicoweb.com\/main\/lavora-con-noi\/#primaryimage"},"thumbnailUrl":"https:\/\/medicoweb.com\/main\/wp-content\/uploads\/freccia_gialla.png","datePublished":"2011-12-21T12:00:44+00:00","dateModified":"2023-06-06T15:55:31+00:00","description":"Lavorare con MEDICO S.p.A. \u00e8 qualcosa di pi\u00f9 di un\u2019eccellente opportunit\u00e0 professionale.","breadcrumb":{"@id":"https:\/\/medicoweb.com\/main\/lavora-con-noi\/#breadcrumb"},"inLanguage":"it-IT","potentialAction":[{"@type":"ReadAction","target":["https:\/\/medicoweb.com\/main\/lavora-con-noi\/"]}]},{"@type":"ImageObject","inLanguage":"it-IT","@id":"https:\/\/medicoweb.com\/main\/lavora-con-noi\/#primaryimage","url":"https:\/\/medicoweb.com\/main\/wp-content\/uploads\/freccia_gialla.png","contentUrl":"https:\/\/medicoweb.com\/main\/wp-content\/uploads\/freccia_gialla.png","width":27,"height":28},{"@type":"BreadcrumbList","@id":"https:\/\/medicoweb.com\/main\/lavora-con-noi\/#breadcrumb","itemListElement":[{"@type":"ListItem","position":1,"name":"Home","item":"https:\/\/medicoweb.com\/main\/"},{"@type":"ListItem","position":2,"name":"Lavora con noi"}]},{"@type":"WebSite","@id":"https:\/\/medicoweb.com\/main\/#website","url":"https:\/\/medicoweb.com\/main\/","name":"MEDICO S.p.A.","description":"Italian Design For Life","publisher":{"@id":"https:\/\/medicoweb.com\/main\/#organization"},"potentialAction":[{"@type":"SearchAction","target":{"@type":"EntryPoint","urlTemplate":"https:\/\/medicoweb.com\/main\/?s={search_term_string}"},"query-input":{"@type":"PropertyValueSpecification","valueRequired":true,"valueName":"search_term_string"}}],"inLanguage":"it-IT"},{"@type":"Organization","@id":"https:\/\/medicoweb.com\/main\/#organization","name":"MEDICO S.p.A.","url":"https:\/\/medicoweb.com\/main\/","logo":{"@type":"ImageObject","inLanguage":"it-IT","@id":"https:\/\/medicoweb.com\/main\/#\/schema\/logo\/image\/","url":"https:\/\/medicoweb.com\/main\/wp-content\/uploads\/logo_medico2016-1.png","contentUrl":"https:\/\/medicoweb.com\/main\/wp-content\/uploads\/logo_medico2016-1.png","width":350,"height":84,"caption":"MEDICO S.p.A."},"image":{"@id":"https:\/\/medicoweb.com\/main\/#\/schema\/logo\/image\/"},"sameAs":["https:\/\/www.facebook.com\/MedicoSpa\/","https:\/\/it.linkedin.com\/company\/medico-s.p.a.","https:\/\/www.youtube.com\/channel\/UCobmQUF5q8SwwMSZ00fA65g"]}]}},"_links":{"self":[{"href":"https:\/\/medicoweb.com\/main\/wp-json\/wp\/v2\/pages\/50","targetHints":{"allow":["GET"]}}],"collection":[{"href":"https:\/\/medicoweb.com\/main\/wp-json\/wp\/v2\/pages"}],"about":[{"href":"https:\/\/medicoweb.com\/main\/wp-json\/wp\/v2\/types\/page"}],"author":[{"embeddable":true,"href":"https:\/\/medicoweb.com\/main\/wp-json\/wp\/v2\/users\/1"}],"replies":[{"embeddable":true,"href":"https:\/\/medicoweb.com\/main\/wp-json\/wp\/v2\/comments?post=50"}],"version-history":[{"count":20,"href":"https:\/\/medicoweb.com\/main\/wp-json\/wp\/v2\/pages\/50\/revisions"}],"predecessor-version":[{"id":7367,"href":"https:\/\/medicoweb.com\/main\/wp-json\/wp\/v2\/pages\/50\/revisions\/7367"}],"wp:attachment":[{"href":"https:\/\/medicoweb.com\/main\/wp-json\/wp\/v2\/media?parent=50"}],"curies":[{"name":"wp","href":"https:\/\/api.w.org\/{rel}","templated":true}]}}