{"id":56,"date":"2011-12-21T12:01:17","date_gmt":"2011-12-21T12:01:17","guid":{"rendered":"https:\/\/medicoweb.com\/main\/?page_id=56"},"modified":"2020-02-17T16:29:31","modified_gmt":"2020-02-17T15:29:31","slug":"programmatori","status":"publish","type":"page","link":"https:\/\/medicoweb.com\/main\/programmatori\/","title":{"rendered":"Programmatori"},"content":{"rendered":"<h3><img loading=\"lazy\" decoding=\"async\" class=\"alignnone size-full wp-image-5688\" src=\"https:\/\/medicoweb.com\/main\/wp-content\/uploads\/freccia_gialla.png\" alt=\"\" width=\"27\" height=\"28\" \/>Olympia Plus<\/h3>\n<h5><img loading=\"lazy\" decoding=\"async\" class=\"size-full wp-image-4425 alignleft\" src=\"https:\/\/medicoweb.com\/main\/wp-content\/uploads\/olympia_plus.jpg\" alt=\"\" width=\"250\" height=\"250\" srcset=\"https:\/\/medicoweb.com\/main\/wp-content\/uploads\/olympia_plus.jpg 250w, https:\/\/medicoweb.com\/main\/wp-content\/uploads\/olympia_plus-150x150.jpg 150w, https:\/\/medicoweb.com\/main\/wp-content\/uploads\/olympia_plus-230x230.jpg 230w, https:\/\/medicoweb.com\/main\/wp-content\/uploads\/olympia_plus-80x80.jpg 80w\" sizes=\"auto, (max-width: 250px) 100vw, 250px\" \/><br \/>\nIl Plus che ti meriti per seguire al meglio i tuoi pazienti portatori di pacemaker<\/h5>\n<p>+ PERFORMANTE<\/p>\n<p>+ PORTATILE<\/p>\n<p>+ INTUITIVO<\/p>\n<p>&nbsp;<\/p>\n<h5 style=\"text-align: right;\"><img loading=\"lazy\" decoding=\"async\" class=\"alignnone wp-image-4865\" src=\"https:\/\/medicoweb.com\/main\/wp-content\/uploads\/piu.png\" alt=\"\" width=\"22\" height=\"22\" \/> <a href=\"https:\/\/medicoweb.com\/main\/programmatore-olympia-plus\/\"><span style=\"font-size: 16px;\"> Scopri di pi\u00f9<\/span><\/a><\/h5>\n<p>&nbsp;<\/p>\n<hr \/>\n<h3><img loading=\"lazy\" decoding=\"async\" class=\"alignnone size-full wp-image-5688\" src=\"https:\/\/medicoweb.com\/main\/wp-content\/uploads\/freccia_gialla.png\" alt=\"\" width=\"27\" height=\"28\" \/>Olympia<\/h3>\n<p><a href=\"https:\/\/medicoweb.com\/main\/programmatore-olympia\/\"><img loading=\"lazy\" decoding=\"async\" class=\"wp-image-4619 size-full alignleft\" src=\"https:\/\/medicoweb.com\/main\/wp-content\/uploads\/olympia.jpg\" alt=\"\" width=\"250\" height=\"250\" \/><\/a><br \/>\nLo strumento innovativo per un follow-up ottimale<\/p>\n<ul>\n<li>Un software completamente rinnovato nell\u2019estetica e nelle funzionalit\u00e0<\/li>\n<li>Interfaccia semplice ed intuitiva<\/li>\n<li>Informazioni suddivise per obiettivi clinici<\/li>\n<li>Database dei controlli effettuati per ogni paziente<\/li>\n<li>Schermo ampio ed in alta definizione<\/li>\n<li>Connessioni wireless con modulo ECG e stampante<\/li>\n<li>Leggero e facilmente trasportabile<\/li>\n<\/ul>\n<p>&nbsp;<\/p>\n<h5 style=\"text-align: right;\"><img loading=\"lazy\" decoding=\"async\" class=\"alignnone wp-image-4865\" src=\"https:\/\/medicoweb.com\/main\/wp-content\/uploads\/piu.png\" alt=\"\" width=\"22\" height=\"22\" \/> <a href=\"https:\/\/medicoweb.com\/main\/programmatore-olympia\/\"><span style=\"font-size: 16px;\"> Scopri di pi\u00f9<\/span><\/a><\/h5>\n<hr \/>\n<h3><img loading=\"lazy\" decoding=\"async\" class=\"alignnone size-full wp-image-5688\" src=\"https:\/\/medicoweb.com\/main\/wp-content\/uploads\/freccia_gialla.png\" alt=\"\" width=\"27\" height=\"28\" \/>Master 1000<\/h3>\n<p><a href=\"https:\/\/medicoweb.com\/main\/programmatore-master-1000\/\"><img loading=\"lazy\" decoding=\"async\" class=\"wp-image-4618 size-full alignleft\" src=\"https:\/\/medicoweb.com\/main\/wp-content\/uploads\/master_1000.jpg\" alt=\"\" width=\"250\" height=\"250\" \/><\/a><span style=\"color: #6a7975;\">Il Master 1000 \u00e8 il programmatore progettato appositamente per la gestione dei pacemaker delle famiglie Soph\u00f2s ed Helios. \u00c8 compatibile anche con i pacemaker delle famiglie Millennium, Lindos ed Easy, oltre che con altri modelli di precedente produzione. Il software di gestione sviluppato in ambiente Linux, la nuova piattaforma tecnologica su cui \u00e8 stato sviluppato e l\u2019interfaccia utente semplice ed intuitiva permettono di gestire i follow-up dei pacemakers in modo facile e veloce. Una scheda ECG di elevata qualit\u00e0 permette di utilizzare il Master 1000 anche come elettrocardiografo, sia durante la sessione di controllo che al di fuori di essa.<\/span><\/p>\n<h5 style=\"text-align: right;\"><img loading=\"lazy\" decoding=\"async\" class=\"alignnone wp-image-4865\" src=\"https:\/\/medicoweb.com\/main\/wp-content\/uploads\/piu.png\" alt=\"\" width=\"22\" height=\"22\" \/> <a href=\"https:\/\/medicoweb.com\/main\/programmatore-master-1000\/\"><span style=\"font-size: 16px;\"> Scopri di pi\u00f9<\/span><\/a><\/h5>\n<p>&nbsp;<\/p>\n<hr \/>\n<p align=\"left\"><img loading=\"lazy\" decoding=\"async\" class=\" wp-image-4629 alignleft\" src=\"https:\/\/medicoweb.com\/main\/wp-content\/uploads\/icona_supporto.png\" alt=\"\" width=\"45\" height=\"45\" \/><span style=\"color: #0575d2;\"><span style=\"font-size: 10pt;\"><em>I prodotti illustrati nel presente sito sono quelli attualmente in produzione. Per maggiori informazioni o per supporto tecnico, vi preghiamo di <\/em><\/span><a title=\"Contatti\" href=\"https:\/\/medicoweb.com\/main\/contatti\"><span style=\"font-size: 10pt;\"><strong>CONTATTARCI<\/strong> &gt;&gt;<\/span><\/a><\/span><\/p>\n<p>&nbsp;<\/p>\n<hr \/>\n<p>&nbsp;<\/p>\n<p align=\"center\"><a href=\"#top\"><img loading=\"lazy\" decoding=\"async\" src=\"https:\/\/medicoweb.com\/main\/wp-content\/uploads\/torna_su.png\" alt=\"\" width=\"28\" height=\"28\" \/> Inizio<\/a><\/p>\n<p>&nbsp;<\/p>\n<p>&nbsp;<\/p>\n<p style=\"text-align: center;\"><span style=\"text-align: center; font-size: 16px;\"><a href=\"https:\/\/medicoweb.com\/main\/prodotti\/\"> <strong>Prodotti<\/strong><\/a> | <a title=\"Tecnologia\" href=\"https:\/\/medicoweb.com\/main\/tecnologia\/\"><strong>Tecnologia<\/strong><\/a> | <a title=\"Supporto\" href=\"https:\/\/medicoweb.com\/main\/supporto\/\"><strong>Supporto<\/strong><\/a> | <a title=\"Contatti\" href=\"https:\/\/medicoweb.com\/main\/contatti\/\"><strong>Contatti<\/strong><\/a><\/span><\/p>\n","protected":false},"excerpt":{"rendered":"<p>Olympia Plus Il Plus che ti meriti per seguire al meglio i tuoi pazienti portatori di pacemaker + PERFORMANTE + PORTATILE + INTUITIVO &nbsp; Scopri di pi\u00f9 &nbsp; Olympia Lo strumento innovativo per un follow-up ottimale Un software completamente rinnovato&hellip; <\/p>\n","protected":false},"author":1,"featured_media":4425,"parent":0,"menu_order":0,"comment_status":"closed","ping_status":"closed","template":"","meta":{"footnotes":""},"class_list":["post-56","page","type-page","status-publish","has-post-thumbnail","hentry"],"yoast_head":"<!-- This site is optimized with the Yoast SEO plugin v24.0 - https:\/\/yoast.com\/wordpress\/plugins\/seo\/ -->\n<title>Programmatori - MEDICO S.R.L.<\/title>\n<meta name=\"description\" content=\"Programmatori per seguire al meglio i tuoi pazienti portatori di pacemaker\" \/>\n<meta name=\"robots\" content=\"index, follow, max-snippet:-1, max-image-preview:large, max-video-preview:-1\" \/>\n<link rel=\"canonical\" href=\"https:\/\/medicoweb.com\/main\/programmatori\/\" \/>\n<meta property=\"og:locale\" content=\"it_IT\" \/>\n<meta property=\"og:type\" content=\"article\" \/>\n<meta property=\"og:title\" content=\"Programmatori - MEDICO S.R.L.\" \/>\n<meta property=\"og:description\" content=\"Programmatori per seguire al meglio i tuoi pazienti portatori di pacemaker\" \/>\n<meta property=\"og:url\" content=\"https:\/\/medicoweb.com\/main\/programmatori\/\" \/>\n<meta property=\"og:site_name\" content=\"MEDICO S.R.L.\" \/>\n<meta property=\"article:publisher\" content=\"https:\/\/www.facebook.com\/MedicoSpa\/\" \/>\n<meta property=\"article:modified_time\" content=\"2020-02-17T15:29:31+00:00\" \/>\n<meta property=\"og:image\" content=\"https:\/\/medicoweb.com\/main\/wp-content\/uploads\/olympia_plus.jpg\" \/>\n\t<meta property=\"og:image:width\" content=\"250\" \/>\n\t<meta property=\"og:image:height\" content=\"250\" \/>\n\t<meta property=\"og:image:type\" content=\"image\/jpeg\" \/>\n<meta name=\"twitter:card\" content=\"summary_large_image\" \/>\n<meta name=\"twitter:label1\" content=\"Tempo di lettura stimato\" \/>\n\t<meta name=\"twitter:data1\" content=\"1 minuto\" \/>\n<script type=\"application\/ld+json\" class=\"yoast-schema-graph\">{\"@context\":\"https:\/\/schema.org\",\"@graph\":[{\"@type\":\"WebPage\",\"@id\":\"https:\/\/medicoweb.com\/main\/programmatori\/\",\"url\":\"https:\/\/medicoweb.com\/main\/programmatori\/\",\"name\":\"Programmatori - MEDICO S.R.L.\",\"isPartOf\":{\"@id\":\"https:\/\/medicoweb.com\/main\/#website\"},\"primaryImageOfPage\":{\"@id\":\"https:\/\/medicoweb.com\/main\/programmatori\/#primaryimage\"},\"image\":{\"@id\":\"https:\/\/medicoweb.com\/main\/programmatori\/#primaryimage\"},\"thumbnailUrl\":\"https:\/\/medicoweb.com\/main\/wp-content\/uploads\/olympia_plus.jpg\",\"datePublished\":\"2011-12-21T12:01:17+00:00\",\"dateModified\":\"2020-02-17T15:29:31+00:00\",\"description\":\"Programmatori per seguire al meglio i tuoi pazienti portatori di pacemaker\",\"breadcrumb\":{\"@id\":\"https:\/\/medicoweb.com\/main\/programmatori\/#breadcrumb\"},\"inLanguage\":\"it-IT\",\"potentialAction\":[{\"@type\":\"ReadAction\",\"target\":[\"https:\/\/medicoweb.com\/main\/programmatori\/\"]}]},{\"@type\":\"ImageObject\",\"inLanguage\":\"it-IT\",\"@id\":\"https:\/\/medicoweb.com\/main\/programmatori\/#primaryimage\",\"url\":\"https:\/\/medicoweb.com\/main\/wp-content\/uploads\/olympia_plus.jpg\",\"contentUrl\":\"https:\/\/medicoweb.com\/main\/wp-content\/uploads\/olympia_plus.jpg\",\"width\":250,\"height\":250},{\"@type\":\"BreadcrumbList\",\"@id\":\"https:\/\/medicoweb.com\/main\/programmatori\/#breadcrumb\",\"itemListElement\":[{\"@type\":\"ListItem\",\"position\":1,\"name\":\"Home\",\"item\":\"https:\/\/medicoweb.com\/main\/\"},{\"@type\":\"ListItem\",\"position\":2,\"name\":\"Programmatori\"}]},{\"@type\":\"WebSite\",\"@id\":\"https:\/\/medicoweb.com\/main\/#website\",\"url\":\"https:\/\/medicoweb.com\/main\/\",\"name\":\"MEDICO S.p.A.\",\"description\":\"Italian Design For Life\",\"publisher\":{\"@id\":\"https:\/\/medicoweb.com\/main\/#organization\"},\"potentialAction\":[{\"@type\":\"SearchAction\",\"target\":{\"@type\":\"EntryPoint\",\"urlTemplate\":\"https:\/\/medicoweb.com\/main\/?s={search_term_string}\"},\"query-input\":{\"@type\":\"PropertyValueSpecification\",\"valueRequired\":true,\"valueName\":\"search_term_string\"}}],\"inLanguage\":\"it-IT\"},{\"@type\":\"Organization\",\"@id\":\"https:\/\/medicoweb.com\/main\/#organization\",\"name\":\"MEDICO S.p.A.\",\"url\":\"https:\/\/medicoweb.com\/main\/\",\"logo\":{\"@type\":\"ImageObject\",\"inLanguage\":\"it-IT\",\"@id\":\"https:\/\/medicoweb.com\/main\/#\/schema\/logo\/image\/\",\"url\":\"https:\/\/medicoweb.com\/main\/wp-content\/uploads\/logo_medico2016-1.png\",\"contentUrl\":\"https:\/\/medicoweb.com\/main\/wp-content\/uploads\/logo_medico2016-1.png\",\"width\":350,\"height\":84,\"caption\":\"MEDICO S.p.A.\"},\"image\":{\"@id\":\"https:\/\/medicoweb.com\/main\/#\/schema\/logo\/image\/\"},\"sameAs\":[\"https:\/\/www.facebook.com\/MedicoSpa\/\",\"https:\/\/it.linkedin.com\/company\/medico-s.p.a.\",\"https:\/\/www.youtube.com\/channel\/UCobmQUF5q8SwwMSZ00fA65g\"]}]}<\/script>\n<!-- \/ Yoast SEO plugin. -->","yoast_head_json":{"title":"Programmatori - MEDICO S.R.L.","description":"Programmatori per seguire al meglio i tuoi pazienti portatori di pacemaker","robots":{"index":"index","follow":"follow","max-snippet":"max-snippet:-1","max-image-preview":"max-image-preview:large","max-video-preview":"max-video-preview:-1"},"canonical":"https:\/\/medicoweb.com\/main\/programmatori\/","og_locale":"it_IT","og_type":"article","og_title":"Programmatori - MEDICO S.R.L.","og_description":"Programmatori per seguire al meglio i tuoi pazienti portatori di pacemaker","og_url":"https:\/\/medicoweb.com\/main\/programmatori\/","og_site_name":"MEDICO S.R.L.","article_publisher":"https:\/\/www.facebook.com\/MedicoSpa\/","article_modified_time":"2020-02-17T15:29:31+00:00","og_image":[{"width":250,"height":250,"url":"https:\/\/medicoweb.com\/main\/wp-content\/uploads\/olympia_plus.jpg","type":"image\/jpeg"}],"twitter_card":"summary_large_image","twitter_misc":{"Tempo di lettura stimato":"1 minuto"},"schema":{"@context":"https:\/\/schema.org","@graph":[{"@type":"WebPage","@id":"https:\/\/medicoweb.com\/main\/programmatori\/","url":"https:\/\/medicoweb.com\/main\/programmatori\/","name":"Programmatori - MEDICO S.R.L.","isPartOf":{"@id":"https:\/\/medicoweb.com\/main\/#website"},"primaryImageOfPage":{"@id":"https:\/\/medicoweb.com\/main\/programmatori\/#primaryimage"},"image":{"@id":"https:\/\/medicoweb.com\/main\/programmatori\/#primaryimage"},"thumbnailUrl":"https:\/\/medicoweb.com\/main\/wp-content\/uploads\/olympia_plus.jpg","datePublished":"2011-12-21T12:01:17+00:00","dateModified":"2020-02-17T15:29:31+00:00","description":"Programmatori per seguire al meglio i tuoi pazienti portatori di pacemaker","breadcrumb":{"@id":"https:\/\/medicoweb.com\/main\/programmatori\/#breadcrumb"},"inLanguage":"it-IT","potentialAction":[{"@type":"ReadAction","target":["https:\/\/medicoweb.com\/main\/programmatori\/"]}]},{"@type":"ImageObject","inLanguage":"it-IT","@id":"https:\/\/medicoweb.com\/main\/programmatori\/#primaryimage","url":"https:\/\/medicoweb.com\/main\/wp-content\/uploads\/olympia_plus.jpg","contentUrl":"https:\/\/medicoweb.com\/main\/wp-content\/uploads\/olympia_plus.jpg","width":250,"height":250},{"@type":"BreadcrumbList","@id":"https:\/\/medicoweb.com\/main\/programmatori\/#breadcrumb","itemListElement":[{"@type":"ListItem","position":1,"name":"Home","item":"https:\/\/medicoweb.com\/main\/"},{"@type":"ListItem","position":2,"name":"Programmatori"}]},{"@type":"WebSite","@id":"https:\/\/medicoweb.com\/main\/#website","url":"https:\/\/medicoweb.com\/main\/","name":"MEDICO S.p.A.","description":"Italian Design For Life","publisher":{"@id":"https:\/\/medicoweb.com\/main\/#organization"},"potentialAction":[{"@type":"SearchAction","target":{"@type":"EntryPoint","urlTemplate":"https:\/\/medicoweb.com\/main\/?s={search_term_string}"},"query-input":{"@type":"PropertyValueSpecification","valueRequired":true,"valueName":"search_term_string"}}],"inLanguage":"it-IT"},{"@type":"Organization","@id":"https:\/\/medicoweb.com\/main\/#organization","name":"MEDICO S.p.A.","url":"https:\/\/medicoweb.com\/main\/","logo":{"@type":"ImageObject","inLanguage":"it-IT","@id":"https:\/\/medicoweb.com\/main\/#\/schema\/logo\/image\/","url":"https:\/\/medicoweb.com\/main\/wp-content\/uploads\/logo_medico2016-1.png","contentUrl":"https:\/\/medicoweb.com\/main\/wp-content\/uploads\/logo_medico2016-1.png","width":350,"height":84,"caption":"MEDICO S.p.A."},"image":{"@id":"https:\/\/medicoweb.com\/main\/#\/schema\/logo\/image\/"},"sameAs":["https:\/\/www.facebook.com\/MedicoSpa\/","https:\/\/it.linkedin.com\/company\/medico-s.p.a.","https:\/\/www.youtube.com\/channel\/UCobmQUF5q8SwwMSZ00fA65g"]}]}},"_links":{"self":[{"href":"https:\/\/medicoweb.com\/main\/wp-json\/wp\/v2\/pages\/56","targetHints":{"allow":["GET"]}}],"collection":[{"href":"https:\/\/medicoweb.com\/main\/wp-json\/wp\/v2\/pages"}],"about":[{"href":"https:\/\/medicoweb.com\/main\/wp-json\/wp\/v2\/types\/page"}],"author":[{"embeddable":true,"href":"https:\/\/medicoweb.com\/main\/wp-json\/wp\/v2\/users\/1"}],"replies":[{"embeddable":true,"href":"https:\/\/medicoweb.com\/main\/wp-json\/wp\/v2\/comments?post=56"}],"version-history":[{"count":1,"href":"https:\/\/medicoweb.com\/main\/wp-json\/wp\/v2\/pages\/56\/revisions"}],"predecessor-version":[{"id":6451,"href":"https:\/\/medicoweb.com\/main\/wp-json\/wp\/v2\/pages\/56\/revisions\/6451"}],"wp:featuredmedia":[{"embeddable":true,"href":"https:\/\/medicoweb.com\/main\/wp-json\/wp\/v2\/media\/4425"}],"wp:attachment":[{"href":"https:\/\/medicoweb.com\/main\/wp-json\/wp\/v2\/media?parent=56"}],"curies":[{"name":"wp","href":"https:\/\/api.w.org\/{rel}","templated":true}]}}