{"id":62,"date":"2011-12-21T12:01:57","date_gmt":"2011-12-21T12:01:57","guid":{"rendered":"https:\/\/medicoweb.com\/main\/?page_id=62"},"modified":"2020-02-19T12:18:56","modified_gmt":"2020-02-19T11:18:56","slug":"impedenza-transvalvolare","status":"publish","type":"page","link":"https:\/\/medicoweb.com\/main\/impedenza-transvalvolare\/","title":{"rendered":"Impedenza Transvalvolare &#8211; TVI"},"content":{"rendered":"<p><img loading=\"lazy\" decoding=\"async\" class=\"alignnone size-full wp-image-507\" title=\"tvi_page\" src=\"https:\/\/medicoweb.com\/main\/wp-content\/uploads\/tvi_page.jpg\" alt=\"\" width=\"644\" height=\"193\" srcset=\"https:\/\/medicoweb.com\/main\/wp-content\/uploads\/tvi_page.jpg 644w, https:\/\/medicoweb.com\/main\/wp-content\/uploads\/tvi_page-300x90.jpg 300w\" sizes=\"auto, (max-width: 644px) 100vw, 644px\" \/><\/p>\n<p>L&#8217;attivit\u00e0 cardiaca viene normalmente monitorata da un dispositivo di stimolazione impiantabile (pacemaker) attraverso la registrazione intracavitaria dei segnali elettrici generati durante la depolarizzazione atriale (onda A) e ventricolare (onda R).<\/p>\n<p>Il sensing elettrico, tuttavia, fornisce informazioni limitate alla temporizzazione dell&#8217;attivit\u00e0 atriale e\/o ventricolare. Per un controllo ottimale del sistema cuore &#8211; stimolatore, sarebbe estremamente importante integrare la rilevazione elettrica del segnale con una valutazione dell&#8217;attivit\u00e0 meccanica cardiaca e dei parametri emodinamici ad essa collegati.<br \/>\nL&#8217;attivit\u00e0 meccanica pu\u00f2 essere saggiata utilizzando sensori specifici, o in alternativa tramite misure di impedenza elettrica, che possono essere effettuate mediante gli elettrocateteri normalmente impiegati in cardiostimolazione, senza alcun decadimento delle prestazioni e della precisione con il trascorrere del tempo.<\/p>\n<p>Infatti, le modificazioni strutturali e geometriche che si realizzano durante il ciclo cardiaco comportano delle variazioni periodiche dell&#8217;impedenza, che possono essere utilizzate come indice della forza di contrazione ventricolare e della gittata sistolica.<\/p>\n<p>Tra le varie metodiche per la misurazione dell&#8217;impedenza cardiaca, una nuova opzione \u00e8 oggi rappresentata dall&#8217;impedenza trans-valvolare (TVI), che viene rilevata tra l&#8217;atrio ed il ventricolo destro in normali impianti di stimolazione bicamerale (DDD o VDD monocatetere).<\/p>\n<p><img loading=\"lazy\" decoding=\"async\" class=\"alignnone size-full wp-image-4952\" src=\"https:\/\/medicoweb.com\/main\/wp-content\/uploads\/tvi_signal_ecg_trace.jpg\" alt=\"\" width=\"636\" height=\"343\" srcset=\"https:\/\/medicoweb.com\/main\/wp-content\/uploads\/tvi_signal_ecg_trace.jpg 636w, https:\/\/medicoweb.com\/main\/wp-content\/uploads\/tvi_signal_ecg_trace-300x162.jpg 300w\" sizes=\"auto, (max-width: 636px) 100vw, 636px\" \/><\/p>\n<p>Come illustrato nei tracciati, TVI si riduce durante la sistole atriale ed aumenta durante la sistole ventricolare, raggiungendo il picco massimo alla fine del periodo Q-T (quindi della fase di eiezione ventricolare) in ogni ciclo cardiaco. TVI diminuisce quindi progressivamente durante il riempimento diastolico e si stabilizza sul valore di riposo, fino alla sistole atriale successiva.<\/p>\n<p>La crescente esperienza clinica su migliaia di impianti effettuati in prestigiosi Centri italiani ed internazionali conferma che il segnale di TVI \u00e8 effettivamente correlato con la funzione meccanica ed emodinamica. Ci\u00f2 consente importanti ed innovative applicazioni, quali la conferma di eiezione ad ogni battito cardiaco stimolato o spontaneo e la regolazione della temporizzazione del pacing. Inoltre, il Cardiologo pu\u00f2 utilizzare TVI per la valutazione della stabilit\u00e0 emodinamica dei pazienti portatori di pacemaker.<\/p>\n<p>&nbsp;<\/p>\n<h3>Un nuovo passo avanti nella regolazione emodinamica della stimolazione cardiaca:<\/h3>\n<hr \/>\n<p>&nbsp;<\/p>\n<h3>Calibrazione automatica del segnale TVI<\/h3>\n<p><img loading=\"lazy\" decoding=\"async\" class=\"alignleft size-full wp-image-1763\" title=\"calibrazione\" src=\"https:\/\/medicoweb.com\/main\/wp-content\/uploads\/calibrazione.jpg\" alt=\"\" width=\"644\" height=\"193\" srcset=\"https:\/\/medicoweb.com\/main\/wp-content\/uploads\/calibrazione.jpg 644w, https:\/\/medicoweb.com\/main\/wp-content\/uploads\/calibrazione-300x90.jpg 300w\" sizes=\"auto, (max-width: 644px) 100vw, 644px\" \/><br \/>\nConfigurazione automatica dei parametri del segnale TVI e funzioni correlate subito attivabili.<\/p>\n<h3 style=\"text-align: justify;\">Verifica Eiezione dopo Pacing Ventricolare<\/h3>\n<p style=\"text-align: justify;\">La funzione di <strong>Verifica Eiezione dopo Pacing Ventricolare <\/strong>verifica l\u2019efficacia dell\u2019impulso di stimolazione e, in caso di pacing inefficace, aumenta l\u2019energia per ripristinare una corretta stimolazione.<\/p>\n<p><img loading=\"lazy\" decoding=\"async\" class=\"alignleft size-full wp-image-2183\" title=\"verifica_eiezione_dopo_pacing\" src=\"https:\/\/medicoweb.com\/main\/wp-content\/uploads\/verifica_eiezione_dopo_pacing.jpg\" alt=\"\" width=\"644\" height=\"320\" srcset=\"https:\/\/medicoweb.com\/main\/wp-content\/uploads\/verifica_eiezione_dopo_pacing.jpg 644w, https:\/\/medicoweb.com\/main\/wp-content\/uploads\/verifica_eiezione_dopo_pacing-300x149.jpg 300w\" sizes=\"auto, (max-width: 644px) 100vw, 644px\" \/><br \/>\nSe l&#8217;atteso incremento di TVI non \u00e8 confermato dopo un impulso di stimolazione, si assume una mancata cattura ventricolare e viene aumentata l&#8217;energia dell&#8217;impulso.<br \/>\nIl pacemaker memorizza il numero di allarmi di mancata cattura e l&#8217;andamento dei parametri dell&#8217;impulso.<\/p>\n<h3 style=\"text-align: justify;\">Verifica Eiezione dopo Sensing Ventricolare<\/h3>\n<p style=\"text-align: justify;\">La funzione Verifica Eiezione Dopo Sensing Ventricolare garantisce una stimolazione di sicurezza in caso di oversensing.<\/p>\n<p><img loading=\"lazy\" decoding=\"async\" class=\"alignleft size-full wp-image-2185\" title=\"verifica_eiezione_dopo_sensing\" src=\"https:\/\/medicoweb.com\/main\/wp-content\/uploads\/verifica_eiezione_dopo_sensing.jpg\" alt=\"\" width=\"644\" height=\"320\" srcset=\"https:\/\/medicoweb.com\/main\/wp-content\/uploads\/verifica_eiezione_dopo_sensing.jpg 644w, https:\/\/medicoweb.com\/main\/wp-content\/uploads\/verifica_eiezione_dopo_sensing-300x149.jpg 300w\" sizes=\"auto, (max-width: 644px) 100vw, 644px\" \/><br \/>\nSe l&#8217;atteso incremento di TVI non \u00e8 registrato in una serie di 3 eventi di sensing ventricolare, qualsiasi modalit\u00e0 di pacing ventricolo-inibita viene convertita nella corrispondente modalit\u00e0 ventricolo-triggerata, al fine di garantire una stimolazione di sicurezza.<br \/>\nIl pacing ventricolare triggerato o inibito dal sensing si alternano ad ogni battito, in modo da ripristinare il funzionamento normale appena la funzione di sensing ritorna totalmante affidabile.<br \/>\nIl numero di allarmi di mancata eiezione dopo sensing ventricolare \u00e8 registrato nella memoria del pacemaker.<\/p>\n<h3>Promozione della conduzione AV intrinseca verificata dal segnale TVI<\/h3>\n<p><img loading=\"lazy\" decoding=\"async\" class=\"alignleft size-full wp-image-1769\" title=\"algoritmo_minimizzazione\" src=\"https:\/\/medicoweb.com\/main\/wp-content\/uploads\/algoritmo_minimizzazione.jpg\" alt=\"\" width=\"644\" height=\"320\" srcset=\"https:\/\/medicoweb.com\/main\/wp-content\/uploads\/algoritmo_minimizzazione.jpg 644w, https:\/\/medicoweb.com\/main\/wp-content\/uploads\/algoritmo_minimizzazione-300x149.jpg 300w\" sizes=\"auto, (max-width: 644px) 100vw, 644px\" \/><br \/>\nLa sorveglianza di eiezione basata su TVI abilita immediatamente il pacing bicamerale in presenza di una falsa inibizione ventricolare.<\/p>\n<p>&nbsp;<\/p>\n<h3>Confronto a lungo termine del segnale TVI<\/h3>\n<p>Confronto della forma d&#8217;onda acquisita con quella del follow-up precedente e la prima selezionata come riferimento.<br \/>\n<img loading=\"lazy\" decoding=\"async\" class=\"alignleft wp-image-3264 size-full\" title=\"confronto_lungo_termine\" src=\"https:\/\/medicoweb.com\/main\/wp-content\/uploads\/confronto_lungo_termine_ita.png\" alt=\"\" width=\"644\" height=\"457\" srcset=\"https:\/\/medicoweb.com\/main\/wp-content\/uploads\/confronto_lungo_termine_ita.png 644w, https:\/\/medicoweb.com\/main\/wp-content\/uploads\/confronto_lungo_termine_ita-300x213.png 300w\" sizes=\"auto, (max-width: 644px) 100vw, 644px\" \/><\/p>\n<ul>\n<li>Comparazione della forma d&#8217;onda del segnale TVI per valutare la stabilit\u00e0 emodinamica a lungo termine<\/li>\n<li>Misurazione automatica dei parametri essenziali<\/li>\n<li>Trend del TVI diastolico e sistolico<\/li>\n<\/ul>\n<p>&#8230; <strong>consentono di individuare i pazienti a rischio di scompenso cardiaco<\/strong>.<\/p>\n<p>&nbsp;<\/p>\n<h3>Articoli scientifici in dettaglio:<\/h3>\n<hr \/>\n<p>&nbsp;<\/p>\n<p><img loading=\"lazy\" decoding=\"async\" title=\"Articoli scientifici in dettaglio\" src=\"https:\/\/medicoweb.com\/main\/wp-content\/uploads\/file3.png\" alt=\"\" width=\"32\" height=\"32\" \/><strong>Acute effects of right ventricular pacing on cardiac haemodynamics and transvalvular impedance.<\/strong><\/p>\n<h5>Taborsky M, Fedorco M, Skala T, Kocianova E, Pastucha D, Richter D, Petrkova J, Di Gregorio F, Barbetta A, Vaclavik J<\/h5>\n<p>Biomedical Papers (2013) 157, in press.<br \/>\n<img loading=\"lazy\" decoding=\"async\" title=\"link\" src=\"https:\/\/medicoweb.com\/main\/wp-content\/uploads\/link.png\" alt=\"\" width=\"16\" height=\"16\" \/>Pre-print Link: <a href=\"http:\/\/dx.doi.org\/10.5507\/bp.2013.009\" target=\"_blank\" rel=\"noopener noreferrer\">click here &gt;&gt;<\/a><\/p>\n<p>&nbsp;<\/p>\n<p><img loading=\"lazy\" decoding=\"async\" title=\"Articoli scientifici in dettaglio\" src=\"https:\/\/medicoweb.com\/main\/wp-content\/uploads\/file3.png\" alt=\"\" width=\"32\" height=\"32\" \/><strong>Left ventricular mechanical activity detected by impedance recording<\/strong><\/p>\n<h5>Taborsky M, Kupec J, Vopalka R, Barbetta A, Di Gregorio F<\/h5>\n<p>Europace (2010) 12, 534\u2013539<br \/>\n<img loading=\"lazy\" decoding=\"async\" title=\"link\" src=\"https:\/\/medicoweb.com\/main\/wp-content\/uploads\/link.png\" alt=\"\" width=\"16\" height=\"16\" \/>Link Full paper: <a href=\"http:\/\/www.ncbi.nlm.nih.gov\/pmc\/articles\/PMC2845509\/pdf\/euq052.pdf\" target=\"_blank\" rel=\"noopener noreferrer\">click here &gt;&gt;<\/a><\/p>\n<p>&nbsp;<\/p>\n<p><img loading=\"lazy\" decoding=\"async\" title=\"Pubblicazioni\" src=\"https:\/\/medicoweb.com\/main\/wp-content\/uploads\/file3.png\" alt=\"\" width=\"32\" height=\"32\" \/> <strong>Rate-responsive pacing regulated by cardiac haemodynamics<\/strong><\/p>\n<h5>Gasparini G, Curnis A, Gulizia M, Occhetta E, Corrado A, Bontempi L, Mascioli G, Francese GM, Bortnik M, Magnani A, Di Gregorio F, Barbetta A, Raviele A<\/h5>\n<p>Europace (2005) 7, 234\u2013241<br \/>\n<img loading=\"lazy\" decoding=\"async\" title=\"link\" src=\"https:\/\/medicoweb.com\/main\/wp-content\/uploads\/link.png\" alt=\"\" width=\"16\" height=\"16\" \/>Link Full paper: <a href=\"http:\/\/europace.oxfordjournals.org\/content\/7\/3\/234.full.pdf+html\" target=\"_blank\" rel=\"noopener noreferrer\">click here &gt;&gt;<\/a><\/p>\n<p>&nbsp;<\/p>\n<p><a href=\"https:\/\/medicoweb.com\/main\/wp-content\/uploads\/tvi_pdf2.pdf\" target=\"_blank\" rel=\"noopener noreferrer\"><img loading=\"lazy\" decoding=\"async\" title=\"tvi_pdf_2\" src=\"https:\/\/medicoweb.com\/main\/wp-content\/uploads\/tvi_pdf_2.jpg\" alt=\"\" width=\"200\" height=\"142\" \/><\/a> <a href=\"https:\/\/medicoweb.com\/main\/wp-content\/uploads\/tvi_pdf1.pdf\" target=\"_blank\" rel=\"noopener noreferrer\"><img loading=\"lazy\" decoding=\"async\" title=\"tvi_pdf_1\" src=\"https:\/\/medicoweb.com\/main\/wp-content\/uploads\/tvi_pdf_1.jpg\" alt=\"\" width=\"200\" height=\"142\" \/><\/a><\/p>\n<hr \/>\n<p>&nbsp;<\/p>\n<p align=\"center\"><a href=\"#top\"><img loading=\"lazy\" decoding=\"async\" src=\"https:\/\/medicoweb.com\/main\/wp-content\/uploads\/torna_su.png\" alt=\"\" width=\"28\" height=\"28\" \/> Inizio<\/a><\/p>\n<p>&nbsp;<\/p>\n<p>&nbsp;<\/p>\n<p style=\"text-align: center;\"><span style=\"text-align: center; font-size: 16px;\"><a href=\"https:\/\/medicoweb.com\/main\/prodotti\/\"> <strong>Prodotti<\/strong><\/a> | <a title=\"Tecnologia\" href=\"https:\/\/medicoweb.com\/main\/tecnologia\/\"><strong>Tecnologia<\/strong><\/a> | <a title=\"Supporto\" href=\"https:\/\/medicoweb.com\/main\/supporto\/\"><strong>Supporto<\/strong><\/a> | <a title=\"Contatti\" href=\"https:\/\/medicoweb.com\/main\/contatti\/\"><strong>Contatti<\/strong><\/a><\/span><\/p>\n","protected":false},"excerpt":{"rendered":"<p>L&#8217;attivit\u00e0 cardiaca viene normalmente monitorata da un dispositivo di stimolazione impiantabile (pacemaker) attraverso la registrazione intracavitaria dei segnali elettrici generati durante la depolarizzazione atriale (onda A) e ventricolare (onda R). Il sensing elettrico, tuttavia, fornisce informazioni limitate alla temporizzazione dell&#8217;attivit\u00e0&hellip; <\/p>\n","protected":false},"author":1,"featured_media":5008,"parent":0,"menu_order":0,"comment_status":"closed","ping_status":"closed","template":"","meta":{"footnotes":""},"class_list":["post-62","page","type-page","status-publish","has-post-thumbnail","hentry"],"yoast_head":"<!-- This site is optimized with the Yoast SEO plugin v24.0 - https:\/\/yoast.com\/wordpress\/plugins\/seo\/ -->\n<title>Impedenza Transvalvolare - TVI - MEDICO S.R.L.<\/title>\n<meta name=\"robots\" content=\"index, follow, max-snippet:-1, max-image-preview:large, max-video-preview:-1\" \/>\n<link rel=\"canonical\" href=\"https:\/\/medicoweb.com\/main\/impedenza-transvalvolare\/\" \/>\n<meta property=\"og:locale\" content=\"it_IT\" \/>\n<meta property=\"og:type\" content=\"article\" \/>\n<meta property=\"og:title\" content=\"Impedenza Transvalvolare - TVI - MEDICO S.R.L.\" \/>\n<meta property=\"og:description\" content=\"L&#8217;attivit\u00e0 cardiaca viene normalmente monitorata da un dispositivo di stimolazione impiantabile (pacemaker) attraverso la registrazione intracavitaria dei segnali elettrici generati durante la depolarizzazione atriale (onda A) e ventricolare (onda R). Il sensing elettrico, tuttavia, fornisce informazioni limitate alla temporizzazione dell&#8217;attivit\u00e0&hellip;\" \/>\n<meta property=\"og:url\" content=\"https:\/\/medicoweb.com\/main\/impedenza-transvalvolare\/\" \/>\n<meta property=\"og:site_name\" content=\"MEDICO S.R.L.\" \/>\n<meta property=\"article:publisher\" content=\"https:\/\/www.facebook.com\/MedicoSpa\/\" \/>\n<meta property=\"article:modified_time\" content=\"2020-02-19T11:18:56+00:00\" \/>\n<meta property=\"og:image\" content=\"https:\/\/medicoweb.com\/main\/wp-content\/uploads\/tvi_evidenza2.jpg\" \/>\n\t<meta property=\"og:image:width\" content=\"222\" \/>\n\t<meta property=\"og:image:height\" content=\"160\" \/>\n\t<meta property=\"og:image:type\" content=\"image\/jpeg\" \/>\n<meta name=\"twitter:card\" content=\"summary_large_image\" \/>\n<meta name=\"twitter:label1\" content=\"Tempo di lettura stimato\" \/>\n\t<meta name=\"twitter:data1\" content=\"4 minuti\" \/>\n<script type=\"application\/ld+json\" class=\"yoast-schema-graph\">{\"@context\":\"https:\/\/schema.org\",\"@graph\":[{\"@type\":\"WebPage\",\"@id\":\"https:\/\/medicoweb.com\/main\/impedenza-transvalvolare\/\",\"url\":\"https:\/\/medicoweb.com\/main\/impedenza-transvalvolare\/\",\"name\":\"Impedenza Transvalvolare - TVI - MEDICO S.R.L.\",\"isPartOf\":{\"@id\":\"https:\/\/medicoweb.com\/main\/#website\"},\"primaryImageOfPage\":{\"@id\":\"https:\/\/medicoweb.com\/main\/impedenza-transvalvolare\/#primaryimage\"},\"image\":{\"@id\":\"https:\/\/medicoweb.com\/main\/impedenza-transvalvolare\/#primaryimage\"},\"thumbnailUrl\":\"https:\/\/medicoweb.com\/main\/wp-content\/uploads\/tvi_evidenza2.jpg\",\"datePublished\":\"2011-12-21T12:01:57+00:00\",\"dateModified\":\"2020-02-19T11:18:56+00:00\",\"breadcrumb\":{\"@id\":\"https:\/\/medicoweb.com\/main\/impedenza-transvalvolare\/#breadcrumb\"},\"inLanguage\":\"it-IT\",\"potentialAction\":[{\"@type\":\"ReadAction\",\"target\":[\"https:\/\/medicoweb.com\/main\/impedenza-transvalvolare\/\"]}]},{\"@type\":\"ImageObject\",\"inLanguage\":\"it-IT\",\"@id\":\"https:\/\/medicoweb.com\/main\/impedenza-transvalvolare\/#primaryimage\",\"url\":\"https:\/\/medicoweb.com\/main\/wp-content\/uploads\/tvi_evidenza2.jpg\",\"contentUrl\":\"https:\/\/medicoweb.com\/main\/wp-content\/uploads\/tvi_evidenza2.jpg\",\"width\":222,\"height\":160},{\"@type\":\"BreadcrumbList\",\"@id\":\"https:\/\/medicoweb.com\/main\/impedenza-transvalvolare\/#breadcrumb\",\"itemListElement\":[{\"@type\":\"ListItem\",\"position\":1,\"name\":\"Home\",\"item\":\"https:\/\/medicoweb.com\/main\/\"},{\"@type\":\"ListItem\",\"position\":2,\"name\":\"Impedenza Transvalvolare &#8211; TVI\"}]},{\"@type\":\"WebSite\",\"@id\":\"https:\/\/medicoweb.com\/main\/#website\",\"url\":\"https:\/\/medicoweb.com\/main\/\",\"name\":\"MEDICO S.p.A.\",\"description\":\"Italian Design For Life\",\"publisher\":{\"@id\":\"https:\/\/medicoweb.com\/main\/#organization\"},\"potentialAction\":[{\"@type\":\"SearchAction\",\"target\":{\"@type\":\"EntryPoint\",\"urlTemplate\":\"https:\/\/medicoweb.com\/main\/?s={search_term_string}\"},\"query-input\":{\"@type\":\"PropertyValueSpecification\",\"valueRequired\":true,\"valueName\":\"search_term_string\"}}],\"inLanguage\":\"it-IT\"},{\"@type\":\"Organization\",\"@id\":\"https:\/\/medicoweb.com\/main\/#organization\",\"name\":\"MEDICO S.p.A.\",\"url\":\"https:\/\/medicoweb.com\/main\/\",\"logo\":{\"@type\":\"ImageObject\",\"inLanguage\":\"it-IT\",\"@id\":\"https:\/\/medicoweb.com\/main\/#\/schema\/logo\/image\/\",\"url\":\"https:\/\/medicoweb.com\/main\/wp-content\/uploads\/logo_medico2016-1.png\",\"contentUrl\":\"https:\/\/medicoweb.com\/main\/wp-content\/uploads\/logo_medico2016-1.png\",\"width\":350,\"height\":84,\"caption\":\"MEDICO S.p.A.\"},\"image\":{\"@id\":\"https:\/\/medicoweb.com\/main\/#\/schema\/logo\/image\/\"},\"sameAs\":[\"https:\/\/www.facebook.com\/MedicoSpa\/\",\"https:\/\/it.linkedin.com\/company\/medico-s.p.a.\",\"https:\/\/www.youtube.com\/channel\/UCobmQUF5q8SwwMSZ00fA65g\"]}]}<\/script>\n<!-- \/ Yoast SEO plugin. -->","yoast_head_json":{"title":"Impedenza Transvalvolare - TVI - MEDICO S.R.L.","robots":{"index":"index","follow":"follow","max-snippet":"max-snippet:-1","max-image-preview":"max-image-preview:large","max-video-preview":"max-video-preview:-1"},"canonical":"https:\/\/medicoweb.com\/main\/impedenza-transvalvolare\/","og_locale":"it_IT","og_type":"article","og_title":"Impedenza Transvalvolare - TVI - MEDICO S.R.L.","og_description":"L&#8217;attivit\u00e0 cardiaca viene normalmente monitorata da un dispositivo di stimolazione impiantabile (pacemaker) attraverso la registrazione intracavitaria dei segnali elettrici generati durante la depolarizzazione atriale (onda A) e ventricolare (onda R). Il sensing elettrico, tuttavia, fornisce informazioni limitate alla temporizzazione dell&#8217;attivit\u00e0&hellip;","og_url":"https:\/\/medicoweb.com\/main\/impedenza-transvalvolare\/","og_site_name":"MEDICO S.R.L.","article_publisher":"https:\/\/www.facebook.com\/MedicoSpa\/","article_modified_time":"2020-02-19T11:18:56+00:00","og_image":[{"width":222,"height":160,"url":"https:\/\/medicoweb.com\/main\/wp-content\/uploads\/tvi_evidenza2.jpg","type":"image\/jpeg"}],"twitter_card":"summary_large_image","twitter_misc":{"Tempo di lettura stimato":"4 minuti"},"schema":{"@context":"https:\/\/schema.org","@graph":[{"@type":"WebPage","@id":"https:\/\/medicoweb.com\/main\/impedenza-transvalvolare\/","url":"https:\/\/medicoweb.com\/main\/impedenza-transvalvolare\/","name":"Impedenza Transvalvolare - TVI - MEDICO S.R.L.","isPartOf":{"@id":"https:\/\/medicoweb.com\/main\/#website"},"primaryImageOfPage":{"@id":"https:\/\/medicoweb.com\/main\/impedenza-transvalvolare\/#primaryimage"},"image":{"@id":"https:\/\/medicoweb.com\/main\/impedenza-transvalvolare\/#primaryimage"},"thumbnailUrl":"https:\/\/medicoweb.com\/main\/wp-content\/uploads\/tvi_evidenza2.jpg","datePublished":"2011-12-21T12:01:57+00:00","dateModified":"2020-02-19T11:18:56+00:00","breadcrumb":{"@id":"https:\/\/medicoweb.com\/main\/impedenza-transvalvolare\/#breadcrumb"},"inLanguage":"it-IT","potentialAction":[{"@type":"ReadAction","target":["https:\/\/medicoweb.com\/main\/impedenza-transvalvolare\/"]}]},{"@type":"ImageObject","inLanguage":"it-IT","@id":"https:\/\/medicoweb.com\/main\/impedenza-transvalvolare\/#primaryimage","url":"https:\/\/medicoweb.com\/main\/wp-content\/uploads\/tvi_evidenza2.jpg","contentUrl":"https:\/\/medicoweb.com\/main\/wp-content\/uploads\/tvi_evidenza2.jpg","width":222,"height":160},{"@type":"BreadcrumbList","@id":"https:\/\/medicoweb.com\/main\/impedenza-transvalvolare\/#breadcrumb","itemListElement":[{"@type":"ListItem","position":1,"name":"Home","item":"https:\/\/medicoweb.com\/main\/"},{"@type":"ListItem","position":2,"name":"Impedenza Transvalvolare &#8211; TVI"}]},{"@type":"WebSite","@id":"https:\/\/medicoweb.com\/main\/#website","url":"https:\/\/medicoweb.com\/main\/","name":"MEDICO S.p.A.","description":"Italian Design For Life","publisher":{"@id":"https:\/\/medicoweb.com\/main\/#organization"},"potentialAction":[{"@type":"SearchAction","target":{"@type":"EntryPoint","urlTemplate":"https:\/\/medicoweb.com\/main\/?s={search_term_string}"},"query-input":{"@type":"PropertyValueSpecification","valueRequired":true,"valueName":"search_term_string"}}],"inLanguage":"it-IT"},{"@type":"Organization","@id":"https:\/\/medicoweb.com\/main\/#organization","name":"MEDICO S.p.A.","url":"https:\/\/medicoweb.com\/main\/","logo":{"@type":"ImageObject","inLanguage":"it-IT","@id":"https:\/\/medicoweb.com\/main\/#\/schema\/logo\/image\/","url":"https:\/\/medicoweb.com\/main\/wp-content\/uploads\/logo_medico2016-1.png","contentUrl":"https:\/\/medicoweb.com\/main\/wp-content\/uploads\/logo_medico2016-1.png","width":350,"height":84,"caption":"MEDICO S.p.A."},"image":{"@id":"https:\/\/medicoweb.com\/main\/#\/schema\/logo\/image\/"},"sameAs":["https:\/\/www.facebook.com\/MedicoSpa\/","https:\/\/it.linkedin.com\/company\/medico-s.p.a.","https:\/\/www.youtube.com\/channel\/UCobmQUF5q8SwwMSZ00fA65g"]}]}},"_links":{"self":[{"href":"https:\/\/medicoweb.com\/main\/wp-json\/wp\/v2\/pages\/62","targetHints":{"allow":["GET"]}}],"collection":[{"href":"https:\/\/medicoweb.com\/main\/wp-json\/wp\/v2\/pages"}],"about":[{"href":"https:\/\/medicoweb.com\/main\/wp-json\/wp\/v2\/types\/page"}],"author":[{"embeddable":true,"href":"https:\/\/medicoweb.com\/main\/wp-json\/wp\/v2\/users\/1"}],"replies":[{"embeddable":true,"href":"https:\/\/medicoweb.com\/main\/wp-json\/wp\/v2\/comments?post=62"}],"version-history":[{"count":1,"href":"https:\/\/medicoweb.com\/main\/wp-json\/wp\/v2\/pages\/62\/revisions"}],"predecessor-version":[{"id":6514,"href":"https:\/\/medicoweb.com\/main\/wp-json\/wp\/v2\/pages\/62\/revisions\/6514"}],"wp:featuredmedia":[{"embeddable":true,"href":"https:\/\/medicoweb.com\/main\/wp-json\/wp\/v2\/media\/5008"}],"wp:attachment":[{"href":"https:\/\/medicoweb.com\/main\/wp-json\/wp\/v2\/media?parent=62"}],"curies":[{"name":"wp","href":"https:\/\/api.w.org\/{rel}","templated":true}]}}