{"id":9,"date":"2011-12-21T09:06:29","date_gmt":"2011-12-21T09:06:29","guid":{"rendered":"https:\/\/medicoweb.com\/main\/?page_id=5"},"modified":"2022-01-11T09:48:38","modified_gmt":"2022-01-11T08:48:38","slug":"azienda","status":"publish","type":"page","link":"https:\/\/medicoweb.com\/main\/azienda\/","title":{"rendered":"L&#8217;Azienda"},"content":{"rendered":"<h3><img loading=\"lazy\" decoding=\"async\" class=\"alignnone size-full wp-image-5688\" src=\"https:\/\/medicoweb.com\/main\/wp-content\/uploads\/freccia_gialla.png\" alt=\"\" width=\"27\" height=\"28\" \/>Mission<\/h3>\n<p><img loading=\"lazy\" decoding=\"async\" class=\"size-full wp-image-3865 alignnone\" src=\"https:\/\/medicoweb.com\/main\/wp-content\/uploads\/azienda_2018.jpg\" alt=\"\" width=\"644\" height=\"193\" srcset=\"https:\/\/medicoweb.com\/main\/wp-content\/uploads\/azienda_2018.jpg 644w, https:\/\/medicoweb.com\/main\/wp-content\/uploads\/azienda_2018-300x90.jpg 300w\" sizes=\"auto, (max-width: 644px) 100vw, 644px\" \/><\/p>\n<p style=\"text-align: justify;\">Valorizzare la vita umana con lo sviluppo di una tecnologia superiore e innovativa nell&#8217;applicazione in campo medico dell&#8217;elettrostimolazione con un&#8217;organizzazione efficiente e flessibile guidata dalla gente che ha una motivazione nella vita ed \u00e8 motivata dalla vita.<\/p>\n<p><iframe loading=\"lazy\" src=\"\/\/www.youtube.com\/embed\/VYQ4vpwxNak\" width=\"644\" height=\"360\" frameborder=\"0\" allowfullscreen=\"allowfullscreen\"><\/iframe><\/p>\n<hr \/>\n<p>&nbsp;<\/p>\n<h3><img loading=\"lazy\" decoding=\"async\" class=\"alignnone size-full wp-image-5688\" src=\"https:\/\/medicoweb.com\/main\/wp-content\/uploads\/freccia_gialla.png\" alt=\"\" width=\"27\" height=\"28\" \/>Presentazione <span class=\"notranslate\">MEDICO S.p.A.<\/span><\/h3>\n<p style=\"text-align: justify;\">La <span class=\"notranslate\">MEDICO S.p.A.<\/span> \u00e8 stata fondata nel 1973 e a tutt&#8217;oggi \u00e8 un&#8217;azienda privata ed indipendente. Da oltre 45 anni opera nel campo della cardio-stimolazione con lo scopo di garantire a medici e pazienti uno standard tecnologico di alto livello. Lo spirito pionieristico dell\u2019azienda nello sviluppo di nuove tecnologie si \u00e8 espresso fin dagli anni \u201980, quando rivoluzion\u00f2 il mondo della stimolazione cardiaca con l\u2019introduzione del pacing VDD con monocatetere dal dipolo atriale flottante di 3 cm. Con l&#8217;ambizione di fornire ai medici gli strumenti adeguati per ottimizzare la terapia per ogni singolo paziente, negli ultimi anni l&#8217;azienda si \u00e8 impegnata nello sviluppo di un sistema integrato per la misura di<strong><a title=\"Impedenza Transvalvolare\" href=\"https:\/\/medicoweb.com\/main\/impedenza-transvalvolare\/\"> TVI (Trans Valvular Impedance)<\/a><\/strong>, un segnale di impedenza misurato tra atrio e ventricolo destro attraverso i normali elettrodi collegati ad un pacemaker, che pu\u00f2 fornire importanti informazioni circa la funzionalit\u00e0 meccanica del cuore. In particolare, grazie a TVI \u00e8 possibile monitorare la performance emodinamica del paziente in termini di precarico e gittata sistolica e quindi di valutare se la sua funzione di pompa \u00e8 sostanzialmente stabile o sta migliorando o peggiorando. Questo innovativo sistema, disponibile in tutti i pacemaker delle famiglie Soph\u00f2s ed Helios, permette di avere un feedback continuo sull&#8217;efficacia della programmazione del dispositivo e della terapia farmacologica. Oltre a questa importante applicazione sono disponibili altre funzioni basate sul concetto di TVI come la validazione del pacing e del sensing ventricolare con algoritmi automatici rispettivamente di adeguamento dell&#8217;energia di stimolazione in caso di stimoli inefficaci e di stimolazione di sicurezza in caso di oversensing ventricolare.<\/p>\n<p><iframe loading=\"lazy\" src=\"\/\/www.youtube.com\/embed\/YV37hK6SLu8\" width=\"644\" height=\"360\" frameborder=\"0\" allowfullscreen=\"allowfullscreen\"><\/iframe><\/p>\n<hr \/>\n<p align=\"center\"><a href=\"#top\"><img loading=\"lazy\" decoding=\"async\" src=\"https:\/\/medicoweb.com\/main\/wp-content\/uploads\/torna_su.png\" alt=\"\" width=\"28\" height=\"28\" \/> Inizio<\/a><\/p>\n<p>&nbsp;<\/p>\n<p>&nbsp;<\/p>\n<h3><img loading=\"lazy\" decoding=\"async\" class=\"alignnone size-full wp-image-5688\" src=\"https:\/\/medicoweb.com\/main\/wp-content\/uploads\/freccia_gialla.png\" alt=\"\" width=\"27\" height=\"28\" \/>Cronologia<\/h3>\n<p style=\"text-align: left;\"><strong>1973<\/strong>: Fondazione della societ\u00e0<\/p>\n<p style=\"text-align: left;\"><strong>1984<\/strong>: Primo sistema VDD monocatetere unipolare (Phymos).<\/p>\n<p style=\"text-align: left;\"><strong>1985<\/strong>: Primo sistema VDD monocatetere bipolare (Phymos 830).<br \/>\nPi\u00f9 di 70.000 sistemi VDD Phymos impiantati in tutto il mondo.<\/p>\n<p style=\"text-align: left;\"><strong>1985<\/strong>: Primo pacemaker VDD programmabile.<\/p>\n<p style=\"text-align: left;\"><strong>1997<\/strong>: Primo pacemaker rate responsive a doppia pendenza.<\/p>\n<p style=\"text-align: left;\"><strong>2005<\/strong>: Primo pacemaker con sensore emodinamico basato su TVI.<\/p>\n<p style=\"text-align: left;\"><strong>2007<\/strong>: Primo pacemaker tricamerale con sensore TVI (Helios 300).<\/p>\n<p style=\"text-align: left;\"><strong>2008<\/strong>: Ampliamento della famiglia Sophos con modelli bicamerali.<\/p>\n<p style=\"text-align: left;\"><strong>2009<\/strong>: Nuova gamma Pacemaker monocamerali (Mythos).<\/p>\n<p><strong>2011<\/strong>:\u00a0Ampliamento della famiglia Sophos con modelli bicamerali.<\/p>\n<p><strong>2012<\/strong>: Nuovo PSA TVI Analyzer e nuovo programmatore Olympia.<\/p>\n<p><strong>2013<\/strong>: Nuova gamma Pacemaker bicamerali (Eos)<\/p>\n<p><strong>2014<\/strong>: Nuovo Dispositivo tricamerale per la stimolazione biventricolare (DDDRV) Hera<\/p>\n<p><strong>2016<\/strong>: Nuova gamma Pacemaker bicamerali (Gea e Iris). Nuova gamma Pacemaker monocamerali (_Easy Plus_)<\/p>\n<p><strong>2017<\/strong>: Dispositivo Ermes per il controllo remoto del paziente.<\/p>\n<p><strong>2018<\/strong>: Nuovo elettrocatetere bipolare VITIS a vite retraibile.<\/p>\n<p><strong>2019<\/strong>: Primi pacemaker Medico compatibili in ambiente MRI: Eos D e DR MRI. Nuovo programmatore Olympia Plus.<\/p>\n<p><strong>2021<\/strong>:\u00a0Primi pacemaker Medico compatibili in ambiente MRI per la stimolazione VDD con monocatetere (Iris VDD MR, Kadmos VDD MR).<\/p>\n<p>Monocatetere PHYMOS 44 MRI e PHYMOS 44L MRI per la stimolazione VDD compatibile in ambiente MRI.<\/p>\n<p>Nuova gamma Pacemaker compatibili in ambiente MRI (Iris SR MRI, Iris DR MRI, Kadmos DR MRI).<\/p>\n<p>&nbsp;<\/p>\n<p>&nbsp;<\/p>\n<p><iframe loading=\"lazy\" src=\"\/\/www.youtube.com\/embed\/yO9NsYdP7K8\" width=\"644\" height=\"480\" frameborder=\"0\" allowfullscreen=\"allowfullscreen\"><\/iframe><\/p>\n<hr \/>\n<p align=\"center\"><a href=\"#top\"><img loading=\"lazy\" decoding=\"async\" src=\"https:\/\/medicoweb.com\/main\/wp-content\/uploads\/torna_su.png\" alt=\"\" width=\"28\" height=\"28\" \/> Inizio<\/a><\/p>\n<p>&nbsp;<\/p>\n<p>&nbsp;<\/p>\n<h3><img loading=\"lazy\" decoding=\"async\" class=\"alignnone size-full wp-image-5688\" src=\"https:\/\/medicoweb.com\/main\/wp-content\/uploads\/freccia_gialla.png\" alt=\"\" width=\"27\" height=\"28\" \/>Gli stabilimenti e gli uffici<\/h3>\n<p><img loading=\"lazy\" decoding=\"async\" class=\"alignnone size-full wp-image-6496\" src=\"https:\/\/medicoweb.com\/main\/wp-content\/uploads\/stabilimenti.jpg\" alt=\"\" width=\"644\" height=\"193\" srcset=\"https:\/\/medicoweb.com\/main\/wp-content\/uploads\/stabilimenti.jpg 644w, https:\/\/medicoweb.com\/main\/wp-content\/uploads\/stabilimenti-300x90.jpg 300w\" sizes=\"auto, (max-width: 644px) 100vw, 644px\" \/><\/p>\n<p style=\"text-align: justify;\">La sede centrale della societ\u00e0 \u00e8 localizzata nel nord-est dell&#8217;Italia, a Rubano, alle porte della citt\u00e0 di Padova.<br \/>\nPadova \u00e8 una citt\u00e0 tradizionalmente innovativa, glorioso centro di arte e scienza, conosciuta internazionalmente per la rinomata Universit\u00e0, fondata nel 1222, che attir\u00f2 uomini di scienza e studenti fin dal Medioevo da tutta l&#8217;Europa.<br \/>\nLa Facolt\u00e0 di Medicina, fondata nel 1399 glorioso evento scientifico ben testimoniato dagli edifici storici del Palazzo Bo e dal teatro anatomico dove il genio di Galileo Galilei ha insegnato durante il secolo di XVII. \u00c8 con questa eredit\u00e0 culturale che MEDICO desidera stabilire un genere di relazione ideale.<br \/>\nMEDICO S.p.A., occupa un numero di edifici che ospitano i reparti di: Marketing &amp; Vendite, Ricerca e Sviluppo, Qualit\u00e0, Amministrazione, logistica e Direzione cos\u00ec come gli stabilimenti produttivi. Una linea di produzione di parti meccaniche si trova in Repubblica Ceca.<br \/>\nLa produzione \u00e8 focalizzata sui dispositivi impiantabili (pacemaker e cateteri) ed apparecchiature esterne ( programmatori, PSA Analizzatore di Soglia, ed elettrodi per studi elettrofisiologici invasivi e non invasivi).<br \/>\nMEDICO, con l\u2019obiettivo di offrire un servizio alla Comunit\u00e0 Medica vanta una squadra di Ingegneri e Tecnici estremamente qualificata e specializzata.<br \/>\nIl personale di MEDICO dispone anche di tutte le competenze professionali richieste dalle pi\u00f9 avanzate teorie in organizzazione aziendale e marketing.<br \/>\nLe persone di MEDICO sono fortemente impegnate nello sviluppo di sistemi di stimolazione efficaci ed affidabili orientati alla soddisfazione totale del Cliente.<\/p>\n<hr \/>\n<p align=\"center\"><a href=\"#top\"><img loading=\"lazy\" decoding=\"async\" src=\"https:\/\/medicoweb.com\/main\/wp-content\/uploads\/torna_su.png\" alt=\"\" width=\"28\" height=\"28\" \/> Inizio<\/a><\/p>\n<p>&nbsp;<\/p>\n<p>&nbsp;<\/p>\n<h3><img loading=\"lazy\" decoding=\"async\" class=\"alignnone size-full wp-image-5688\" src=\"https:\/\/medicoweb.com\/main\/wp-content\/uploads\/freccia_gialla.png\" alt=\"\" width=\"27\" height=\"28\" \/>Organizzazione commerciale estera<\/h3>\n<p><img loading=\"lazy\" decoding=\"async\" title=\"ufficio\" src=\"https:\/\/medicoweb.com\/main\/wp-content\/uploads\/ufficio.jpg\" alt=\"\" width=\"644\" height=\"193\" \/><\/p>\n<p style=\"text-align: justify;\">La <span class=\"notranslate\">MEDICO S.p.A.<\/span> \u00e8 presente con una qualificata, preparata e capillare organizzazione di vendita in Italia, nelle principali nazioni europee e in Giappone; \u00e8 inoltre presente in alcune nazioni asiatiche e sudamericane. Notevoli sono gli sforzi attualmente in corso per ampliare il numero di mercati in cui fornire i prodotti. Nella sezione &#8220;Ricerca Collaboratori\/Distributori&#8221; del presente sito si sono indicati i paesi in cui stiamo cercando distributori; per chi fosse interessato si prega di visionare la suddetta sezione e di contattarci utilizzando l\u2019apposita casella postale (o E-Mail).<\/p>\n<hr \/>\n<p>&nbsp;<\/p>\n<h3><img loading=\"lazy\" decoding=\"async\" class=\"alignnone size-full wp-image-5688\" src=\"https:\/\/medicoweb.com\/main\/wp-content\/uploads\/freccia_gialla.png\" alt=\"\" width=\"27\" height=\"28\" \/>Mercati principali<\/h3>\n<p><img loading=\"lazy\" decoding=\"async\" class=\"alignnone\" title=\"mondo\" src=\"https:\/\/medicoweb.com\/main\/wp-content\/uploads\/mondo.jpg\" alt=\"\" width=\"644\" height=\"193\" \/><\/p>\n<p style=\"text-align: justify;\">Nella sua lunga esperienza la <span class=\"notranslate\">MEDICO S.p.A.<\/span> vanta nelle principali nazioni europee, in Giappone e in altri paesi extraeuropei molti clienti ed importanti Centri di impianto che da anni utilizzano con soddisfazione i prodotti <span class=\"notranslate\">MEDICO S.p.A.<\/span>.<\/p>\n<hr \/>\n<p align=\"center\"><a href=\"#top\"><img loading=\"lazy\" decoding=\"async\" src=\"https:\/\/medicoweb.com\/main\/wp-content\/uploads\/torna_su.png\" alt=\"\" width=\"28\" height=\"28\" \/> Inizio<\/a><\/p>\n<p>&nbsp;<\/p>\n<p>&nbsp;<\/p>\n<h3><img loading=\"lazy\" decoding=\"async\" class=\"alignnone size-full wp-image-5688\" src=\"https:\/\/medicoweb.com\/main\/wp-content\/uploads\/freccia_gialla.png\" alt=\"\" width=\"27\" height=\"28\" \/>Marcatura CE dei prodotti<\/h3>\n<p><img loading=\"lazy\" decoding=\"async\" class=\"size-full wp-image-3863 alignnone\" src=\"https:\/\/medicoweb.com\/main\/wp-content\/uploads\/ce_2018.jpg\" alt=\"\" width=\"644\" height=\"193\" srcset=\"https:\/\/medicoweb.com\/main\/wp-content\/uploads\/ce_2018.jpg 644w, https:\/\/medicoweb.com\/main\/wp-content\/uploads\/ce_2018-300x90.jpg 300w\" sizes=\"auto, (max-width: 644px) 100vw, 644px\" \/><\/p>\n<p style=\"text-align: justify;\">Tutti i dipartimenti della <span class=\"notranslate\">MEDICO S.p.A.<\/span> \u2013 Progettazione, Produzione, Assicurazione Qualit\u00e0, Sorveglianza Postvendita &#8211; sono periodicamente ispezionati dall\u2019Organismo Notificato che rilascia i certificati di approvazione del Sistema di Garanzia della Qualit\u00e0 e di Esame del Tipo per ciascun prodotto, dopo attenta verifica del soddisfacimento di tutti i requisiti previsti dalla normativa in vigore. In base all\u2019ottenimento di tali certificati <span class=\"notranslate\">MEDICO S.p.A.<\/span> appone il logo della marcatura CE su tutti i propri dispositivi, che possono quindi essere commercializzati in Italia come in tutti gli altri paesi appartenenti alla Comunit\u00e0 Europea, nonch\u00e9 all\u2019interno di altre nazioni che riconoscono le severe procedure di regolamentazione per l\u2019applicazione della marcatura CE sui dispositivi medici. Molti prodotti sono stati omologati anche in paesi extra europei quali il Giappone. Attualmente tutti i prodotti, pacemaker, cateteri e programmatori, adattatori, accessori e apparecchi per l\u2019effettuazione di misurazioni all\u2019impianto, sono corredati di marcatura CE, a conferma che Ricerca e Sviluppo, Produzione, Post-Marketing, Assicurazione Qualit\u00e0 e gli altri reparti che interagiscono nei processi aziendali, svolgono le loro attivit\u00e0 conformemente alle disposizioni stabilite dalla Comunit\u00e0 Europea, in particolare mediante le direttive 90\/385\/CEE e 93\/42\/CEE.<\/p>\n<hr \/>\n<p>&nbsp;<\/p>\n<p align=\"center\"><a href=\"#top\"><img loading=\"lazy\" decoding=\"async\" src=\"https:\/\/medicoweb.com\/main\/wp-content\/uploads\/torna_su.png\" alt=\"\" width=\"28\" height=\"28\" \/> Inizio<\/a><\/p>\n<p>&nbsp;<\/p>\n<p>&nbsp;<\/p>\n<p style=\"text-align: center;\"><span style=\"text-align: center; font-size: 16px;\"><a href=\"https:\/\/medicoweb.com\/main\/prodotti\/\"> <strong>Prodotti<\/strong><\/a> | <a title=\"Tecnologia\" href=\"https:\/\/medicoweb.com\/main\/tecnologia\/\"><strong>Tecnologia<\/strong><\/a> | <a title=\"Supporto\" href=\"https:\/\/medicoweb.com\/main\/supporto\/\"><strong>Supporto<\/strong><\/a> | <a title=\"Contatti\" href=\"https:\/\/medicoweb.com\/main\/contatti\/\"><strong>Contatti<\/strong><\/a><\/span><\/p>\n","protected":false},"excerpt":{"rendered":"<p>Mission Valorizzare la vita umana con lo sviluppo di una tecnologia superiore e innovativa nell&#8217;applicazione in campo medico dell&#8217;elettrostimolazione con un&#8217;organizzazione efficiente e flessibile guidata dalla gente che ha una motivazione nella vita ed \u00e8 motivata dalla vita. &nbsp; Presentazione&hellip; <\/p>\n","protected":false},"author":1,"featured_media":3709,"parent":0,"menu_order":0,"comment_status":"closed","ping_status":"closed","template":"","meta":{"footnotes":""},"class_list":["post-9","page","type-page","status-publish","has-post-thumbnail","hentry"],"yoast_head":"<!-- This site is optimized with the Yoast SEO plugin v24.0 - https:\/\/yoast.com\/wordpress\/plugins\/seo\/ -->\n<title>L&#039;Azienda - MEDICO S.R.L.<\/title>\n<meta name=\"description\" content=\"La MEDICO S.p.A. \u00e8 stata fondata nel 1973 e a tutt&#039;oggi \u00e8 un&#039;azienda privata ed indipendente. Da oltre 45 anni opera nel campo della cardiostimolazione con lo scopo di garantire a medici e pazienti uno standard tecnologico di alto livello.\" \/>\n<meta name=\"robots\" content=\"index, follow, max-snippet:-1, max-image-preview:large, max-video-preview:-1\" \/>\n<link rel=\"canonical\" href=\"https:\/\/medicoweb.com\/main\/azienda\/\" \/>\n<meta property=\"og:locale\" content=\"it_IT\" \/>\n<meta property=\"og:type\" content=\"article\" \/>\n<meta property=\"og:title\" content=\"L&#039;Azienda - MEDICO S.R.L.\" \/>\n<meta property=\"og:description\" content=\"La MEDICO S.p.A. \u00e8 stata fondata nel 1973 e a tutt&#039;oggi \u00e8 un&#039;azienda privata ed indipendente. Da oltre 45 anni opera nel campo della cardiostimolazione con lo scopo di garantire a medici e pazienti uno standard tecnologico di alto livello.\" \/>\n<meta property=\"og:url\" content=\"https:\/\/medicoweb.com\/main\/azienda\/\" \/>\n<meta property=\"og:site_name\" content=\"MEDICO S.R.L.\" \/>\n<meta property=\"article:publisher\" content=\"https:\/\/www.facebook.com\/MedicoSpa\/\" \/>\n<meta property=\"article:modified_time\" content=\"2022-01-11T08:48:38+00:00\" \/>\n<meta property=\"og:image\" content=\"https:\/\/medicoweb.com\/main\/wp-content\/uploads\/icona_azienda3.png\" \/>\n\t<meta property=\"og:image:width\" content=\"80\" \/>\n\t<meta property=\"og:image:height\" content=\"80\" \/>\n\t<meta property=\"og:image:type\" content=\"image\/png\" \/>\n<meta name=\"twitter:card\" content=\"summary_large_image\" \/>\n<meta name=\"twitter:label1\" content=\"Tempo di lettura stimato\" \/>\n\t<meta name=\"twitter:data1\" content=\"9 minuti\" \/>\n<script type=\"application\/ld+json\" class=\"yoast-schema-graph\">{\"@context\":\"https:\/\/schema.org\",\"@graph\":[{\"@type\":\"WebPage\",\"@id\":\"https:\/\/medicoweb.com\/main\/azienda\/\",\"url\":\"https:\/\/medicoweb.com\/main\/azienda\/\",\"name\":\"L'Azienda - MEDICO S.R.L.\",\"isPartOf\":{\"@id\":\"https:\/\/medicoweb.com\/main\/#website\"},\"primaryImageOfPage\":{\"@id\":\"https:\/\/medicoweb.com\/main\/azienda\/#primaryimage\"},\"image\":{\"@id\":\"https:\/\/medicoweb.com\/main\/azienda\/#primaryimage\"},\"thumbnailUrl\":\"https:\/\/medicoweb.com\/main\/wp-content\/uploads\/icona_azienda3.png\",\"datePublished\":\"2011-12-21T09:06:29+00:00\",\"dateModified\":\"2022-01-11T08:48:38+00:00\",\"description\":\"La MEDICO S.p.A. \u00e8 stata fondata nel 1973 e a tutt'oggi \u00e8 un'azienda privata ed indipendente. Da oltre 45 anni opera nel campo della cardiostimolazione con lo scopo di garantire a medici e pazienti uno standard tecnologico di alto livello.\",\"breadcrumb\":{\"@id\":\"https:\/\/medicoweb.com\/main\/azienda\/#breadcrumb\"},\"inLanguage\":\"it-IT\",\"potentialAction\":[{\"@type\":\"ReadAction\",\"target\":[\"https:\/\/medicoweb.com\/main\/azienda\/\"]}]},{\"@type\":\"ImageObject\",\"inLanguage\":\"it-IT\",\"@id\":\"https:\/\/medicoweb.com\/main\/azienda\/#primaryimage\",\"url\":\"https:\/\/medicoweb.com\/main\/wp-content\/uploads\/icona_azienda3.png\",\"contentUrl\":\"https:\/\/medicoweb.com\/main\/wp-content\/uploads\/icona_azienda3.png\",\"width\":80,\"height\":80},{\"@type\":\"BreadcrumbList\",\"@id\":\"https:\/\/medicoweb.com\/main\/azienda\/#breadcrumb\",\"itemListElement\":[{\"@type\":\"ListItem\",\"position\":1,\"name\":\"Home\",\"item\":\"https:\/\/medicoweb.com\/main\/\"},{\"@type\":\"ListItem\",\"position\":2,\"name\":\"L&#8217;Azienda\"}]},{\"@type\":\"WebSite\",\"@id\":\"https:\/\/medicoweb.com\/main\/#website\",\"url\":\"https:\/\/medicoweb.com\/main\/\",\"name\":\"MEDICO S.p.A.\",\"description\":\"Italian Design For Life\",\"publisher\":{\"@id\":\"https:\/\/medicoweb.com\/main\/#organization\"},\"potentialAction\":[{\"@type\":\"SearchAction\",\"target\":{\"@type\":\"EntryPoint\",\"urlTemplate\":\"https:\/\/medicoweb.com\/main\/?s={search_term_string}\"},\"query-input\":{\"@type\":\"PropertyValueSpecification\",\"valueRequired\":true,\"valueName\":\"search_term_string\"}}],\"inLanguage\":\"it-IT\"},{\"@type\":\"Organization\",\"@id\":\"https:\/\/medicoweb.com\/main\/#organization\",\"name\":\"MEDICO S.p.A.\",\"url\":\"https:\/\/medicoweb.com\/main\/\",\"logo\":{\"@type\":\"ImageObject\",\"inLanguage\":\"it-IT\",\"@id\":\"https:\/\/medicoweb.com\/main\/#\/schema\/logo\/image\/\",\"url\":\"https:\/\/medicoweb.com\/main\/wp-content\/uploads\/logo_medico2016-1.png\",\"contentUrl\":\"https:\/\/medicoweb.com\/main\/wp-content\/uploads\/logo_medico2016-1.png\",\"width\":350,\"height\":84,\"caption\":\"MEDICO S.p.A.\"},\"image\":{\"@id\":\"https:\/\/medicoweb.com\/main\/#\/schema\/logo\/image\/\"},\"sameAs\":[\"https:\/\/www.facebook.com\/MedicoSpa\/\",\"https:\/\/it.linkedin.com\/company\/medico-s.p.a.\",\"https:\/\/www.youtube.com\/channel\/UCobmQUF5q8SwwMSZ00fA65g\"]}]}<\/script>\n<!-- \/ Yoast SEO plugin. -->","yoast_head_json":{"title":"L'Azienda - MEDICO S.R.L.","description":"La MEDICO S.p.A. \u00e8 stata fondata nel 1973 e a tutt'oggi \u00e8 un'azienda privata ed indipendente. Da oltre 45 anni opera nel campo della cardiostimolazione con lo scopo di garantire a medici e pazienti uno standard tecnologico di alto livello.","robots":{"index":"index","follow":"follow","max-snippet":"max-snippet:-1","max-image-preview":"max-image-preview:large","max-video-preview":"max-video-preview:-1"},"canonical":"https:\/\/medicoweb.com\/main\/azienda\/","og_locale":"it_IT","og_type":"article","og_title":"L'Azienda - MEDICO S.R.L.","og_description":"La MEDICO S.p.A. \u00e8 stata fondata nel 1973 e a tutt'oggi \u00e8 un'azienda privata ed indipendente. Da oltre 45 anni opera nel campo della cardiostimolazione con lo scopo di garantire a medici e pazienti uno standard tecnologico di alto livello.","og_url":"https:\/\/medicoweb.com\/main\/azienda\/","og_site_name":"MEDICO S.R.L.","article_publisher":"https:\/\/www.facebook.com\/MedicoSpa\/","article_modified_time":"2022-01-11T08:48:38+00:00","og_image":[{"width":80,"height":80,"url":"https:\/\/medicoweb.com\/main\/wp-content\/uploads\/icona_azienda3.png","type":"image\/png"}],"twitter_card":"summary_large_image","twitter_misc":{"Tempo di lettura stimato":"9 minuti"},"schema":{"@context":"https:\/\/schema.org","@graph":[{"@type":"WebPage","@id":"https:\/\/medicoweb.com\/main\/azienda\/","url":"https:\/\/medicoweb.com\/main\/azienda\/","name":"L'Azienda - MEDICO S.R.L.","isPartOf":{"@id":"https:\/\/medicoweb.com\/main\/#website"},"primaryImageOfPage":{"@id":"https:\/\/medicoweb.com\/main\/azienda\/#primaryimage"},"image":{"@id":"https:\/\/medicoweb.com\/main\/azienda\/#primaryimage"},"thumbnailUrl":"https:\/\/medicoweb.com\/main\/wp-content\/uploads\/icona_azienda3.png","datePublished":"2011-12-21T09:06:29+00:00","dateModified":"2022-01-11T08:48:38+00:00","description":"La MEDICO S.p.A. \u00e8 stata fondata nel 1973 e a tutt'oggi \u00e8 un'azienda privata ed indipendente. Da oltre 45 anni opera nel campo della cardiostimolazione con lo scopo di garantire a medici e pazienti uno standard tecnologico di alto livello.","breadcrumb":{"@id":"https:\/\/medicoweb.com\/main\/azienda\/#breadcrumb"},"inLanguage":"it-IT","potentialAction":[{"@type":"ReadAction","target":["https:\/\/medicoweb.com\/main\/azienda\/"]}]},{"@type":"ImageObject","inLanguage":"it-IT","@id":"https:\/\/medicoweb.com\/main\/azienda\/#primaryimage","url":"https:\/\/medicoweb.com\/main\/wp-content\/uploads\/icona_azienda3.png","contentUrl":"https:\/\/medicoweb.com\/main\/wp-content\/uploads\/icona_azienda3.png","width":80,"height":80},{"@type":"BreadcrumbList","@id":"https:\/\/medicoweb.com\/main\/azienda\/#breadcrumb","itemListElement":[{"@type":"ListItem","position":1,"name":"Home","item":"https:\/\/medicoweb.com\/main\/"},{"@type":"ListItem","position":2,"name":"L&#8217;Azienda"}]},{"@type":"WebSite","@id":"https:\/\/medicoweb.com\/main\/#website","url":"https:\/\/medicoweb.com\/main\/","name":"MEDICO S.p.A.","description":"Italian Design For Life","publisher":{"@id":"https:\/\/medicoweb.com\/main\/#organization"},"potentialAction":[{"@type":"SearchAction","target":{"@type":"EntryPoint","urlTemplate":"https:\/\/medicoweb.com\/main\/?s={search_term_string}"},"query-input":{"@type":"PropertyValueSpecification","valueRequired":true,"valueName":"search_term_string"}}],"inLanguage":"it-IT"},{"@type":"Organization","@id":"https:\/\/medicoweb.com\/main\/#organization","name":"MEDICO S.p.A.","url":"https:\/\/medicoweb.com\/main\/","logo":{"@type":"ImageObject","inLanguage":"it-IT","@id":"https:\/\/medicoweb.com\/main\/#\/schema\/logo\/image\/","url":"https:\/\/medicoweb.com\/main\/wp-content\/uploads\/logo_medico2016-1.png","contentUrl":"https:\/\/medicoweb.com\/main\/wp-content\/uploads\/logo_medico2016-1.png","width":350,"height":84,"caption":"MEDICO S.p.A."},"image":{"@id":"https:\/\/medicoweb.com\/main\/#\/schema\/logo\/image\/"},"sameAs":["https:\/\/www.facebook.com\/MedicoSpa\/","https:\/\/it.linkedin.com\/company\/medico-s.p.a.","https:\/\/www.youtube.com\/channel\/UCobmQUF5q8SwwMSZ00fA65g"]}]}},"_links":{"self":[{"href":"https:\/\/medicoweb.com\/main\/wp-json\/wp\/v2\/pages\/9","targetHints":{"allow":["GET"]}}],"collection":[{"href":"https:\/\/medicoweb.com\/main\/wp-json\/wp\/v2\/pages"}],"about":[{"href":"https:\/\/medicoweb.com\/main\/wp-json\/wp\/v2\/types\/page"}],"author":[{"embeddable":true,"href":"https:\/\/medicoweb.com\/main\/wp-json\/wp\/v2\/users\/1"}],"replies":[{"embeddable":true,"href":"https:\/\/medicoweb.com\/main\/wp-json\/wp\/v2\/comments?post=9"}],"version-history":[{"count":5,"href":"https:\/\/medicoweb.com\/main\/wp-json\/wp\/v2\/pages\/9\/revisions"}],"predecessor-version":[{"id":6824,"href":"https:\/\/medicoweb.com\/main\/wp-json\/wp\/v2\/pages\/9\/revisions\/6824"}],"wp:featuredmedia":[{"embeddable":true,"href":"https:\/\/medicoweb.com\/main\/wp-json\/wp\/v2\/media\/3709"}],"wp:attachment":[{"href":"https:\/\/medicoweb.com\/main\/wp-json\/wp\/v2\/media?parent=9"}],"curies":[{"name":"wp","href":"https:\/\/api.w.org\/{rel}","templated":true}]}}